{"id":30831,"date":"2025-12-30T18:55:47","date_gmt":"2025-12-30T17:55:47","guid":{"rendered":"https:\/\/animicaportraits.com\/product\/mug-en-ceramique-animica-noir-et-rouge-330-ml\/"},"modified":"2025-12-30T18:55:47","modified_gmt":"2025-12-30T17:55:47","slug":"mug-en-ceramique-animica-noir-et-rouge-330-ml","status":"publish","type":"product","link":"https:\/\/animicaportraits.com\/fr\/produit\/mug-en-ceramique-animica-noir-et-rouge-330-ml\/","title":{"rendered":"Mug en c\u00e9ramique Animica, noir et rouge, 330 ml"},"content":{"rendered":"<p><strong>Dimensions :<\/strong> 9,5 x \u00d8 8,0 cm<br \/>\n<strong>Poids :<\/strong> 0,34 kg<br \/>\n<strong>Mat\u00e9riau :<\/strong> C\u00e9ramique<br \/>\n<strong>Couleur :<\/strong> Noir\/Rouge<br \/>\n<strong>Marque :<\/strong> Logo Animica Studio Art Gallery (rouge)<br \/>\n<em>Fabriqu\u00e9 en Italie<\/em><\/p>\n","protected":false},"excerpt":{"rendered":"<p>Avec son design classique, le mug Animica apportera une touche d&rsquo;\u00e9l\u00e9gance \u00e0 votre int\u00e9rieur, que ce soit \u00e0 la maison ou au bureau. Ce mug est disponible en noir avec un logo rouge. D&rsquo;une contenance de 330 ml, il est id\u00e9al pour les boissons chaudes. Sa mati\u00e8re c\u00e9ramique lui conf\u00e8re une excellente r\u00e9sistance \u00e0 la chaleur. Le mug Animica passe au lave-vaisselle (norme EN12875-1).<\/p>\n","protected":false},"featured_media":30801,"comment_status":"open","ping_status":"closed","template":"","meta":{"_acf_changed":false},"attore":[],"product_brand":[],"product_cat":[794],"product_tag":[],"giftcard-category":[],"class_list":{"0":"post-30831","1":"product","2":"type-product","3":"status-publish","4":"has-post-thumbnail","6":"product_cat-marchandisage","8":"first","9":"instock","10":"taxable","11":"shipping-taxable","12":"purchasable","13":"product-type-simple"},"acf":[],"_links":{"self":[{"href":"https:\/\/animicaportraits.com\/fr\/wp-json\/wp\/v2\/product\/30831","targetHints":{"allow":["GET"]}}],"collection":[{"href":"https:\/\/animicaportraits.com\/fr\/wp-json\/wp\/v2\/product"}],"about":[{"href":"https:\/\/animicaportraits.com\/fr\/wp-json\/wp\/v2\/types\/product"}],"replies":[{"embeddable":true,"href":"https:\/\/animicaportraits.com\/fr\/wp-json\/wp\/v2\/comments?post=30831"}],"version-history":[{"count":0,"href":"https:\/\/animicaportraits.com\/fr\/wp-json\/wp\/v2\/product\/30831\/revisions"}],"wp:featuredmedia":[{"embeddable":true,"href":"https:\/\/animicaportraits.com\/fr\/wp-json\/wp\/v2\/media\/30801"}],"wp:attachment":[{"href":"https:\/\/animicaportraits.com\/fr\/wp-json\/wp\/v2\/media?parent=30831"}],"wp:term":[{"taxonomy":"attore","embeddable":true,"href":"https:\/\/animicaportraits.com\/fr\/wp-json\/wp\/v2\/attore?post=30831"},{"taxonomy":"product_brand","embeddable":true,"href":"https:\/\/animicaportraits.com\/fr\/wp-json\/wp\/v2\/product_brand?post=30831"},{"taxonomy":"product_cat","embeddable":true,"href":"https:\/\/animicaportraits.com\/fr\/wp-json\/wp\/v2\/product_cat?post=30831"},{"taxonomy":"product_tag","embeddable":true,"href":"https:\/\/animicaportraits.com\/fr\/wp-json\/wp\/v2\/product_tag?post=30831"},{"taxonomy":"giftcard-category","embeddable":true,"href":"https:\/\/animicaportraits.com\/fr\/wp-json\/wp\/v2\/giftcard-category?post=30831"}],"curies":[{"name":"wp","href":"https:\/\/api.w.org\/{rel}","templated":true}]}}