{"id":30839,"date":"2025-07-18T17:33:54","date_gmt":"2025-07-18T15:33:54","guid":{"rendered":"https:\/\/animicaportraits.com\/product\/casquette-animica-noire-et-rouge-avec-visiere-en-coton-biologique-atlantis\/"},"modified":"2025-07-18T17:33:54","modified_gmt":"2025-07-18T15:33:54","slug":"casquette-animica-noire-et-rouge-avec-visiere-en-coton-biologique-atlantis","status":"publish","type":"product","link":"https:\/\/animicaportraits.com\/fr\/produit\/casquette-animica-noire-et-rouge-avec-visiere-en-coton-biologique-atlantis\/","title":{"rendered":"Casquette Animica noire et rouge avec visi\u00e8re en coton biologique Atlantis"},"content":{"rendered":"<p><strong>Marque\u00a0:<\/strong> Animica Studio<br \/>\n<strong>Devant\u00a0:<\/strong> Impression par sublimation avec logo Animica Studio d\u00e9pos\u00e9<br \/>\n<strong>Taille\u00a0:<\/strong> Ajustable, fermeture en PVC<br \/>\n<strong>Couleur\u00a0:<\/strong> Noir\/Rouge<br \/>\n<strong>Composition\u00a0:<\/strong> 100\u00a0% coton biologique<br \/>\n<strong>Type\u00a0:<\/strong> Casquette<br \/>\n<strong>Fabricant\u00a0:<\/strong> Atlantis (entreprise am\u00e9ricaine certifi\u00e9e)<\/p>\n","protected":false},"excerpt":{"rendered":"<p><strong>Une ic\u00f4ne de style<\/strong> intemporelle\u00a0: La <strong>casquette Animica<\/strong> est bien plus qu\u2019une simple casquette, c\u2019est un <em>symbole de style et de fonctionnalit\u00e9.<\/em><\/p>\n<p><strong>Ajustement parfait<\/strong> pour tous\u00a0: Gr\u00e2ce \u00e0 sa fermeture ajustable, elle s\u2019adapte facilement \u00e0 toutes les morphologies, ce qui la rend pratique et <em>polyvalente pour toutes les g\u00e9n\u00e9rations.<\/em><\/p>\n","protected":false},"featured_media":30411,"comment_status":"open","ping_status":"closed","template":"","meta":{"_acf_changed":false},"attore":[],"product_brand":[],"product_cat":[796],"product_tag":[804,802,803],"giftcard-category":[],"class_list":{"0":"post-30839","1":"product","2":"type-product","3":"status-publish","4":"has-post-thumbnail","6":"product_cat-casquettes","7":"product_tag-atlantis","8":"product_tag-casquettes","9":"product_tag-coton-biologique","11":"first","12":"instock","13":"taxable","14":"shipping-taxable","15":"purchasable","16":"product-type-simple"},"acf":[],"_links":{"self":[{"href":"https:\/\/animicaportraits.com\/fr\/wp-json\/wp\/v2\/product\/30839","targetHints":{"allow":["GET"]}}],"collection":[{"href":"https:\/\/animicaportraits.com\/fr\/wp-json\/wp\/v2\/product"}],"about":[{"href":"https:\/\/animicaportraits.com\/fr\/wp-json\/wp\/v2\/types\/product"}],"replies":[{"embeddable":true,"href":"https:\/\/animicaportraits.com\/fr\/wp-json\/wp\/v2\/comments?post=30839"}],"version-history":[{"count":0,"href":"https:\/\/animicaportraits.com\/fr\/wp-json\/wp\/v2\/product\/30839\/revisions"}],"wp:featuredmedia":[{"embeddable":true,"href":"https:\/\/animicaportraits.com\/fr\/wp-json\/wp\/v2\/media\/30411"}],"wp:attachment":[{"href":"https:\/\/animicaportraits.com\/fr\/wp-json\/wp\/v2\/media?parent=30839"}],"wp:term":[{"taxonomy":"attore","embeddable":true,"href":"https:\/\/animicaportraits.com\/fr\/wp-json\/wp\/v2\/attore?post=30839"},{"taxonomy":"product_brand","embeddable":true,"href":"https:\/\/animicaportraits.com\/fr\/wp-json\/wp\/v2\/product_brand?post=30839"},{"taxonomy":"product_cat","embeddable":true,"href":"https:\/\/animicaportraits.com\/fr\/wp-json\/wp\/v2\/product_cat?post=30839"},{"taxonomy":"product_tag","embeddable":true,"href":"https:\/\/animicaportraits.com\/fr\/wp-json\/wp\/v2\/product_tag?post=30839"},{"taxonomy":"giftcard-category","embeddable":true,"href":"https:\/\/animicaportraits.com\/fr\/wp-json\/wp\/v2\/giftcard-category?post=30839"}],"curies":[{"name":"wp","href":"https:\/\/api.w.org\/{rel}","templated":true}]}}