{"id":30899,"date":"2026-01-02T12:54:45","date_gmt":"2026-01-02T11:54:45","guid":{"rendered":"https:\/\/animicaportraits.com\/product\/portrait-generationnel-la-famille-de-melania\/"},"modified":"2026-01-02T12:54:45","modified_gmt":"2026-01-02T11:54:45","slug":"portrait-generationnel-la-famille-de-melania","status":"publish","type":"product","link":"https:\/\/animicaportraits.com\/fr\/produit\/portrait-generationnel-la-famille-de-melania\/","title":{"rendered":"Portrait g\u00e9n\u00e9rationnel &#8211; La famille de Melania"},"content":{"rendered":"","protected":false},"excerpt":{"rendered":"<p>28 d\u00e9cembre 2025<br \/>\n<strong>Federica<\/strong>, maman <strong>d&rsquo;Olivia<\/strong> et de la petite <strong>Alice<\/strong>, a choisi de faire vivre \u00e0 sa m\u00e8re sicilienne, <strong>Melania<\/strong>, une exp\u00e9rience unique : <strong>une s\u00e9ance photo g\u00e9n\u00e9rationnelle<\/strong> pour <em>c\u00e9l\u00e9brer l&rsquo;amour familial<\/em>, en compagnie de sa s\u0153ur <strong>Roberta<\/strong> et de son fr\u00e8re <strong>Matteo.<\/strong><\/p>\n<p><strong>Melania<\/strong> a fait le voyage depuis Caltagirone, en Sicile, pour immortaliser ce moment pr\u00e9cieux.<\/p>\n<p><em>Photographe : Barbara Pigazzi<\/em><\/p>\n","protected":false},"featured_media":30855,"comment_status":"open","ping_status":"closed","template":"","meta":{"_acf_changed":false},"attore":[],"product_brand":[],"product_cat":[68],"product_tag":[619,69,584],"giftcard-category":[],"class_list":{"0":"post-30899","1":"product","2":"type-product","3":"status-publish","4":"has-post-thumbnail","6":"product_cat-portraits-de-famille","7":"product_tag-photographie-de-portrait-de-famille","8":"product_tag-portraits-de-famille","9":"product_tag-portraits-de-generations","11":"first","12":"instock","13":"taxable","14":"shipping-taxable","15":"product-type-simple"},"acf":[],"_links":{"self":[{"href":"https:\/\/animicaportraits.com\/fr\/wp-json\/wp\/v2\/product\/30899","targetHints":{"allow":["GET"]}}],"collection":[{"href":"https:\/\/animicaportraits.com\/fr\/wp-json\/wp\/v2\/product"}],"about":[{"href":"https:\/\/animicaportraits.com\/fr\/wp-json\/wp\/v2\/types\/product"}],"replies":[{"embeddable":true,"href":"https:\/\/animicaportraits.com\/fr\/wp-json\/wp\/v2\/comments?post=30899"}],"version-history":[{"count":0,"href":"https:\/\/animicaportraits.com\/fr\/wp-json\/wp\/v2\/product\/30899\/revisions"}],"wp:featuredmedia":[{"embeddable":true,"href":"https:\/\/animicaportraits.com\/fr\/wp-json\/wp\/v2\/media\/30855"}],"wp:attachment":[{"href":"https:\/\/animicaportraits.com\/fr\/wp-json\/wp\/v2\/media?parent=30899"}],"wp:term":[{"taxonomy":"attore","embeddable":true,"href":"https:\/\/animicaportraits.com\/fr\/wp-json\/wp\/v2\/attore?post=30899"},{"taxonomy":"product_brand","embeddable":true,"href":"https:\/\/animicaportraits.com\/fr\/wp-json\/wp\/v2\/product_brand?post=30899"},{"taxonomy":"product_cat","embeddable":true,"href":"https:\/\/animicaportraits.com\/fr\/wp-json\/wp\/v2\/product_cat?post=30899"},{"taxonomy":"product_tag","embeddable":true,"href":"https:\/\/animicaportraits.com\/fr\/wp-json\/wp\/v2\/product_tag?post=30899"},{"taxonomy":"giftcard-category","embeddable":true,"href":"https:\/\/animicaportraits.com\/fr\/wp-json\/wp\/v2\/giftcard-category?post=30899"}],"curies":[{"name":"wp","href":"https:\/\/api.w.org\/{rel}","templated":true}]}}