{"id":30934,"date":"2025-08-28T17:50:51","date_gmt":"2025-08-28T15:50:51","guid":{"rendered":"https:\/\/animicaportraits.com\/product\/passepartout-photo-art-karen-5-barbara-pigazzi-auteur\/"},"modified":"2025-08-28T17:50:51","modified_gmt":"2025-08-28T15:50:51","slug":"passepartout-photo-art-karen-5-barbara-pigazzi-auteur","status":"publish","type":"product","link":"https:\/\/animicaportraits.com\/fr\/produit\/passepartout-photo-art-karen-5-barbara-pigazzi-auteur\/","title":{"rendered":"Passepartout Photo Art | Karen #5 | Barbara Pigazzi Auteur"},"content":{"rendered":"<ul>\n<li>Passe-partout ivoire<\/li>\n<li>Paint de 5 cm<\/li>\n<li>Coupe \u00e0 90\u00b0 aux angles<\/li>\n<li>Impression sur papier beaux-arts<\/li>\n<li>Format photo\u00a0: 15 x 20 cm<\/li>\n<li>Dimensions totales\u00a0: 25 x 30 cm<\/li>\n<li>Photos issues de la collection Animica Art Icons (expos\u00e9e au MIA PHOTO FAIR 2020)<\/li>\n<li>Photographe\u00a0: Barbara Pigazzi<\/li>\n<li>Sign\u00e9e pour authentification uniquement au moment de la vente, avant exp\u00e9dition<\/li>\n<li>Emball\u00e9e avec soin dans du papier de soie noir et une enveloppe transparente<\/li>\n<\/ul>\n","protected":false},"excerpt":{"rendered":"<p>Animica Art Icon 2020 &#8211; expos\u00e9e au MIA PHOTO FAIR de Milan. Ce tirage d&rsquo;art mesure 15 x 20 cm et pr\u00e9sente un passe-partout ivoire de 5 cm et des angles \u00e0 90\u00b0.<\/p>\n<p>Les photos font partie de la collection Animica Art Icons, \u00e9galement expos\u00e9e \u00e0 la galerie de Venise.<\/p>\n<p>Le tirage est exp\u00e9di\u00e9 et authentifi\u00e9 uniquement au moment de la vente\u00a0; il est soigneusement emball\u00e9 dans du papier de soie noir et une enveloppe transparente.<\/p>\n<p>#karen_series #2020_animica_collection<\/p>\n","protected":false},"featured_media":28358,"comment_status":"open","ping_status":"closed","template":"","meta":{"_acf_changed":false},"attore":[721],"product_brand":[],"product_cat":[774],"product_tag":[812,811],"giftcard-category":[],"class_list":{"0":"post-30934","1":"product","2":"type-product","3":"status-publish","4":"has-post-thumbnail","6":"attore-karen","7":"product_cat-passepartout-art","8":"product_tag-mia-photo-fair","9":"product_tag-passepartout","11":"first","12":"instock","13":"purchasable","14":"product-type-simple"},"acf":[],"_links":{"self":[{"href":"https:\/\/animicaportraits.com\/fr\/wp-json\/wp\/v2\/product\/30934","targetHints":{"allow":["GET"]}}],"collection":[{"href":"https:\/\/animicaportraits.com\/fr\/wp-json\/wp\/v2\/product"}],"about":[{"href":"https:\/\/animicaportraits.com\/fr\/wp-json\/wp\/v2\/types\/product"}],"replies":[{"embeddable":true,"href":"https:\/\/animicaportraits.com\/fr\/wp-json\/wp\/v2\/comments?post=30934"}],"version-history":[{"count":0,"href":"https:\/\/animicaportraits.com\/fr\/wp-json\/wp\/v2\/product\/30934\/revisions"}],"wp:featuredmedia":[{"embeddable":true,"href":"https:\/\/animicaportraits.com\/fr\/wp-json\/wp\/v2\/media\/28358"}],"wp:attachment":[{"href":"https:\/\/animicaportraits.com\/fr\/wp-json\/wp\/v2\/media?parent=30934"}],"wp:term":[{"taxonomy":"attore","embeddable":true,"href":"https:\/\/animicaportraits.com\/fr\/wp-json\/wp\/v2\/attore?post=30934"},{"taxonomy":"product_brand","embeddable":true,"href":"https:\/\/animicaportraits.com\/fr\/wp-json\/wp\/v2\/product_brand?post=30934"},{"taxonomy":"product_cat","embeddable":true,"href":"https:\/\/animicaportraits.com\/fr\/wp-json\/wp\/v2\/product_cat?post=30934"},{"taxonomy":"product_tag","embeddable":true,"href":"https:\/\/animicaportraits.com\/fr\/wp-json\/wp\/v2\/product_tag?post=30934"},{"taxonomy":"giftcard-category","embeddable":true,"href":"https:\/\/animicaportraits.com\/fr\/wp-json\/wp\/v2\/giftcard-category?post=30934"}],"curies":[{"name":"wp","href":"https:\/\/api.w.org\/{rel}","templated":true}]}}