{"id":30970,"date":"2025-07-21T17:49:38","date_gmt":"2025-07-21T15:49:38","guid":{"rendered":"https:\/\/animicaportraits.com\/product\/t-shirt-en-noir-kevin-costner-celebrites-animica-iconique\/"},"modified":"2025-07-21T17:49:38","modified_gmt":"2025-07-21T15:49:38","slug":"t-shirt-en-noir-kevin-costner-celebrites-animica-iconique","status":"publish","type":"product","link":"https:\/\/animicaportraits.com\/fr\/produit\/t-shirt-en-noir-kevin-costner-celebrites-animica-iconique\/","title":{"rendered":"T-shirt en noir Kevin Costner c\u00e9l\u00e9brit\u00e9s &#8211; Animica Iconique"},"content":{"rendered":"<ul>\n<li>100 % coton biologique<\/li>\n<li>Col rond<\/li>\n<li>Manches courtes<\/li>\n<li>Photo de Kevin Costner, 81e Festival international du film de Venise, imprim\u00e9e sur le devant\u00a0; nom de l\u2019acteur\/actrice imprim\u00e9 au dos<\/li>\n<li>Copyright\u00a0: Barbara Pigazzi, photographe<\/li>\n<li>Logo Animica Portraits imprim\u00e9 au dos<\/li>\n<li>Fabriqu\u00e9 en Italie<\/li>\n<\/ul>\n<p>Composition\u00a0: 100\u00a0% coton biologique<br \/>\nR\u00e9f\u00e9rence produit\u00a0: 81KCTS0774M1<\/p>\n","protected":false},"excerpt":{"rendered":"<p><strong>T-shirt Kevin Costner<\/strong> imprim\u00e9 d&rsquo;une photographie haute r\u00e9solution<\/p>\n<p>Confectionn\u00e9 en jersey simple 100 % coton biologique peign\u00e9, ce t-shirt a \u00e9t\u00e9 pr\u00e9lav\u00e9 pour un confort optimal. Avec un grammage de 180 g\/m\u00b2, il offre un \u00e9quilibre parfait entre l\u00e9g\u00e8ret\u00e9 et qualit\u00e9.<\/p>\n<p>T-shirt Kevin Costner en coton noir.<\/p>\n<p>81e Festival international du film de Venise &#8211; Tapis rouge &#8211; \u00a9 Barbara Pigazzi Photography<\/p>\n","protected":false},"featured_media":27099,"comment_status":"open","ping_status":"closed","template":"","meta":{"_acf_changed":false},"attore":[],"product_brand":[],"product_cat":[790,798],"product_tag":[814,807],"giftcard-category":[],"class_list":{"0":"post-30970","1":"product","2":"type-product","3":"status-publish","4":"has-post-thumbnail","6":"product_cat-habillement","7":"product_cat-t-shirt","8":"product_tag-kevin-costner","9":"product_tag-t-shirt","11":"first","12":"instock","13":"taxable","14":"shipping-taxable","15":"purchasable","16":"product-type-variable"},"acf":[],"_links":{"self":[{"href":"https:\/\/animicaportraits.com\/fr\/wp-json\/wp\/v2\/product\/30970","targetHints":{"allow":["GET"]}}],"collection":[{"href":"https:\/\/animicaportraits.com\/fr\/wp-json\/wp\/v2\/product"}],"about":[{"href":"https:\/\/animicaportraits.com\/fr\/wp-json\/wp\/v2\/types\/product"}],"replies":[{"embeddable":true,"href":"https:\/\/animicaportraits.com\/fr\/wp-json\/wp\/v2\/comments?post=30970"}],"version-history":[{"count":0,"href":"https:\/\/animicaportraits.com\/fr\/wp-json\/wp\/v2\/product\/30970\/revisions"}],"wp:featuredmedia":[{"embeddable":true,"href":"https:\/\/animicaportraits.com\/fr\/wp-json\/wp\/v2\/media\/27099"}],"wp:attachment":[{"href":"https:\/\/animicaportraits.com\/fr\/wp-json\/wp\/v2\/media?parent=30970"}],"wp:term":[{"taxonomy":"attore","embeddable":true,"href":"https:\/\/animicaportraits.com\/fr\/wp-json\/wp\/v2\/attore?post=30970"},{"taxonomy":"product_brand","embeddable":true,"href":"https:\/\/animicaportraits.com\/fr\/wp-json\/wp\/v2\/product_brand?post=30970"},{"taxonomy":"product_cat","embeddable":true,"href":"https:\/\/animicaportraits.com\/fr\/wp-json\/wp\/v2\/product_cat?post=30970"},{"taxonomy":"product_tag","embeddable":true,"href":"https:\/\/animicaportraits.com\/fr\/wp-json\/wp\/v2\/product_tag?post=30970"},{"taxonomy":"giftcard-category","embeddable":true,"href":"https:\/\/animicaportraits.com\/fr\/wp-json\/wp\/v2\/giftcard-category?post=30970"}],"curies":[{"name":"wp","href":"https:\/\/api.w.org\/{rel}","templated":true}]}}