{"id":30976,"date":"2026-01-08T18:10:49","date_gmt":"2026-01-08T17:10:49","guid":{"rendered":"https:\/\/animicaportraits.com\/?post_type=product&#038;p=30976"},"modified":"2026-01-28T19:39:16","modified_gmt":"2026-01-28T18:39:16","slug":"t-shirt-en-noir-jacob-elordi-celebrites-animica-iconique-copy","status":"publish","type":"product","link":"https:\/\/animicaportraits.com\/fr\/produit\/t-shirt-en-noir-jacob-elordi-celebrites-animica-iconique-copy\/","title":{"rendered":"T-shirt noir Barbara Pigazzi #1 &#8211; Animica Iconique"},"content":{"rendered":"<ul>\n<li>220 g\/m\u00b2<\/li>\n<li>100 % coton (issu de la fili\u00e8re Better Cotton)<\/li>\n<li>Style v\u00e9ritablement unisexe avec coutures lat\u00e9rales<\/li>\n<li>Tissu r\u00e9sistant au toucher premium<\/li>\n<li>Look streetwear authentique<\/li>\n<li>Col c\u00f4tel\u00e9 apparent pour un look authentique<\/li>\n<li>\u00c9paules tombantes et coupe ample et d\u00e9contract\u00e9e<\/li>\n<li>Solution \u00ab B&amp;C No Label \u00bb pour un rebranding facile<\/li>\n<li>Col rond<\/li>\n<li>Manches courtes<\/li>\n<li>Photo de Barbara Pigazzi<\/li>\n<li>Fabriqu\u00e9 en Italie<\/li>\n<\/ul>\n","protected":false},"excerpt":{"rendered":"<p><strong>T-shirt noir Barbara Pigazzi<\/strong> imprim\u00e9 en <em>haute r\u00e9solution.<\/em><\/p>\n<p>Confectionn\u00e9 en 100 % coton (issu de la fili\u00e8re Better Cotton), le tissu a \u00e9t\u00e9 lav\u00e9 pour un confort optimal. Avec un grammage de 200 g\/m\u00b2, ce t-shirt offre un \u00e9quilibre parfait entre l\u00e9g\u00e8ret\u00e9 et qualit\u00e9.<\/p>\n<p>T-shirt en coton noir avec imprim\u00e9 recto verso &#8211; Cr\u00e9dit photo\u00a0: <strong>Marco Luce<\/strong> Photography<\/p>\n<p><strong>Qui est Barbara Pigazzi ?<\/strong><br \/>\nArtiste, photographe, performeuse v\u00e9nitienne contemporaine, elle se distingue par une profonde sensibilit\u00e9 introspective et une narration visuelle oscillant entre r\u00e9alit\u00e9 et astrazione.<\/p>\n","protected":false},"featured_media":31212,"comment_status":"open","ping_status":"closed","template":"","meta":{"_acf_changed":false},"attore":[],"product_brand":[],"product_cat":[790,798],"product_tag":[820,807],"giftcard-category":[],"class_list":{"0":"post-30976","1":"product","2":"type-product","3":"status-publish","4":"has-post-thumbnail","6":"product_cat-habillement","7":"product_cat-t-shirt","8":"product_tag-barbara-pigazzi","9":"product_tag-t-shirt","11":"first","12":"instock","13":"taxable","14":"shipping-taxable","15":"purchasable","16":"product-type-variable"},"acf":[],"_links":{"self":[{"href":"https:\/\/animicaportraits.com\/fr\/wp-json\/wp\/v2\/product\/30976","targetHints":{"allow":["GET"]}}],"collection":[{"href":"https:\/\/animicaportraits.com\/fr\/wp-json\/wp\/v2\/product"}],"about":[{"href":"https:\/\/animicaportraits.com\/fr\/wp-json\/wp\/v2\/types\/product"}],"replies":[{"embeddable":true,"href":"https:\/\/animicaportraits.com\/fr\/wp-json\/wp\/v2\/comments?post=30976"}],"version-history":[{"count":1,"href":"https:\/\/animicaportraits.com\/fr\/wp-json\/wp\/v2\/product\/30976\/revisions"}],"predecessor-version":[{"id":31006,"href":"https:\/\/animicaportraits.com\/fr\/wp-json\/wp\/v2\/product\/30976\/revisions\/31006"}],"wp:featuredmedia":[{"embeddable":true,"href":"https:\/\/animicaportraits.com\/fr\/wp-json\/wp\/v2\/media\/31212"}],"wp:attachment":[{"href":"https:\/\/animicaportraits.com\/fr\/wp-json\/wp\/v2\/media?parent=30976"}],"wp:term":[{"taxonomy":"attore","embeddable":true,"href":"https:\/\/animicaportraits.com\/fr\/wp-json\/wp\/v2\/attore?post=30976"},{"taxonomy":"product_brand","embeddable":true,"href":"https:\/\/animicaportraits.com\/fr\/wp-json\/wp\/v2\/product_brand?post=30976"},{"taxonomy":"product_cat","embeddable":true,"href":"https:\/\/animicaportraits.com\/fr\/wp-json\/wp\/v2\/product_cat?post=30976"},{"taxonomy":"product_tag","embeddable":true,"href":"https:\/\/animicaportraits.com\/fr\/wp-json\/wp\/v2\/product_tag?post=30976"},{"taxonomy":"giftcard-category","embeddable":true,"href":"https:\/\/animicaportraits.com\/fr\/wp-json\/wp\/v2\/giftcard-category?post=30976"}],"curies":[{"name":"wp","href":"https:\/\/api.w.org\/{rel}","templated":true}]}}