{"id":31225,"date":"2026-01-28T19:48:45","date_gmt":"2026-01-28T18:48:45","guid":{"rendered":"https:\/\/animicaportraits.com\/?post_type=product&#038;p=31225"},"modified":"2026-01-28T20:14:34","modified_gmt":"2026-01-28T19:14:34","slug":"t-shirt-noir-barbara-pigazzi-1-animica-iconique-copy","status":"publish","type":"product","link":"https:\/\/animicaportraits.com\/fr\/produit\/t-shirt-noir-barbara-pigazzi-1-animica-iconique-copy\/","title":{"rendered":"T-shirt noir Najwa Nimri &#8211; Animica Iconique"},"content":{"rendered":"<ul>\n<li>220 g\/m\u00b2<\/li>\n<li>100 % coton (issu de la fili\u00e8re Better Cotton)<\/li>\n<li>Style v\u00e9ritablement unisexe avec coutures lat\u00e9rales<\/li>\n<li>Tissu r\u00e9sistant au toucher premium<\/li>\n<li>Look streetwear authentique<\/li>\n<li>Col c\u00f4tel\u00e9 apparent pour un look authentique<\/li>\n<li>\u00c9paules tombantes et coupe ample et d\u00e9contract\u00e9e<\/li>\n<li>Solution \u00ab B&amp;C No Label \u00bb pour un rebranding facile<\/li>\n<li>Col rond<\/li>\n<li>Manches courtes<\/li>\n<li>Photo de Najwa Nimri<\/li>\n<li>Cr\u00e9dit photo : Barbara Pigazzi Photography<\/li>\n<li>Fabriqu\u00e9 en Italie<\/li>\n<\/ul>\n","protected":false},"excerpt":{"rendered":"<p><strong>T-shirt noir Najwa Nimri imprim\u00e9 en haute r\u00e9solution<\/strong><\/p>\n<p>Confectionn\u00e9 en 100 % coton (gr\u00e2ce \u00e0 un investissement dans Better Cotton), ce t-shirt a \u00e9t\u00e9 lav\u00e9 pour un confort optimal. Avec un grammage de 200 g\/m\u00b2, il offre un \u00e9quilibre parfait entre l\u00e9g\u00e8ret\u00e9 et qualit\u00e9.<\/p>\n<p>T-shirt noir en coton avec imprim\u00e9 sur le devant &#8211; <strong>Cr\u00e9dit photo : Barbara Pigazzi Photography<\/strong><\/p>\n<p><strong>Qui est Najwa Nimri ?<\/strong><\/p>\n<p><strong>Muse, rebelle, l\u00e9gende.<\/strong> Emportez toujours avec vous l&rsquo;\u00e9nergie communicative de Najwa Nimri. Ce clich\u00e9 exclusif du Festival immortalise l&rsquo;actrice \u2013 l&rsquo;inoubliable et impitoyable <strong>Alicia Sierra<\/strong> de <strong>La Casa di Carta<\/strong> \u2013 dans un moment de pure magie cin\u00e9matographique. Bien plus qu&rsquo;un simple t-shirt, c&rsquo;est une d\u00e9claration d&rsquo;amour au talent unique de l&rsquo;une des figures les plus embl\u00e9matiques du petit et du grand \u00e9cran.<\/p>\n<p>Link: <a href=\"https:\/\/it.wikipedia.org\/wiki\/Najwa_Nimri\" target=\"_blank\" rel=\"noopener\">Wikipedia<\/a><\/p>\n","protected":false},"featured_media":31230,"comment_status":"open","ping_status":"closed","template":"","meta":{"_acf_changed":false},"attore":[],"product_brand":[],"product_cat":[790,798],"product_tag":[822,807],"giftcard-category":[],"class_list":{"0":"post-31225","1":"product","2":"type-product","3":"status-publish","4":"has-post-thumbnail","6":"product_cat-habillement","7":"product_cat-t-shirt","8":"product_tag-najwa-nimri","9":"product_tag-t-shirt","11":"first","12":"instock","13":"taxable","14":"shipping-taxable","15":"purchasable","16":"product-type-variable"},"acf":[],"_links":{"self":[{"href":"https:\/\/animicaportraits.com\/fr\/wp-json\/wp\/v2\/product\/31225","targetHints":{"allow":["GET"]}}],"collection":[{"href":"https:\/\/animicaportraits.com\/fr\/wp-json\/wp\/v2\/product"}],"about":[{"href":"https:\/\/animicaportraits.com\/fr\/wp-json\/wp\/v2\/types\/product"}],"replies":[{"embeddable":true,"href":"https:\/\/animicaportraits.com\/fr\/wp-json\/wp\/v2\/comments?post=31225"}],"version-history":[{"count":2,"href":"https:\/\/animicaportraits.com\/fr\/wp-json\/wp\/v2\/product\/31225\/revisions"}],"predecessor-version":[{"id":31241,"href":"https:\/\/animicaportraits.com\/fr\/wp-json\/wp\/v2\/product\/31225\/revisions\/31241"}],"wp:featuredmedia":[{"embeddable":true,"href":"https:\/\/animicaportraits.com\/fr\/wp-json\/wp\/v2\/media\/31230"}],"wp:attachment":[{"href":"https:\/\/animicaportraits.com\/fr\/wp-json\/wp\/v2\/media?parent=31225"}],"wp:term":[{"taxonomy":"attore","embeddable":true,"href":"https:\/\/animicaportraits.com\/fr\/wp-json\/wp\/v2\/attore?post=31225"},{"taxonomy":"product_brand","embeddable":true,"href":"https:\/\/animicaportraits.com\/fr\/wp-json\/wp\/v2\/product_brand?post=31225"},{"taxonomy":"product_cat","embeddable":true,"href":"https:\/\/animicaportraits.com\/fr\/wp-json\/wp\/v2\/product_cat?post=31225"},{"taxonomy":"product_tag","embeddable":true,"href":"https:\/\/animicaportraits.com\/fr\/wp-json\/wp\/v2\/product_tag?post=31225"},{"taxonomy":"giftcard-category","embeddable":true,"href":"https:\/\/animicaportraits.com\/fr\/wp-json\/wp\/v2\/giftcard-category?post=31225"}],"curies":[{"name":"wp","href":"https:\/\/api.w.org\/{rel}","templated":true}]}}