{"id":32171,"date":"2026-02-25T23:23:18","date_gmt":"2026-02-25T22:23:18","guid":{"rendered":"https:\/\/animicaportraits.com\/product\/les-soeurs-ayrault\/"},"modified":"2026-02-25T23:23:18","modified_gmt":"2026-02-25T22:23:18","slug":"les-soeurs-ayrault","status":"publish","type":"product","link":"https:\/\/animicaportraits.com\/fr\/produit\/les-soeurs-ayrault\/","title":{"rendered":"Les s\u0153urs Ayrault"},"content":{"rendered":"","protected":false},"excerpt":{"rendered":"<p><strong>Bon cadeau<\/strong> de <strong>Dominique<\/strong> \u00e0 sa <em>s\u0153ur<\/em> <strong>Pascale<\/strong>.<br \/>\nElles sont venues de France pour c\u00e9l\u00e9brer leur union avec un <strong>portrait sign\u00e9<\/strong>, imprim\u00e9 et encadr\u00e9 par <strong>Barbara Pigazzi<\/strong> de la galerie d&rsquo;art Animica Studio \u00e0 Venise, destin\u00e9 \u00e0 leur maison fran\u00e7aise.<\/p>\n<p><strong>Pascale<\/strong> est une peintre reconnue qui vit et travaille \u00e0 Dieppe, en Normandie.<\/p>\n<p><em>9 f\u00e9vrier 2026, Giudecca, Venise<\/em><\/p>\n","protected":false},"featured_media":32159,"comment_status":"open","ping_status":"closed","template":"","meta":{"_acf_changed":false},"attore":[],"product_brand":[],"product_cat":[68],"product_tag":[619],"giftcard-category":[],"class_list":{"0":"post-32171","1":"product","2":"type-product","3":"status-publish","4":"has-post-thumbnail","6":"product_cat-portraits-de-famille","7":"product_tag-photographie-de-portrait-de-famille","9":"first","10":"instock","11":"taxable","12":"shipping-taxable","13":"product-type-simple"},"acf":[],"_links":{"self":[{"href":"https:\/\/animicaportraits.com\/fr\/wp-json\/wp\/v2\/product\/32171","targetHints":{"allow":["GET"]}}],"collection":[{"href":"https:\/\/animicaportraits.com\/fr\/wp-json\/wp\/v2\/product"}],"about":[{"href":"https:\/\/animicaportraits.com\/fr\/wp-json\/wp\/v2\/types\/product"}],"replies":[{"embeddable":true,"href":"https:\/\/animicaportraits.com\/fr\/wp-json\/wp\/v2\/comments?post=32171"}],"version-history":[{"count":0,"href":"https:\/\/animicaportraits.com\/fr\/wp-json\/wp\/v2\/product\/32171\/revisions"}],"wp:featuredmedia":[{"embeddable":true,"href":"https:\/\/animicaportraits.com\/fr\/wp-json\/wp\/v2\/media\/32159"}],"wp:attachment":[{"href":"https:\/\/animicaportraits.com\/fr\/wp-json\/wp\/v2\/media?parent=32171"}],"wp:term":[{"taxonomy":"attore","embeddable":true,"href":"https:\/\/animicaportraits.com\/fr\/wp-json\/wp\/v2\/attore?post=32171"},{"taxonomy":"product_brand","embeddable":true,"href":"https:\/\/animicaportraits.com\/fr\/wp-json\/wp\/v2\/product_brand?post=32171"},{"taxonomy":"product_cat","embeddable":true,"href":"https:\/\/animicaportraits.com\/fr\/wp-json\/wp\/v2\/product_cat?post=32171"},{"taxonomy":"product_tag","embeddable":true,"href":"https:\/\/animicaportraits.com\/fr\/wp-json\/wp\/v2\/product_tag?post=32171"},{"taxonomy":"giftcard-category","embeddable":true,"href":"https:\/\/animicaportraits.com\/fr\/wp-json\/wp\/v2\/giftcard-category?post=32171"}],"curies":[{"name":"wp","href":"https:\/\/api.w.org\/{rel}","templated":true}]}}