{"id":33613,"date":"2026-04-08T23:33:09","date_gmt":"2026-04-08T21:33:09","guid":{"rendered":"https:\/\/animicaportraits.com\/product\/michela-et-toffee-labrador\/"},"modified":"2026-04-08T23:44:16","modified_gmt":"2026-04-08T21:44:16","slug":"michela-et-toffee-labrador","status":"publish","type":"product","link":"https:\/\/animicaportraits.com\/fr\/produit\/michela-et-toffee-labrador\/","title":{"rendered":"Michela et Toffee Labrador"},"content":{"rendered":"","protected":false},"excerpt":{"rendered":"<p><strong>Alice<\/strong>, accompagn\u00e9e de sa pr\u00e9cieuse\u00a0<em>Yorkshire terrier<\/em>\u00a0<strong>Belinda<\/strong>, et son amie et coll\u00e8gue\u00a0<strong>Michela<\/strong>, avec son adorable\u00a0<em>Labrador<\/em>\u00a0chocolat de 5 ans,\u00a0<strong>Toffee<\/strong>, ont c\u00e9l\u00e9br\u00e9 leurs 33 ans de collaboration au sein de leur agence d\u2019architecture et de design \u00e0 Padoue,<strong>\u00a0<a href=\"https:\/\/www.arredoio.it\/\" target=\"_blank\" rel=\"noopener\">Arredo Io.<\/a><\/strong><\/p>\n<p>Elles se sont offert une\u00a0<strong>s\u00e9ance photo personnalis\u00e9e<\/strong>\u00a0avec leurs fid\u00e8les compagnons \u00e0 quatre pattes, r\u00e9alis\u00e9e par B<strong>arbara Pigazzi.<\/strong>\u00a0Ce moment sera sublim\u00e9 par le tirage souvenir\u00a0<em>\u00ab\u00a0Legacy\u00a0\u00bb, une impression sur m\u00e9tal<\/em>\u00a0poli encadr\u00e9e d\u2019un cadre gris anthracite.<\/p>\n","protected":false},"featured_media":33578,"comment_status":"open","ping_status":"closed","template":"","meta":{"_acf_changed":false},"attore":[],"product_brand":[],"product_cat":[766],"product_tag":[839,849],"giftcard-category":[],"class_list":{"0":"post-33613","1":"product","2":"type-product","3":"status-publish","4":"has-post-thumbnail","6":"product_cat-portraits-animaux-de-compagnie","7":"product_tag-portraits-danimaux-de-compagnie","8":"product_tag-yorkshire","10":"first","11":"instock","12":"taxable","13":"shipping-taxable","14":"product-type-simple"},"acf":[],"_links":{"self":[{"href":"https:\/\/animicaportraits.com\/fr\/wp-json\/wp\/v2\/product\/33613","targetHints":{"allow":["GET"]}}],"collection":[{"href":"https:\/\/animicaportraits.com\/fr\/wp-json\/wp\/v2\/product"}],"about":[{"href":"https:\/\/animicaportraits.com\/fr\/wp-json\/wp\/v2\/types\/product"}],"replies":[{"embeddable":true,"href":"https:\/\/animicaportraits.com\/fr\/wp-json\/wp\/v2\/comments?post=33613"}],"version-history":[{"count":1,"href":"https:\/\/animicaportraits.com\/fr\/wp-json\/wp\/v2\/product\/33613\/revisions"}],"predecessor-version":[{"id":33614,"href":"https:\/\/animicaportraits.com\/fr\/wp-json\/wp\/v2\/product\/33613\/revisions\/33614"}],"wp:featuredmedia":[{"embeddable":true,"href":"https:\/\/animicaportraits.com\/fr\/wp-json\/wp\/v2\/media\/33578"}],"wp:attachment":[{"href":"https:\/\/animicaportraits.com\/fr\/wp-json\/wp\/v2\/media?parent=33613"}],"wp:term":[{"taxonomy":"attore","embeddable":true,"href":"https:\/\/animicaportraits.com\/fr\/wp-json\/wp\/v2\/attore?post=33613"},{"taxonomy":"product_brand","embeddable":true,"href":"https:\/\/animicaportraits.com\/fr\/wp-json\/wp\/v2\/product_brand?post=33613"},{"taxonomy":"product_cat","embeddable":true,"href":"https:\/\/animicaportraits.com\/fr\/wp-json\/wp\/v2\/product_cat?post=33613"},{"taxonomy":"product_tag","embeddable":true,"href":"https:\/\/animicaportraits.com\/fr\/wp-json\/wp\/v2\/product_tag?post=33613"},{"taxonomy":"giftcard-category","embeddable":true,"href":"https:\/\/animicaportraits.com\/fr\/wp-json\/wp\/v2\/giftcard-category?post=33613"}],"curies":[{"name":"wp","href":"https:\/\/api.w.org\/{rel}","templated":true}]}}