{"id":33806,"date":"2026-04-16T18:59:57","date_gmt":"2026-04-16T16:59:57","guid":{"rendered":"https:\/\/animicaportraits.com\/product\/la-famille-dheloise-et-keen\/"},"modified":"2026-04-16T18:59:57","modified_gmt":"2026-04-16T16:59:57","slug":"la-famille-dheloise-et-keen","status":"publish","type":"product","link":"https:\/\/animicaportraits.com\/fr\/produit\/la-famille-dheloise-et-keen\/","title":{"rendered":"La famille d&rsquo;H\u00e9lo\u00efse et Keen"},"content":{"rendered":"","protected":false},"excerpt":{"rendered":"<p><strong>H\u00e9lo\u00efse<\/strong> et son mari <strong>Keen<\/strong>, accompagn\u00e9s de leurs enfants <strong>Margaux<\/strong> et <strong>Mathys<\/strong>, originaires <em>d&rsquo;Auray<\/em>, en <em>Bretagne<\/em>, ont choisi de s&rsquo;offrir l&rsquo;exp\u00e9rience d&rsquo;un <strong>portrait d&rsquo;artiste, sign\u00e9<\/strong>, tir\u00e9 et comment\u00e9 par <strong>Barbara Pigazzi.<\/strong><\/p>\n<p>De <em>France<\/em> \u00e0 <em>Venise<\/em>, pour un souvenir impr\u00e9gn\u00e9 d&rsquo;\u00e9ternit\u00e9, associ\u00e9 \u00e0 une <strong>exp\u00e9rience multisensorielle gr\u00e2ce au parfum de Pauline Rochas.<\/strong> Ici, la photographie se fait \u00e0 nouveau le langage de <em>l&rsquo;\u00e9coute<\/em>, de la v\u00e9rit\u00e9 et de <em>l&rsquo;authenticit\u00e9<\/em>, et l&rsquo;humanit\u00e9 est <em>au c\u0153ur de la philosophie d&rsquo;Animica.<\/em><\/p>\n","protected":false},"featured_media":33773,"comment_status":"open","ping_status":"closed","template":"","meta":{"_acf_changed":false},"attore":[],"product_brand":[],"product_cat":[68],"product_tag":[619,69],"giftcard-category":[],"class_list":{"0":"post-33806","1":"product","2":"type-product","3":"status-publish","4":"has-post-thumbnail","6":"product_cat-portraits-de-famille","7":"product_tag-photographie-de-portrait-de-famille","8":"product_tag-portraits-de-famille","10":"first","11":"instock","12":"taxable","13":"shipping-taxable","14":"product-type-simple"},"acf":[],"_links":{"self":[{"href":"https:\/\/animicaportraits.com\/fr\/wp-json\/wp\/v2\/product\/33806","targetHints":{"allow":["GET"]}}],"collection":[{"href":"https:\/\/animicaportraits.com\/fr\/wp-json\/wp\/v2\/product"}],"about":[{"href":"https:\/\/animicaportraits.com\/fr\/wp-json\/wp\/v2\/types\/product"}],"replies":[{"embeddable":true,"href":"https:\/\/animicaportraits.com\/fr\/wp-json\/wp\/v2\/comments?post=33806"}],"version-history":[{"count":0,"href":"https:\/\/animicaportraits.com\/fr\/wp-json\/wp\/v2\/product\/33806\/revisions"}],"wp:featuredmedia":[{"embeddable":true,"href":"https:\/\/animicaportraits.com\/fr\/wp-json\/wp\/v2\/media\/33773"}],"wp:attachment":[{"href":"https:\/\/animicaportraits.com\/fr\/wp-json\/wp\/v2\/media?parent=33806"}],"wp:term":[{"taxonomy":"attore","embeddable":true,"href":"https:\/\/animicaportraits.com\/fr\/wp-json\/wp\/v2\/attore?post=33806"},{"taxonomy":"product_brand","embeddable":true,"href":"https:\/\/animicaportraits.com\/fr\/wp-json\/wp\/v2\/product_brand?post=33806"},{"taxonomy":"product_cat","embeddable":true,"href":"https:\/\/animicaportraits.com\/fr\/wp-json\/wp\/v2\/product_cat?post=33806"},{"taxonomy":"product_tag","embeddable":true,"href":"https:\/\/animicaportraits.com\/fr\/wp-json\/wp\/v2\/product_tag?post=33806"},{"taxonomy":"giftcard-category","embeddable":true,"href":"https:\/\/animicaportraits.com\/fr\/wp-json\/wp\/v2\/giftcard-category?post=33806"}],"curies":[{"name":"wp","href":"https:\/\/api.w.org\/{rel}","templated":true}]}}