{"id":34189,"date":"2026-04-29T11:55:00","date_gmt":"2026-04-29T09:55:00","guid":{"rendered":"https:\/\/animicaportraits.com\/product\/melissa\/"},"modified":"2026-04-29T11:55:00","modified_gmt":"2026-04-29T09:55:00","slug":"melissa","status":"publish","type":"product","link":"https:\/\/animicaportraits.com\/fr\/produit\/melissa\/","title":{"rendered":"Melissa"},"content":{"rendered":"","protected":false},"excerpt":{"rendered":"<p><strong>Melissa<\/strong>, 21 ans, originaire de Padoue, a re\u00e7u de sa meilleure amie <strong>Rebecca<\/strong> un bon cadeau pour <strong>une s\u00e9ance photo multisensorielle avec Barbara Pigazzi.<\/strong><\/p>\n<p>Lors de cette s\u00e9ance, <strong>Melissa<\/strong> a choisi <em>le parfum Pauline Rochas n\u00b0 3, Light in a Bottle,<\/em> dont <strong>Animica Studio ART GALLERY est l&rsquo;ambassadrice en Italie.<\/strong><\/p>\n<p><img fetchpriority=\"high\" decoding=\"async\" class=\"alignnone wp-image-23747 size-large\" src=\"https:\/\/animicaportraits.com\/wp-content\/uploads\/2025\/03\/essence-N-3-Light-in-a-Bottle-Box-Pauline-Rochas-981x1024.jpg\" alt=\"essence-N-3-Light-in-a-Bottle-Box-Pauline-Rochas\" width=\"800\" height=\"835\" srcset=\"https:\/\/animicaportraits.com\/wp-content\/uploads\/2025\/03\/essence-N-3-Light-in-a-Bottle-Box-Pauline-Rochas-981x1024.jpg 981w, https:\/\/animicaportraits.com\/wp-content\/uploads\/2025\/03\/essence-N-3-Light-in-a-Bottle-Box-Pauline-Rochas-300x313.jpg 300w, https:\/\/animicaportraits.com\/wp-content\/uploads\/2025\/03\/essence-N-3-Light-in-a-Bottle-Box-Pauline-Rochas-600x626.jpg 600w, https:\/\/animicaportraits.com\/wp-content\/uploads\/2025\/03\/essence-N-3-Light-in-a-Bottle-Box-Pauline-Rochas-288x300.jpg 288w, https:\/\/animicaportraits.com\/wp-content\/uploads\/2025\/03\/essence-N-3-Light-in-a-Bottle-Box-Pauline-Rochas-768x801.jpg 768w, https:\/\/animicaportraits.com\/wp-content\/uploads\/2025\/03\/essence-N-3-Light-in-a-Bottle-Box-Pauline-Rochas.jpg 1200w\" sizes=\"(max-width: 800px) 100vw, 800px\" \/><\/p>\n<p><strong>Chakra n\u00b0 3<\/strong> &#8211; Plexus solaire<br \/>\nConfiante, forte et accomplie.<br \/>\nFamille olfactive : Florale-Agrumes<\/p>\n<p><em>Light in a Bottle est un parfum floral-agrume \u00e9labor\u00e9 \u00e0 partir d&rsquo;ingr\u00e9dients gorg\u00e9s de soleil.<\/em><\/p>\n<p><em>Des notes vibrantes d&rsquo;agrumes italiens, de n\u00e9roli et de jasmin d&rsquo;\u00c9gypte s&rsquo;entrem\u00ealent et scintillent sur un fond rafra\u00eechissant de cardamome, de musc et de baies de geni\u00e8vre.<\/em><\/p>\n","protected":false},"featured_media":34167,"comment_status":"open","ping_status":"closed","template":"","meta":{"_acf_changed":false},"attore":[],"product_brand":[],"product_cat":[230],"product_tag":[880,95,580,231],"giftcard-category":[],"class_list":{"0":"post-34189","1":"product","2":"type-product","3":"status-publish","4":"has-post-thumbnail","6":"product_cat-portraits-dexperience-multisensorielle","7":"product_tag-n-3-perfume-light-in-a-bottle","8":"product_tag-pauline-rochas-fr","9":"product_tag-portrait-photographique-multisensoriel","10":"product_tag-portraits-dexperience-multisensorielle","12":"first","13":"instock","14":"taxable","15":"shipping-taxable","16":"product-type-simple"},"acf":[],"_links":{"self":[{"href":"https:\/\/animicaportraits.com\/fr\/wp-json\/wp\/v2\/product\/34189","targetHints":{"allow":["GET"]}}],"collection":[{"href":"https:\/\/animicaportraits.com\/fr\/wp-json\/wp\/v2\/product"}],"about":[{"href":"https:\/\/animicaportraits.com\/fr\/wp-json\/wp\/v2\/types\/product"}],"replies":[{"embeddable":true,"href":"https:\/\/animicaportraits.com\/fr\/wp-json\/wp\/v2\/comments?post=34189"}],"version-history":[{"count":0,"href":"https:\/\/animicaportraits.com\/fr\/wp-json\/wp\/v2\/product\/34189\/revisions"}],"wp:featuredmedia":[{"embeddable":true,"href":"https:\/\/animicaportraits.com\/fr\/wp-json\/wp\/v2\/media\/34167"}],"wp:attachment":[{"href":"https:\/\/animicaportraits.com\/fr\/wp-json\/wp\/v2\/media?parent=34189"}],"wp:term":[{"taxonomy":"attore","embeddable":true,"href":"https:\/\/animicaportraits.com\/fr\/wp-json\/wp\/v2\/attore?post=34189"},{"taxonomy":"product_brand","embeddable":true,"href":"https:\/\/animicaportraits.com\/fr\/wp-json\/wp\/v2\/product_brand?post=34189"},{"taxonomy":"product_cat","embeddable":true,"href":"https:\/\/animicaportraits.com\/fr\/wp-json\/wp\/v2\/product_cat?post=34189"},{"taxonomy":"product_tag","embeddable":true,"href":"https:\/\/animicaportraits.com\/fr\/wp-json\/wp\/v2\/product_tag?post=34189"},{"taxonomy":"giftcard-category","embeddable":true,"href":"https:\/\/animicaportraits.com\/fr\/wp-json\/wp\/v2\/giftcard-category?post=34189"}],"curies":[{"name":"wp","href":"https:\/\/api.w.org\/{rel}","templated":true}]}}