{"id":4826,"date":"2024-02-26T12:34:56","date_gmt":"2024-02-26T11:34:56","guid":{"rendered":"https:\/\/animicaportraits.com\/prodotto\/najwa-nimri\/"},"modified":"2024-06-13T15:54:05","modified_gmt":"2024-06-13T13:54:05","slug":"najwa-nimri","status":"publish","type":"product","link":"https:\/\/animicaportraits.com\/fr\/produit\/najwa-nimri\/","title":{"rendered":"Najwa Nimri"},"content":{"rendered":"<p>La c\u00e9l\u00e8bre actrice espagnole Najwa Nimri a d\u00e9fil\u00e9 avec \u00e9l\u00e9gance et charisme sur le c\u00e9l\u00e8bre tapis rouge de la Biennale de Venise 2023, attirant l&rsquo;attention des photographes et du public international par son extraordinaire pr\u00e9sence sc\u00e9nique. Fra\u00eechement sortie du succ\u00e8s de son dernier film \u00ab\u00a0La mujer de barro\u00a0\u00bb, prim\u00e9 lors de la derni\u00e8re \u00e9dition du Festival du Film de Saint-S\u00e9bastien, Najwa Nimri a enchant\u00e9 tout le monde par son interpr\u00e9tation raffin\u00e9e et son charme inn\u00e9 de star de cin\u00e9ma.<\/p>\n<p>Najwa Nimri est l&rsquo;une des actrices les plus talentueuses et appr\u00e9ci\u00e9es du cin\u00e9ma espagnol contemporain. Outre le film \u00ab\u00a0La femme de barro\u00a0\u00bb, pr\u00e9sent\u00e9 en premi\u00e8re mondiale \u00e0 la Mostra de Venise 2023, l&rsquo;actrice a \u00e9galement r\u00e9cemment jou\u00e9 dans plusieurs s\u00e9ries t\u00e9l\u00e9vis\u00e9es \u00e0 succ\u00e8s, dont \u00ab\u00a0Vis \u00e0 vis\u00a0\u00bb et \u00ab\u00a0La casa de papel\u00a0\u00bb. , consolidant encore davantage sa renomm\u00e9e \u00e0 l\u2019international.<\/p>\n<p>La participation de Najwa Nimri \u00e0 la Biennale de Venise 2023 a encore confirm\u00e9 son statut d&rsquo;ic\u00f4ne de style et de talent, offrant aux personnes pr\u00e9sentes un show m\u00e9morable gr\u00e2ce \u00e0 son \u00e9l\u00e9gance et son charisme magn\u00e9tique sur le tapis rouge.<\/p>\n","protected":false},"excerpt":{"rendered":"<p>Najwa Nimri est une actrice et chanteuse espagnole, nomin\u00e9e pour 5 prix Goya et connue pour avoir film\u00e9 Zulema Zahir dans Vis a Vis et l&rsquo;inspecteur Alice Sierra dans \u00ab La Casa di Carta \u00bb.<\/p>\n<p>La rencontre avec Najwa a eu lieu lors de sa pr\u00e9sence \u00e0 la Mostra de Venise en septembre 2022.<\/p>\n<p>3 MINUTES.<br \/>\nNajwa me prend le bras avec le portrait de ZULEMA tatou\u00e9 sur mon bras et tout se passe, en quelques minutes, \u00e9galement document\u00e9 par d&rsquo;autres photographes enchant\u00e9s par ce qui se passe.<br \/>\nLa magie op\u00e8re.<\/p>\n<p>3 MINUTES.<br \/>\nCeux dont vous avez besoin pour \u00eatre dans les yeux de votre h\u00e9ros et arr\u00eater pour toujours ce v\u00e9ritable moment ANIMICA.<\/p>\n","protected":false},"featured_media":4827,"comment_status":"closed","ping_status":"closed","template":"","meta":{"_acf_changed":false},"attore":[],"product_brand":[],"product_cat":[74],"product_tag":[94],"giftcard-category":[],"class_list":{"0":"post-4826","1":"product","2":"type-product","3":"status-publish","4":"has-post-thumbnail","6":"product_cat-portraits-de-celebrites","7":"product_tag-portraits-de-celebrites","9":"first","10":"instock","11":"taxable","12":"shipping-taxable","13":"product-type-simple"},"acf":[],"_links":{"self":[{"href":"https:\/\/animicaportraits.com\/fr\/wp-json\/wp\/v2\/product\/4826","targetHints":{"allow":["GET"]}}],"collection":[{"href":"https:\/\/animicaportraits.com\/fr\/wp-json\/wp\/v2\/product"}],"about":[{"href":"https:\/\/animicaportraits.com\/fr\/wp-json\/wp\/v2\/types\/product"}],"replies":[{"embeddable":true,"href":"https:\/\/animicaportraits.com\/fr\/wp-json\/wp\/v2\/comments?post=4826"}],"version-history":[{"count":1,"href":"https:\/\/animicaportraits.com\/fr\/wp-json\/wp\/v2\/product\/4826\/revisions"}],"predecessor-version":[{"id":9644,"href":"https:\/\/animicaportraits.com\/fr\/wp-json\/wp\/v2\/product\/4826\/revisions\/9644"}],"wp:featuredmedia":[{"embeddable":true,"href":"https:\/\/animicaportraits.com\/fr\/wp-json\/wp\/v2\/media\/4827"}],"wp:attachment":[{"href":"https:\/\/animicaportraits.com\/fr\/wp-json\/wp\/v2\/media?parent=4826"}],"wp:term":[{"taxonomy":"attore","embeddable":true,"href":"https:\/\/animicaportraits.com\/fr\/wp-json\/wp\/v2\/attore?post=4826"},{"taxonomy":"product_brand","embeddable":true,"href":"https:\/\/animicaportraits.com\/fr\/wp-json\/wp\/v2\/product_brand?post=4826"},{"taxonomy":"product_cat","embeddable":true,"href":"https:\/\/animicaportraits.com\/fr\/wp-json\/wp\/v2\/product_cat?post=4826"},{"taxonomy":"product_tag","embeddable":true,"href":"https:\/\/animicaportraits.com\/fr\/wp-json\/wp\/v2\/product_tag?post=4826"},{"taxonomy":"giftcard-category","embeddable":true,"href":"https:\/\/animicaportraits.com\/fr\/wp-json\/wp\/v2\/giftcard-category?post=4826"}],"curies":[{"name":"wp","href":"https:\/\/api.w.org\/{rel}","templated":true}]}}