{"id":5053,"date":"2024-04-01T11:12:47","date_gmt":"2024-04-01T09:12:47","guid":{"rendered":"https:\/\/animicaportraits.com\/prodotto\/edouard\/"},"modified":"2024-04-01T11:12:47","modified_gmt":"2024-04-01T09:12:47","slug":"edouard","status":"publish","type":"product","link":"https:\/\/animicaportraits.com\/fr\/produit\/edouard\/","title":{"rendered":"Edouard"},"content":{"rendered":"","protected":false},"excerpt":{"rendered":"<p>Edouard, 2 ans<\/p>\n<p>Exp\u00e9rience de portrait avec Barbara Pigazzi au studio Animica Art Gallery, Giudecca, Venise<\/p>\n<p>S\u00e9rie de portraits avec tirage d&rsquo;art, format A4 + A3, pour m\u00e8re Lodovica et p\u00e8re Mattia, grand-m\u00e8re Elisabetta et tante Valentina.<br \/>\njeudi 28 mars 2024<br \/>\nVenise<\/p>\n","protected":false},"featured_media":5026,"comment_status":"open","ping_status":"closed","template":"","meta":{"_acf_changed":false},"attore":[],"product_brand":[],"product_cat":[78],"product_tag":[83],"giftcard-category":[],"class_list":{"0":"post-5053","1":"product","2":"type-product","3":"status-publish","4":"has-post-thumbnail","6":"product_cat-portraits-personnalises","7":"product_tag-portraits-personnalises","9":"first","10":"instock","11":"taxable","12":"shipping-taxable","13":"product-type-simple"},"acf":[],"_links":{"self":[{"href":"https:\/\/animicaportraits.com\/fr\/wp-json\/wp\/v2\/product\/5053","targetHints":{"allow":["GET"]}}],"collection":[{"href":"https:\/\/animicaportraits.com\/fr\/wp-json\/wp\/v2\/product"}],"about":[{"href":"https:\/\/animicaportraits.com\/fr\/wp-json\/wp\/v2\/types\/product"}],"replies":[{"embeddable":true,"href":"https:\/\/animicaportraits.com\/fr\/wp-json\/wp\/v2\/comments?post=5053"}],"version-history":[{"count":0,"href":"https:\/\/animicaportraits.com\/fr\/wp-json\/wp\/v2\/product\/5053\/revisions"}],"wp:featuredmedia":[{"embeddable":true,"href":"https:\/\/animicaportraits.com\/fr\/wp-json\/wp\/v2\/media\/5026"}],"wp:attachment":[{"href":"https:\/\/animicaportraits.com\/fr\/wp-json\/wp\/v2\/media?parent=5053"}],"wp:term":[{"taxonomy":"attore","embeddable":true,"href":"https:\/\/animicaportraits.com\/fr\/wp-json\/wp\/v2\/attore?post=5053"},{"taxonomy":"product_brand","embeddable":true,"href":"https:\/\/animicaportraits.com\/fr\/wp-json\/wp\/v2\/product_brand?post=5053"},{"taxonomy":"product_cat","embeddable":true,"href":"https:\/\/animicaportraits.com\/fr\/wp-json\/wp\/v2\/product_cat?post=5053"},{"taxonomy":"product_tag","embeddable":true,"href":"https:\/\/animicaportraits.com\/fr\/wp-json\/wp\/v2\/product_tag?post=5053"},{"taxonomy":"giftcard-category","embeddable":true,"href":"https:\/\/animicaportraits.com\/fr\/wp-json\/wp\/v2\/giftcard-category?post=5053"}],"curies":[{"name":"wp","href":"https:\/\/api.w.org\/{rel}","templated":true}]}}