{"id":5069,"date":"2024-04-01T16:30:09","date_gmt":"2024-04-01T14:30:09","guid":{"rendered":"https:\/\/animicaportraits.com\/prodotto\/grand-mere-et-petit-fils\/"},"modified":"2024-04-01T16:30:09","modified_gmt":"2024-04-01T14:30:09","slug":"grand-mere-et-petit-fils","status":"publish","type":"product","link":"https:\/\/animicaportraits.com\/fr\/produit\/grand-mere-et-petit-fils\/","title":{"rendered":"Grand-m\u00e8re et petit-fils"},"content":{"rendered":"","protected":false},"excerpt":{"rendered":"<p>La grand-m\u00e8re Elisabetta a offert une s\u00e9rie de portraits imprim\u00e9s de son petit-fils Edoardo \u00e0 ses parents Mattia et Lodovica.<br \/>\nLors des prises de vue du petit Edoardo, 2 ans, Barbara a captur\u00e9 tout l&rsquo;amour d&rsquo;Elisabetta.<\/p>\n<p>L&rsquo;importance et la valeur authentique de l&rsquo;amour des grands-parents M\u00c9RITENT D&rsquo;\u00caTRE C\u00c9L\u00c9BR\u00c9ES, \u00e0 travers le portrait de l&rsquo;auteur.<br \/>\nEncore et toujours, la Photographie, le portrait comme acte d&rsquo;humanit\u00e9 qui c\u00e9l\u00e8bre l&rsquo;art de vivre.<br \/>\n<em>Philosophie de Animica<\/em><\/p>\n","protected":false},"featured_media":5056,"comment_status":"open","ping_status":"closed","template":"","meta":{"_acf_changed":false},"attore":[],"product_brand":[],"product_cat":[68],"product_tag":[69],"giftcard-category":[],"class_list":{"0":"post-5069","1":"product","2":"type-product","3":"status-publish","4":"has-post-thumbnail","6":"product_cat-portraits-de-famille","7":"product_tag-portraits-de-famille","9":"first","10":"instock","11":"taxable","12":"shipping-taxable","13":"product-type-simple"},"acf":[],"_links":{"self":[{"href":"https:\/\/animicaportraits.com\/fr\/wp-json\/wp\/v2\/product\/5069","targetHints":{"allow":["GET"]}}],"collection":[{"href":"https:\/\/animicaportraits.com\/fr\/wp-json\/wp\/v2\/product"}],"about":[{"href":"https:\/\/animicaportraits.com\/fr\/wp-json\/wp\/v2\/types\/product"}],"replies":[{"embeddable":true,"href":"https:\/\/animicaportraits.com\/fr\/wp-json\/wp\/v2\/comments?post=5069"}],"version-history":[{"count":0,"href":"https:\/\/animicaportraits.com\/fr\/wp-json\/wp\/v2\/product\/5069\/revisions"}],"wp:featuredmedia":[{"embeddable":true,"href":"https:\/\/animicaportraits.com\/fr\/wp-json\/wp\/v2\/media\/5056"}],"wp:attachment":[{"href":"https:\/\/animicaportraits.com\/fr\/wp-json\/wp\/v2\/media?parent=5069"}],"wp:term":[{"taxonomy":"attore","embeddable":true,"href":"https:\/\/animicaportraits.com\/fr\/wp-json\/wp\/v2\/attore?post=5069"},{"taxonomy":"product_brand","embeddable":true,"href":"https:\/\/animicaportraits.com\/fr\/wp-json\/wp\/v2\/product_brand?post=5069"},{"taxonomy":"product_cat","embeddable":true,"href":"https:\/\/animicaportraits.com\/fr\/wp-json\/wp\/v2\/product_cat?post=5069"},{"taxonomy":"product_tag","embeddable":true,"href":"https:\/\/animicaportraits.com\/fr\/wp-json\/wp\/v2\/product_tag?post=5069"},{"taxonomy":"giftcard-category","embeddable":true,"href":"https:\/\/animicaportraits.com\/fr\/wp-json\/wp\/v2\/giftcard-category?post=5069"}],"curies":[{"name":"wp","href":"https:\/\/api.w.org\/{rel}","templated":true}]}}