{"id":5372,"date":"2024-04-08T11:06:34","date_gmt":"2024-04-08T09:06:34","guid":{"rendered":"https:\/\/animicaportraits.com\/prodotto\/gary-et-taypee\/"},"modified":"2024-04-08T13:11:59","modified_gmt":"2024-04-08T11:11:59","slug":"gary-et-taypee","status":"publish","type":"product","link":"https:\/\/animicaportraits.com\/fr\/produit\/gary-et-taypee\/","title":{"rendered":"Gary et Debbie"},"content":{"rendered":"","protected":false},"excerpt":{"rendered":"<p>Gary et Debbie DE LONDRES<\/p>\n<p>Mari et femme, mari\u00e9s depuis 28 ans, 4 enfants, sont arriv\u00e9s seuls \u00e0 Venise pour un voyage romantique.<\/p>\n<p>le samedi 6 avril, ils se sont offert une s\u00e9ance photo avec Barbara en studio et sur l&rsquo;\u00eele de la Giudecca ; un moment puissant, d&rsquo;une grande harmonie et d&rsquo;un grand amour, captur\u00e9 dans une s\u00e9rie de portraits d&rsquo;auteurs, agr\u00e9ment\u00e9s d&rsquo;un tirage d&rsquo;art qu&rsquo;ils emporteront avec eux \u00e0 Londres.<\/p>\n","protected":false},"featured_media":5354,"comment_status":"open","ping_status":"closed","template":"","meta":{"_acf_changed":false},"attore":[],"product_brand":[],"product_cat":[68],"product_tag":[69],"giftcard-category":[],"class_list":{"0":"post-5372","1":"product","2":"type-product","3":"status-publish","4":"has-post-thumbnail","6":"product_cat-portraits-de-famille","7":"product_tag-portraits-de-famille","9":"first","10":"instock","11":"taxable","12":"shipping-taxable","13":"product-type-simple"},"acf":[],"_links":{"self":[{"href":"https:\/\/animicaportraits.com\/fr\/wp-json\/wp\/v2\/product\/5372","targetHints":{"allow":["GET"]}}],"collection":[{"href":"https:\/\/animicaportraits.com\/fr\/wp-json\/wp\/v2\/product"}],"about":[{"href":"https:\/\/animicaportraits.com\/fr\/wp-json\/wp\/v2\/types\/product"}],"replies":[{"embeddable":true,"href":"https:\/\/animicaportraits.com\/fr\/wp-json\/wp\/v2\/comments?post=5372"}],"version-history":[{"count":1,"href":"https:\/\/animicaportraits.com\/fr\/wp-json\/wp\/v2\/product\/5372\/revisions"}],"predecessor-version":[{"id":5376,"href":"https:\/\/animicaportraits.com\/fr\/wp-json\/wp\/v2\/product\/5372\/revisions\/5376"}],"wp:featuredmedia":[{"embeddable":true,"href":"https:\/\/animicaportraits.com\/fr\/wp-json\/wp\/v2\/media\/5354"}],"wp:attachment":[{"href":"https:\/\/animicaportraits.com\/fr\/wp-json\/wp\/v2\/media?parent=5372"}],"wp:term":[{"taxonomy":"attore","embeddable":true,"href":"https:\/\/animicaportraits.com\/fr\/wp-json\/wp\/v2\/attore?post=5372"},{"taxonomy":"product_brand","embeddable":true,"href":"https:\/\/animicaportraits.com\/fr\/wp-json\/wp\/v2\/product_brand?post=5372"},{"taxonomy":"product_cat","embeddable":true,"href":"https:\/\/animicaportraits.com\/fr\/wp-json\/wp\/v2\/product_cat?post=5372"},{"taxonomy":"product_tag","embeddable":true,"href":"https:\/\/animicaportraits.com\/fr\/wp-json\/wp\/v2\/product_tag?post=5372"},{"taxonomy":"giftcard-category","embeddable":true,"href":"https:\/\/animicaportraits.com\/fr\/wp-json\/wp\/v2\/giftcard-category?post=5372"}],"curies":[{"name":"wp","href":"https:\/\/api.w.org\/{rel}","templated":true}]}}