{"id":5704,"date":"2024-02-25T09:48:58","date_gmt":"2024-02-25T08:48:58","guid":{"rendered":"https:\/\/animicaportraits.com\/prodotto\/caterina-murino\/"},"modified":"2025-09-01T17:31:17","modified_gmt":"2025-09-01T15:31:17","slug":"caterina-murino","status":"publish","type":"product","link":"https:\/\/animicaportraits.com\/fr\/produit\/caterina-murino\/","title":{"rendered":"Caterina Murino"},"content":{"rendered":"<p>Mostra de Venise 2023, marraine Caterina Murino<\/p>\n<p>La rayonnante actrice et femme d&rsquo;une grande et profonde humanit\u00e9 a donn\u00e9 le coup d&rsquo;envoi de la 80\u00e8me \u00e9dition de la Mostra de Venise.<br \/>\nEx-Bond Girl.<\/p>\n<p>T\u00e9moignage d&rsquo;Amfer depuis 2006, forte du cin\u00e9ma international derri\u00e8re elle, elle vit \u00e0 Paris depuis vingt ans et a \u00e9galement trouv\u00e9 l&rsquo;amour dans la plus romantique des villes (lire Edouard Riguad, avocat fran\u00e7ais). Le discours qu&rsquo;elle prononcera demain dans la grande salle du Lido de Venise a \u00e9galement \u00e9t\u00e9 m\u00e9moris\u00e9 par ses deux chats, Ilithya et Hercule.<\/p>\n","protected":false},"excerpt":{"rendered":"<p>Caterina Murino est une actrice italienne.<br \/>\nLa marraine de la Mostra de Venise 2023.<br \/>\nElle vit et travaille \u00e0 Paris.<br \/>\nConnue dans le monde entier avec le r\u00f4le de Bond girl dans le film Casino Royale.<\/p>\n","protected":false},"featured_media":5711,"comment_status":"open","ping_status":"closed","template":"","meta":{"_acf_changed":false},"attore":[],"product_brand":[],"product_cat":[74],"product_tag":[94],"giftcard-category":[],"class_list":{"0":"post-5704","1":"product","2":"type-product","3":"status-publish","4":"has-post-thumbnail","6":"product_cat-portraits-de-celebrites","7":"product_tag-portraits-de-celebrites","9":"first","10":"instock","11":"taxable","12":"shipping-taxable","13":"product-type-simple"},"acf":[],"_links":{"self":[{"href":"https:\/\/animicaportraits.com\/fr\/wp-json\/wp\/v2\/product\/5704","targetHints":{"allow":["GET"]}}],"collection":[{"href":"https:\/\/animicaportraits.com\/fr\/wp-json\/wp\/v2\/product"}],"about":[{"href":"https:\/\/animicaportraits.com\/fr\/wp-json\/wp\/v2\/types\/product"}],"replies":[{"embeddable":true,"href":"https:\/\/animicaportraits.com\/fr\/wp-json\/wp\/v2\/comments?post=5704"}],"version-history":[{"count":1,"href":"https:\/\/animicaportraits.com\/fr\/wp-json\/wp\/v2\/product\/5704\/revisions"}],"predecessor-version":[{"id":28445,"href":"https:\/\/animicaportraits.com\/fr\/wp-json\/wp\/v2\/product\/5704\/revisions\/28445"}],"wp:featuredmedia":[{"embeddable":true,"href":"https:\/\/animicaportraits.com\/fr\/wp-json\/wp\/v2\/media\/5711"}],"wp:attachment":[{"href":"https:\/\/animicaportraits.com\/fr\/wp-json\/wp\/v2\/media?parent=5704"}],"wp:term":[{"taxonomy":"attore","embeddable":true,"href":"https:\/\/animicaportraits.com\/fr\/wp-json\/wp\/v2\/attore?post=5704"},{"taxonomy":"product_brand","embeddable":true,"href":"https:\/\/animicaportraits.com\/fr\/wp-json\/wp\/v2\/product_brand?post=5704"},{"taxonomy":"product_cat","embeddable":true,"href":"https:\/\/animicaportraits.com\/fr\/wp-json\/wp\/v2\/product_cat?post=5704"},{"taxonomy":"product_tag","embeddable":true,"href":"https:\/\/animicaportraits.com\/fr\/wp-json\/wp\/v2\/product_tag?post=5704"},{"taxonomy":"giftcard-category","embeddable":true,"href":"https:\/\/animicaportraits.com\/fr\/wp-json\/wp\/v2\/giftcard-category?post=5704"}],"curies":[{"name":"wp","href":"https:\/\/api.w.org\/{rel}","templated":true}]}}