{"id":5743,"date":"2024-04-16T12:11:49","date_gmt":"2024-04-16T10:11:49","guid":{"rendered":"https:\/\/animicaportraits.com\/prodotto\/melonie-foster-hennessy\/"},"modified":"2024-04-16T12:11:49","modified_gmt":"2024-04-16T10:11:49","slug":"melonie-foster-hennessy","status":"publish","type":"product","link":"https:\/\/animicaportraits.com\/fr\/produit\/melonie-foster-hennessy\/","title":{"rendered":"Melonie Foster Hennessy"},"content":{"rendered":"","protected":false},"excerpt":{"rendered":"<div>N\u00e9 \u00e0 Tennessee, aux \u00c9tats-Unis, vivant \u00e0 Paris, en France.<\/div>\n<div>Melonie est une artiste multidisciplinaire, photographe et performeuse.<\/div>\n<div><\/div>\n<div>Cette performance d&rsquo;art photographique entre Barbara et Melonie a \u00e9t\u00e9 r\u00e9alis\u00e9e \u00e0 Paris en 2021, en studio.<\/div>\n<div><\/div>\n<div>Titre: IMMACULATE CONCEPTION_21<\/div>\n<div><\/div>\n<div>Taille : 70x100cm, \u00e9dition 1\/ 7, ann\u00e9e 2021<\/div>\n<div><\/div>\n<div>Surface d&rsquo;impression en m\u00e9tal, finition brillante<\/div>\n","protected":false},"featured_media":5727,"comment_status":"open","ping_status":"closed","template":"","meta":{"_acf_changed":false},"attore":[],"product_brand":[],"product_cat":[74],"product_tag":[90,94],"giftcard-category":[],"class_list":{"0":"post-5743","1":"product","2":"type-product","3":"status-publish","4":"has-post-thumbnail","6":"product_cat-portraits-de-celebrites","7":"product_tag-melonie-foster-hennessy-fr","8":"product_tag-portraits-de-celebrites","10":"first","11":"instock","12":"taxable","13":"shipping-taxable","14":"product-type-simple"},"acf":[],"_links":{"self":[{"href":"https:\/\/animicaportraits.com\/fr\/wp-json\/wp\/v2\/product\/5743","targetHints":{"allow":["GET"]}}],"collection":[{"href":"https:\/\/animicaportraits.com\/fr\/wp-json\/wp\/v2\/product"}],"about":[{"href":"https:\/\/animicaportraits.com\/fr\/wp-json\/wp\/v2\/types\/product"}],"replies":[{"embeddable":true,"href":"https:\/\/animicaportraits.com\/fr\/wp-json\/wp\/v2\/comments?post=5743"}],"version-history":[{"count":0,"href":"https:\/\/animicaportraits.com\/fr\/wp-json\/wp\/v2\/product\/5743\/revisions"}],"wp:featuredmedia":[{"embeddable":true,"href":"https:\/\/animicaportraits.com\/fr\/wp-json\/wp\/v2\/media\/5727"}],"wp:attachment":[{"href":"https:\/\/animicaportraits.com\/fr\/wp-json\/wp\/v2\/media?parent=5743"}],"wp:term":[{"taxonomy":"attore","embeddable":true,"href":"https:\/\/animicaportraits.com\/fr\/wp-json\/wp\/v2\/attore?post=5743"},{"taxonomy":"product_brand","embeddable":true,"href":"https:\/\/animicaportraits.com\/fr\/wp-json\/wp\/v2\/product_brand?post=5743"},{"taxonomy":"product_cat","embeddable":true,"href":"https:\/\/animicaportraits.com\/fr\/wp-json\/wp\/v2\/product_cat?post=5743"},{"taxonomy":"product_tag","embeddable":true,"href":"https:\/\/animicaportraits.com\/fr\/wp-json\/wp\/v2\/product_tag?post=5743"},{"taxonomy":"giftcard-category","embeddable":true,"href":"https:\/\/animicaportraits.com\/fr\/wp-json\/wp\/v2\/giftcard-category?post=5743"}],"curies":[{"name":"wp","href":"https:\/\/api.w.org\/{rel}","templated":true}]}}