{"id":5744,"date":"2024-02-23T16:50:10","date_gmt":"2024-02-23T15:50:10","guid":{"rendered":"https:\/\/animicaportraits.com\/prodotto\/pauline-rochas\/"},"modified":"2024-02-23T16:50:10","modified_gmt":"2024-02-23T15:50:10","slug":"pauline-rochas","status":"publish","type":"product","link":"https:\/\/animicaportraits.com\/fr\/produit\/pauline-rochas\/","title":{"rendered":"Pauline Rochas"},"content":{"rendered":"","protected":false},"excerpt":{"rendered":"<p>C\u00c9L\u00c9BRIT\u00c9S<br \/>\nDe la s\u00e9rie \u00ab ICON \u00bb &#8211; PAULINE ROCHAS &#8211; Tribute Valie Export, Venise 2023<\/p>\n<p>D\u00e9coration murale en m\u00e9tal ChromaLUXE. \u00c9dition de 5.<br \/>\nDisponible en diff\u00e9rentes tailles, max 2mt x 1mt<br \/>\nSurimpression certifi\u00e9e et authentique.<\/p>\n<p><strong>Artiste:<\/strong> Barbara Pigazzi<\/p>\n","protected":false},"featured_media":5745,"comment_status":"open","ping_status":"closed","template":"","meta":{"_acf_changed":false},"attore":[],"product_brand":[],"product_cat":[74],"product_tag":[95,94],"giftcard-category":[],"class_list":{"0":"post-5744","1":"product","2":"type-product","3":"status-publish","4":"has-post-thumbnail","6":"product_cat-portraits-de-celebrites","7":"product_tag-pauline-rochas-fr","8":"product_tag-portraits-de-celebrites","10":"first","11":"instock","12":"taxable","13":"shipping-taxable","14":"product-type-simple"},"acf":[],"_links":{"self":[{"href":"https:\/\/animicaportraits.com\/fr\/wp-json\/wp\/v2\/product\/5744","targetHints":{"allow":["GET"]}}],"collection":[{"href":"https:\/\/animicaportraits.com\/fr\/wp-json\/wp\/v2\/product"}],"about":[{"href":"https:\/\/animicaportraits.com\/fr\/wp-json\/wp\/v2\/types\/product"}],"replies":[{"embeddable":true,"href":"https:\/\/animicaportraits.com\/fr\/wp-json\/wp\/v2\/comments?post=5744"}],"version-history":[{"count":0,"href":"https:\/\/animicaportraits.com\/fr\/wp-json\/wp\/v2\/product\/5744\/revisions"}],"wp:featuredmedia":[{"embeddable":true,"href":"https:\/\/animicaportraits.com\/fr\/wp-json\/wp\/v2\/media\/5745"}],"wp:attachment":[{"href":"https:\/\/animicaportraits.com\/fr\/wp-json\/wp\/v2\/media?parent=5744"}],"wp:term":[{"taxonomy":"attore","embeddable":true,"href":"https:\/\/animicaportraits.com\/fr\/wp-json\/wp\/v2\/attore?post=5744"},{"taxonomy":"product_brand","embeddable":true,"href":"https:\/\/animicaportraits.com\/fr\/wp-json\/wp\/v2\/product_brand?post=5744"},{"taxonomy":"product_cat","embeddable":true,"href":"https:\/\/animicaportraits.com\/fr\/wp-json\/wp\/v2\/product_cat?post=5744"},{"taxonomy":"product_tag","embeddable":true,"href":"https:\/\/animicaportraits.com\/fr\/wp-json\/wp\/v2\/product_tag?post=5744"},{"taxonomy":"giftcard-category","embeddable":true,"href":"https:\/\/animicaportraits.com\/fr\/wp-json\/wp\/v2\/giftcard-category?post=5744"}],"curies":[{"name":"wp","href":"https:\/\/api.w.org\/{rel}","templated":true}]}}