{"id":6016,"date":"2024-01-20T11:51:09","date_gmt":"2024-01-20T10:51:09","guid":{"rendered":"https:\/\/animicaportraits.com\/prodotto\/la-divine-caligine\/"},"modified":"2024-04-21T19:37:42","modified_gmt":"2024-04-21T17:37:42","slug":"la-divine-caligine","status":"publish","type":"product","link":"https:\/\/animicaportraits.com\/fr\/produit\/la-divine-caligine\/","title":{"rendered":"La Divine Caligine"},"content":{"rendered":"<p>Qu&rsquo;est-ce que c&rsquo;est, la brume divine<\/p>\n<p>Trinit\u00e9 suprasubstantielle super-divine et super-bonne, gardienne de la sagesse divine des chr\u00e9tiens.<br \/>\nL\u00e0 o\u00f9 les myst\u00e8res simples, absolus et immuables de la th\u00e9ologie sont cach\u00e9s dans la MIST.<br \/>\nTr\u00e8s lumineux avec le silence qui enseigne de mani\u00e8re obscure\u00a0; Brume qui fait briller de mani\u00e8re sup\u00e9rieure ce qu&rsquo;il y a de plus splendide dans la plus grande obscurit\u00e9, et qui remplit avec exub\u00e9rance les intelligences priv\u00e9es de<br \/>\nDES YEUX, d&rsquo;une merveilleuse splendeur, en toute intangibilit\u00e9 et invisibilit\u00e9.<br \/>\nQue ceci soit ma pri\u00e8re\u00a0; avec un exercice tr\u00e8s soign\u00e9 concernant les contemplations mystiques, il abandonne tous les sens et les op\u00e9rations intellectuelles.<br \/>\nLes choses sensibles et intelligibles, toutes les choses qui ne sont pas et celles qui sont, et en pleine ignorance, tendent, autant que possible, vers l&rsquo;union avec Celui qui surpasse tout \u00eatre et toute connaissance.<br \/>\nPar cette tension irr\u00e9pressible et absolument lib\u00e9r\u00e9 de vous-m\u00eame et de toutes choses, enlevant tout et lib\u00e9r\u00e9 de tout, vous pourrez vous \u00e9lever vers le rayon suprasubstantiel des t\u00e9n\u00e8bres divines.<\/p>\n<p>Th\u00e9ologie mystique de Denys Ar\u00e9opagite<br \/>\n(\u00c0 TIMOTH\u00c9E &#8211; Denys Ar\u00e9opagite)<\/p>\n<h4><span style=\"color: #000000;\">En dialogue entre le th\u00e9ologien Alessandro d&rsquo;Angelo et Barbara Pigazzi<\/span><\/h4>\n<p>L&rsquo;impr\u00e9visible, l&rsquo;inattendu est apparu comme une aube, au bord de mon c\u0153ur.<br \/>\nJe t&rsquo;ai vu s&rsquo;\u00e9lever \u00e0 l&rsquo;horizon.<br \/>\nImpossible, inaccessible pour moi :<br \/>\n\u00ab\u00a0Peut-\u00eatre que c&rsquo;est juste un reflet de lumi\u00e8re qui d\u00e9passe les murs du c\u0153ur.\u00a0\u00bb<br \/>\nJe me suis dit, ce soir-l\u00e0.<\/p>\n<p>Pourtant, au-del\u00e0 de la lumi\u00e8re bleue, elle s&rsquo;avan\u00e7ait vers moi, attirante, un paradis \u00e0 mes yeux,<br \/>\nC&rsquo;est toi.<br \/>\nJe suis ici avec des larmes qui mouillent la terre s\u00e9ch\u00e9e de mon \u00e2me.<\/p>\n<p>Alessandro m&rsquo;a dit : Barbara, pense que Mo\u00efse, avec ses suggestions, ses visions, ses r\u00eaves et ses hallucinations, a fait sortir le peuple d&rsquo;Isra\u00ebl d&rsquo;Egypte&#8230;<br \/>\nIl \u00e9tait m\u00eame un b\u00e8gue et un auditeur de voix\u2026<\/p>\n<p>Mettez votre don au service de l&rsquo;humanit\u00e9, qui est de communiquer la saveur de la vie \u00e0 travers le langage de la photographie (13 avril 2020 apr\u00e8s J.-C.)<\/p>\n","protected":false},"excerpt":{"rendered":"<p>Travail photographique<br \/>\nTitre : LA BRUME DIVINE, ann\u00e9e 2020<br \/>\nTaille : 120 x 200<br \/>\nImpression m\u00e9tallique, chromaluxe, certifi\u00e9e<\/p>\n<p>L\u00e0 o\u00f9 il y a l\u2019obscurit\u00e9, elle fait briller ce qui est extr\u00eamement resplendissant, et dans le lieu compl\u00e8tement intouchable et invisible, elle remplit les intelligences aveugles de splendeurs prodigieuses. C&rsquo;est ma pri\u00e8re<\/p>\n","protected":false},"featured_media":6017,"comment_status":"open","ping_status":"closed","template":"","meta":{"_acf_changed":false},"attore":[],"product_brand":[],"product_cat":[76],"product_tag":[85,103],"giftcard-category":[],"class_list":{"0":"post-6016","1":"product","2":"type-product","3":"status-publish","4":"has-post-thumbnail","6":"product_cat-animica-art-fr","7":"product_tag-animica-art-fr","8":"product_tag-la-divine-caligine","10":"first","11":"instock","12":"taxable","13":"shipping-taxable","14":"product-type-simple"},"acf":[],"_links":{"self":[{"href":"https:\/\/animicaportraits.com\/fr\/wp-json\/wp\/v2\/product\/6016","targetHints":{"allow":["GET"]}}],"collection":[{"href":"https:\/\/animicaportraits.com\/fr\/wp-json\/wp\/v2\/product"}],"about":[{"href":"https:\/\/animicaportraits.com\/fr\/wp-json\/wp\/v2\/types\/product"}],"replies":[{"embeddable":true,"href":"https:\/\/animicaportraits.com\/fr\/wp-json\/wp\/v2\/comments?post=6016"}],"version-history":[{"count":1,"href":"https:\/\/animicaportraits.com\/fr\/wp-json\/wp\/v2\/product\/6016\/revisions"}],"predecessor-version":[{"id":6030,"href":"https:\/\/animicaportraits.com\/fr\/wp-json\/wp\/v2\/product\/6016\/revisions\/6030"}],"wp:featuredmedia":[{"embeddable":true,"href":"https:\/\/animicaportraits.com\/fr\/wp-json\/wp\/v2\/media\/6017"}],"wp:attachment":[{"href":"https:\/\/animicaportraits.com\/fr\/wp-json\/wp\/v2\/media?parent=6016"}],"wp:term":[{"taxonomy":"attore","embeddable":true,"href":"https:\/\/animicaportraits.com\/fr\/wp-json\/wp\/v2\/attore?post=6016"},{"taxonomy":"product_brand","embeddable":true,"href":"https:\/\/animicaportraits.com\/fr\/wp-json\/wp\/v2\/product_brand?post=6016"},{"taxonomy":"product_cat","embeddable":true,"href":"https:\/\/animicaportraits.com\/fr\/wp-json\/wp\/v2\/product_cat?post=6016"},{"taxonomy":"product_tag","embeddable":true,"href":"https:\/\/animicaportraits.com\/fr\/wp-json\/wp\/v2\/product_tag?post=6016"},{"taxonomy":"giftcard-category","embeddable":true,"href":"https:\/\/animicaportraits.com\/fr\/wp-json\/wp\/v2\/giftcard-category?post=6016"}],"curies":[{"name":"wp","href":"https:\/\/api.w.org\/{rel}","templated":true}]}}