{"id":6074,"date":"2024-03-22T17:46:43","date_gmt":"2024-03-22T16:46:43","guid":{"rendered":"https:\/\/animicaportraits.com\/prodotto\/aicha-maternite\/"},"modified":"2024-04-21T22:22:29","modified_gmt":"2024-04-21T20:22:29","slug":"aicha-maternite","status":"publish","type":"product","link":"https:\/\/animicaportraits.com\/fr\/produit\/aicha-maternite\/","title":{"rendered":"A\u00efcha Maternit\u00e9"},"content":{"rendered":"","protected":false},"excerpt":{"rendered":"<p>40\u00e8me semaine &#8211; 21 mars 2024 &#8211; Giudecca &#8211; Venise<br \/>\nAisha en maternit\u00e9<\/p>\n<p><a class=\"x1i10hfl xjbqb8w x1ejq31n xd10rxx x1sy0etr x17r0tee x972fbf xcfux6l x1qhh985 xm0m39n x9f619 x1ypdohk xt0psk2 xe8uvvx xdj266r x11i5rnm xat24cr x1mh8g0r xexx8yu x4uap5 x18d9i69 xkhd6sd x16tdsg8 x1hl2dhg xggy1nq x1a2a7pz _aa9_ _a6hd\" tabindex=\"0\" role=\"link\" href=\"https:\/\/www.instagram.com\/explore\/tags\/leicaq3\/\" target=\"_blank\" rel=\"noopener\" data-schema-attribute=\"mentions\">LEICAQ3<\/a><\/p>\n<p>certifi\u00e9 par <a class=\"x1i10hfl xjbqb8w x1ejq31n xd10rxx x1sy0etr x17r0tee x972fbf xcfux6l x1qhh985 xm0m39n x9f619 x1ypdohk xt0psk2 xe8uvvx xdj266r x11i5rnm xat24cr x1mh8g0r xexx8yu x4uap5 x18d9i69 xkhd6sd x16tdsg8 x1hl2dhg xggy1nq x1a2a7pz notranslate _a6hd\" tabindex=\"0\" role=\"link\" href=\"https:\/\/www.instagram.com\/leica_camera_italia\/\" target=\"_blank\" rel=\"noopener sponsored\" data-schema-attribute=\"mentions\">@leica_camera_italia<\/a><\/p>\n","protected":false},"featured_media":4783,"comment_status":"open","ping_status":"closed","template":"","meta":{"_acf_changed":false},"attore":[],"product_brand":[],"product_cat":[],"product_tag":[],"giftcard-category":[],"class_list":{"0":"post-6074","1":"product","2":"type-product","3":"status-publish","4":"has-post-thumbnail","7":"first","8":"instock","9":"taxable","10":"shipping-taxable","11":"product-type-simple"},"acf":[],"_links":{"self":[{"href":"https:\/\/animicaportraits.com\/fr\/wp-json\/wp\/v2\/product\/6074","targetHints":{"allow":["GET"]}}],"collection":[{"href":"https:\/\/animicaportraits.com\/fr\/wp-json\/wp\/v2\/product"}],"about":[{"href":"https:\/\/animicaportraits.com\/fr\/wp-json\/wp\/v2\/types\/product"}],"replies":[{"embeddable":true,"href":"https:\/\/animicaportraits.com\/fr\/wp-json\/wp\/v2\/comments?post=6074"}],"version-history":[{"count":1,"href":"https:\/\/animicaportraits.com\/fr\/wp-json\/wp\/v2\/product\/6074\/revisions"}],"predecessor-version":[{"id":6075,"href":"https:\/\/animicaportraits.com\/fr\/wp-json\/wp\/v2\/product\/6074\/revisions\/6075"}],"wp:featuredmedia":[{"embeddable":true,"href":"https:\/\/animicaportraits.com\/fr\/wp-json\/wp\/v2\/media\/4783"}],"wp:attachment":[{"href":"https:\/\/animicaportraits.com\/fr\/wp-json\/wp\/v2\/media?parent=6074"}],"wp:term":[{"taxonomy":"attore","embeddable":true,"href":"https:\/\/animicaportraits.com\/fr\/wp-json\/wp\/v2\/attore?post=6074"},{"taxonomy":"product_brand","embeddable":true,"href":"https:\/\/animicaportraits.com\/fr\/wp-json\/wp\/v2\/product_brand?post=6074"},{"taxonomy":"product_cat","embeddable":true,"href":"https:\/\/animicaportraits.com\/fr\/wp-json\/wp\/v2\/product_cat?post=6074"},{"taxonomy":"product_tag","embeddable":true,"href":"https:\/\/animicaportraits.com\/fr\/wp-json\/wp\/v2\/product_tag?post=6074"},{"taxonomy":"giftcard-category","embeddable":true,"href":"https:\/\/animicaportraits.com\/fr\/wp-json\/wp\/v2\/giftcard-category?post=6074"}],"curies":[{"name":"wp","href":"https:\/\/api.w.org\/{rel}","templated":true}]}}