{"id":6221,"date":"2024-01-18T18:00:27","date_gmt":"2024-01-18T17:00:27","guid":{"rendered":"https:\/\/animicaportraits.com\/prodotto\/ange-barbara-pigazzi\/"},"modified":"2024-01-18T18:00:27","modified_gmt":"2024-01-18T17:00:27","slug":"ange-barbara-pigazzi","status":"publish","type":"product","link":"https:\/\/animicaportraits.com\/fr\/produit\/ange-barbara-pigazzi\/","title":{"rendered":"Ange &#8211; Barbara Pigazzi"},"content":{"rendered":"","protected":false},"excerpt":{"rendered":"<p>S\u00e9rie &#8211; ANGE<br \/>\nBarbara Pigazzi<br \/>\nANN\u00c9E 2016<\/p>\n<p>Le portrait horizontal de l&rsquo;Ange a \u00e9t\u00e9 reproduit ou plut\u00f4t imprim\u00e9 sur une plaque en acier inoxydable AISI 304 et expos\u00e9 \u00e0 Milan pendant la semaine du design.<\/p>\n","protected":false},"featured_media":6222,"comment_status":"open","ping_status":"closed","template":"","meta":{"_acf_changed":false},"attore":[],"product_brand":[],"product_cat":[81],"product_tag":[],"giftcard-category":[],"class_list":{"0":"post-6221","1":"product","2":"type-product","3":"status-publish","4":"has-post-thumbnail","6":"product_cat-autoportraits","8":"first","9":"instock","10":"taxable","11":"shipping-taxable","12":"product-type-simple"},"acf":[],"_links":{"self":[{"href":"https:\/\/animicaportraits.com\/fr\/wp-json\/wp\/v2\/product\/6221","targetHints":{"allow":["GET"]}}],"collection":[{"href":"https:\/\/animicaportraits.com\/fr\/wp-json\/wp\/v2\/product"}],"about":[{"href":"https:\/\/animicaportraits.com\/fr\/wp-json\/wp\/v2\/types\/product"}],"replies":[{"embeddable":true,"href":"https:\/\/animicaportraits.com\/fr\/wp-json\/wp\/v2\/comments?post=6221"}],"version-history":[{"count":0,"href":"https:\/\/animicaportraits.com\/fr\/wp-json\/wp\/v2\/product\/6221\/revisions"}],"wp:featuredmedia":[{"embeddable":true,"href":"https:\/\/animicaportraits.com\/fr\/wp-json\/wp\/v2\/media\/6222"}],"wp:attachment":[{"href":"https:\/\/animicaportraits.com\/fr\/wp-json\/wp\/v2\/media?parent=6221"}],"wp:term":[{"taxonomy":"attore","embeddable":true,"href":"https:\/\/animicaportraits.com\/fr\/wp-json\/wp\/v2\/attore?post=6221"},{"taxonomy":"product_brand","embeddable":true,"href":"https:\/\/animicaportraits.com\/fr\/wp-json\/wp\/v2\/product_brand?post=6221"},{"taxonomy":"product_cat","embeddable":true,"href":"https:\/\/animicaportraits.com\/fr\/wp-json\/wp\/v2\/product_cat?post=6221"},{"taxonomy":"product_tag","embeddable":true,"href":"https:\/\/animicaportraits.com\/fr\/wp-json\/wp\/v2\/product_tag?post=6221"},{"taxonomy":"giftcard-category","embeddable":true,"href":"https:\/\/animicaportraits.com\/fr\/wp-json\/wp\/v2\/giftcard-category?post=6221"}],"curies":[{"name":"wp","href":"https:\/\/api.w.org\/{rel}","templated":true}]}}