{"id":6300,"date":"2024-02-15T19:40:18","date_gmt":"2024-02-15T18:40:18","guid":{"rendered":"https:\/\/animicaportraits.com\/prodotto\/francesca-cavallin-actrice\/"},"modified":"2024-02-15T19:40:18","modified_gmt":"2024-02-15T18:40:18","slug":"francesca-cavallin-actrice","status":"publish","type":"product","link":"https:\/\/animicaportraits.com\/fr\/produit\/francesca-cavallin-actrice\/","title":{"rendered":"Francesca Cavallin &#8211; Actrice"},"content":{"rendered":"","protected":false},"excerpt":{"rendered":"<p>Cette s\u00e9rie de portraits a \u00e9t\u00e9 r\u00e9alis\u00e9e en 2020 et a \u00e9t\u00e9 expos\u00e9e \u00e0 l&rsquo;espace Kryptos de MILAN EN avril 2021.<\/p>\n<p>Exposition \u00ab \u00c0 TRAVERS L&rsquo;OMBRE ET L&rsquo;\u00c2ME\u00ab , diffus\u00e9e sur Sky ARTE, ON DEMAND, rubrique, coffret art.<\/p>\n","protected":false},"featured_media":5677,"comment_status":"open","ping_status":"closed","template":"","meta":{"_acf_changed":false},"attore":[],"product_brand":[],"product_cat":[74],"product_tag":[],"giftcard-category":[],"class_list":{"0":"post-6300","1":"product","2":"type-product","3":"status-publish","4":"has-post-thumbnail","6":"product_cat-portraits-de-celebrites","8":"first","9":"instock","10":"taxable","11":"shipping-taxable","12":"product-type-simple"},"acf":[],"_links":{"self":[{"href":"https:\/\/animicaportraits.com\/fr\/wp-json\/wp\/v2\/product\/6300","targetHints":{"allow":["GET"]}}],"collection":[{"href":"https:\/\/animicaportraits.com\/fr\/wp-json\/wp\/v2\/product"}],"about":[{"href":"https:\/\/animicaportraits.com\/fr\/wp-json\/wp\/v2\/types\/product"}],"replies":[{"embeddable":true,"href":"https:\/\/animicaportraits.com\/fr\/wp-json\/wp\/v2\/comments?post=6300"}],"version-history":[{"count":0,"href":"https:\/\/animicaportraits.com\/fr\/wp-json\/wp\/v2\/product\/6300\/revisions"}],"wp:featuredmedia":[{"embeddable":true,"href":"https:\/\/animicaportraits.com\/fr\/wp-json\/wp\/v2\/media\/5677"}],"wp:attachment":[{"href":"https:\/\/animicaportraits.com\/fr\/wp-json\/wp\/v2\/media?parent=6300"}],"wp:term":[{"taxonomy":"attore","embeddable":true,"href":"https:\/\/animicaportraits.com\/fr\/wp-json\/wp\/v2\/attore?post=6300"},{"taxonomy":"product_brand","embeddable":true,"href":"https:\/\/animicaportraits.com\/fr\/wp-json\/wp\/v2\/product_brand?post=6300"},{"taxonomy":"product_cat","embeddable":true,"href":"https:\/\/animicaportraits.com\/fr\/wp-json\/wp\/v2\/product_cat?post=6300"},{"taxonomy":"product_tag","embeddable":true,"href":"https:\/\/animicaportraits.com\/fr\/wp-json\/wp\/v2\/product_tag?post=6300"},{"taxonomy":"giftcard-category","embeddable":true,"href":"https:\/\/animicaportraits.com\/fr\/wp-json\/wp\/v2\/giftcard-category?post=6300"}],"curies":[{"name":"wp","href":"https:\/\/api.w.org\/{rel}","templated":true}]}}