{"id":6868,"date":"2024-01-30T12:59:27","date_gmt":"2024-01-30T11:59:27","guid":{"rendered":"https:\/\/animicaportraits.com\/product\/brulant-pour-toi-barbara-pigazzi\/"},"modified":"2024-05-02T10:09:04","modified_gmt":"2024-05-02T08:09:04","slug":"brulant-pour-toi-barbara-pigazzi","status":"publish","type":"product","link":"https:\/\/animicaportraits.com\/fr\/produit\/brulant-pour-toi-barbara-pigazzi\/","title":{"rendered":"Br\u00fblant pour toi &#8211; Barbara Pigazzi"},"content":{"rendered":"","protected":false},"excerpt":{"rendered":"<p>S\u00e9rie BFY &#8211; Br\u00fbler pour toi<br \/>\nArt de la performance Barbara Pigazzi<br \/>\nANN\u00c9E 2021<\/p>\n","protected":false},"featured_media":6869,"comment_status":"open","ping_status":"closed","template":"","meta":{"_acf_changed":false},"attore":[],"product_brand":[],"product_cat":[81],"product_tag":[162,159],"giftcard-category":[],"class_list":{"0":"post-6868","1":"product","2":"type-product","3":"status-publish","4":"has-post-thumbnail","6":"product_cat-autoportraits","7":"product_tag-animica-autoportrait-fr","8":"product_tag-art-de-la-performance","10":"first","11":"instock","12":"taxable","13":"shipping-taxable","14":"product-type-simple"},"acf":[],"_links":{"self":[{"href":"https:\/\/animicaportraits.com\/fr\/wp-json\/wp\/v2\/product\/6868","targetHints":{"allow":["GET"]}}],"collection":[{"href":"https:\/\/animicaportraits.com\/fr\/wp-json\/wp\/v2\/product"}],"about":[{"href":"https:\/\/animicaportraits.com\/fr\/wp-json\/wp\/v2\/types\/product"}],"replies":[{"embeddable":true,"href":"https:\/\/animicaportraits.com\/fr\/wp-json\/wp\/v2\/comments?post=6868"}],"version-history":[{"count":1,"href":"https:\/\/animicaportraits.com\/fr\/wp-json\/wp\/v2\/product\/6868\/revisions"}],"predecessor-version":[{"id":6874,"href":"https:\/\/animicaportraits.com\/fr\/wp-json\/wp\/v2\/product\/6868\/revisions\/6874"}],"wp:featuredmedia":[{"embeddable":true,"href":"https:\/\/animicaportraits.com\/fr\/wp-json\/wp\/v2\/media\/6869"}],"wp:attachment":[{"href":"https:\/\/animicaportraits.com\/fr\/wp-json\/wp\/v2\/media?parent=6868"}],"wp:term":[{"taxonomy":"attore","embeddable":true,"href":"https:\/\/animicaportraits.com\/fr\/wp-json\/wp\/v2\/attore?post=6868"},{"taxonomy":"product_brand","embeddable":true,"href":"https:\/\/animicaportraits.com\/fr\/wp-json\/wp\/v2\/product_brand?post=6868"},{"taxonomy":"product_cat","embeddable":true,"href":"https:\/\/animicaportraits.com\/fr\/wp-json\/wp\/v2\/product_cat?post=6868"},{"taxonomy":"product_tag","embeddable":true,"href":"https:\/\/animicaportraits.com\/fr\/wp-json\/wp\/v2\/product_tag?post=6868"},{"taxonomy":"giftcard-category","embeddable":true,"href":"https:\/\/animicaportraits.com\/fr\/wp-json\/wp\/v2\/giftcard-category?post=6868"}],"curies":[{"name":"wp","href":"https:\/\/api.w.org\/{rel}","templated":true}]}}