{"id":7627,"date":"2024-02-22T10:23:32","date_gmt":"2024-02-22T09:23:32","guid":{"rendered":"https:\/\/animicaportraits.com\/product\/giulia-salvi\/"},"modified":"2025-08-05T18:26:54","modified_gmt":"2025-08-05T16:26:54","slug":"giulia-salvi","status":"publish","type":"product","link":"https:\/\/animicaportraits.com\/fr\/produit\/giulia-salvi\/","title":{"rendered":"Giulia Salvi"},"content":{"rendered":"","protected":false},"excerpt":{"rendered":"<p>Giulia Salvi est une conf\u00e9renci\u00e8re italienne et une personnalit\u00e9 de la t\u00e9l\u00e9vision.<br \/>\nDepuis 2008, elle est l&rsquo;une des voix officielles de Virgin Radio Italia.<\/p>\n<p>Ann\u00e9e 2022<br \/>\nCouverture du livre | \u00ab\u00a0GIULIA SALVI \u00c0 L&rsquo;AIR\u00a0\u00bb<\/p>\n","protected":false},"featured_media":7630,"comment_status":"open","ping_status":"closed","template":"","meta":{"_acf_changed":false},"attore":[],"product_brand":[],"product_cat":[679],"product_tag":[],"giftcard-category":[],"class_list":{"0":"post-7627","1":"product","2":"type-product","3":"status-publish","4":"has-post-thumbnail","6":"product_cat-visages-importants","8":"first","9":"instock","10":"taxable","11":"shipping-taxable","12":"product-type-simple"},"acf":[],"_links":{"self":[{"href":"https:\/\/animicaportraits.com\/fr\/wp-json\/wp\/v2\/product\/7627","targetHints":{"allow":["GET"]}}],"collection":[{"href":"https:\/\/animicaportraits.com\/fr\/wp-json\/wp\/v2\/product"}],"about":[{"href":"https:\/\/animicaportraits.com\/fr\/wp-json\/wp\/v2\/types\/product"}],"replies":[{"embeddable":true,"href":"https:\/\/animicaportraits.com\/fr\/wp-json\/wp\/v2\/comments?post=7627"}],"version-history":[{"count":1,"href":"https:\/\/animicaportraits.com\/fr\/wp-json\/wp\/v2\/product\/7627\/revisions"}],"predecessor-version":[{"id":27581,"href":"https:\/\/animicaportraits.com\/fr\/wp-json\/wp\/v2\/product\/7627\/revisions\/27581"}],"wp:featuredmedia":[{"embeddable":true,"href":"https:\/\/animicaportraits.com\/fr\/wp-json\/wp\/v2\/media\/7630"}],"wp:attachment":[{"href":"https:\/\/animicaportraits.com\/fr\/wp-json\/wp\/v2\/media?parent=7627"}],"wp:term":[{"taxonomy":"attore","embeddable":true,"href":"https:\/\/animicaportraits.com\/fr\/wp-json\/wp\/v2\/attore?post=7627"},{"taxonomy":"product_brand","embeddable":true,"href":"https:\/\/animicaportraits.com\/fr\/wp-json\/wp\/v2\/product_brand?post=7627"},{"taxonomy":"product_cat","embeddable":true,"href":"https:\/\/animicaportraits.com\/fr\/wp-json\/wp\/v2\/product_cat?post=7627"},{"taxonomy":"product_tag","embeddable":true,"href":"https:\/\/animicaportraits.com\/fr\/wp-json\/wp\/v2\/product_tag?post=7627"},{"taxonomy":"giftcard-category","embeddable":true,"href":"https:\/\/animicaportraits.com\/fr\/wp-json\/wp\/v2\/giftcard-category?post=7627"}],"curies":[{"name":"wp","href":"https:\/\/api.w.org\/{rel}","templated":true}]}}