{"id":7634,"date":"2024-02-21T17:19:52","date_gmt":"2024-02-21T16:19:52","guid":{"rendered":"https:\/\/animicaportraits.com\/product\/katia-noventa\/"},"modified":"2025-08-05T18:29:03","modified_gmt":"2025-08-05T16:29:03","slug":"katia-noventa","status":"publish","type":"product","link":"https:\/\/animicaportraits.com\/fr\/produit\/katia-noventa\/","title":{"rendered":"Katia Noventa"},"content":{"rendered":"","protected":false},"excerpt":{"rendered":"<p>Journaliste, pr\u00e9sentatrice TV, productrice, ex mannequin<br \/>\nAnn\u00e9e 2022<\/p>\n<p>COLLECTION INTIME<br \/>\nVitrine d&rsquo;art mural personnalis\u00e9e + bo\u00eete en cuir italien personnalisable | Images num\u00e9riques haute r\u00e9solution Beaux-Arts<\/p>\n","protected":false},"featured_media":7636,"comment_status":"open","ping_status":"closed","template":"","meta":{"_acf_changed":false},"attore":[],"product_brand":[],"product_cat":[679],"product_tag":[],"giftcard-category":[],"class_list":{"0":"post-7634","1":"product","2":"type-product","3":"status-publish","4":"has-post-thumbnail","6":"product_cat-visages-importants","8":"first","9":"instock","10":"taxable","11":"shipping-taxable","12":"product-type-simple"},"acf":[],"_links":{"self":[{"href":"https:\/\/animicaportraits.com\/fr\/wp-json\/wp\/v2\/product\/7634","targetHints":{"allow":["GET"]}}],"collection":[{"href":"https:\/\/animicaportraits.com\/fr\/wp-json\/wp\/v2\/product"}],"about":[{"href":"https:\/\/animicaportraits.com\/fr\/wp-json\/wp\/v2\/types\/product"}],"replies":[{"embeddable":true,"href":"https:\/\/animicaportraits.com\/fr\/wp-json\/wp\/v2\/comments?post=7634"}],"version-history":[{"count":1,"href":"https:\/\/animicaportraits.com\/fr\/wp-json\/wp\/v2\/product\/7634\/revisions"}],"predecessor-version":[{"id":27583,"href":"https:\/\/animicaportraits.com\/fr\/wp-json\/wp\/v2\/product\/7634\/revisions\/27583"}],"wp:featuredmedia":[{"embeddable":true,"href":"https:\/\/animicaportraits.com\/fr\/wp-json\/wp\/v2\/media\/7636"}],"wp:attachment":[{"href":"https:\/\/animicaportraits.com\/fr\/wp-json\/wp\/v2\/media?parent=7634"}],"wp:term":[{"taxonomy":"attore","embeddable":true,"href":"https:\/\/animicaportraits.com\/fr\/wp-json\/wp\/v2\/attore?post=7634"},{"taxonomy":"product_brand","embeddable":true,"href":"https:\/\/animicaportraits.com\/fr\/wp-json\/wp\/v2\/product_brand?post=7634"},{"taxonomy":"product_cat","embeddable":true,"href":"https:\/\/animicaportraits.com\/fr\/wp-json\/wp\/v2\/product_cat?post=7634"},{"taxonomy":"product_tag","embeddable":true,"href":"https:\/\/animicaportraits.com\/fr\/wp-json\/wp\/v2\/product_tag?post=7634"},{"taxonomy":"giftcard-category","embeddable":true,"href":"https:\/\/animicaportraits.com\/fr\/wp-json\/wp\/v2\/giftcard-category?post=7634"}],"curies":[{"name":"wp","href":"https:\/\/api.w.org\/{rel}","templated":true}]}}