{"id":7757,"date":"2024-05-14T11:10:56","date_gmt":"2024-05-14T09:10:56","guid":{"rendered":"https:\/\/animicaportraits.com\/product\/federica-avec-lessence\/"},"modified":"2024-11-29T12:15:47","modified_gmt":"2024-11-29T11:15:47","slug":"federica-avec-lessence","status":"publish","type":"product","link":"https:\/\/animicaportraits.com\/fr\/produit\/federica-avec-lessence\/","title":{"rendered":"Federica avec l&rsquo;Essence"},"content":{"rendered":"","protected":false},"excerpt":{"rendered":"<p>F\u00e9d\u00e9rique<br \/>\n11 MAI 2024<br \/>\nAvant de quitter l&rsquo;\u00eele de la Giudecca \u00e0 Venise, Federica s&rsquo;est offert une exp\u00e9rience sensorielle \u00e0 l&rsquo;Animica Studio Art Gallery avec Barbara.<br \/>\nCes s\u00e9ries de portraits sont le r\u00e9sultat d&rsquo;une \u00e9coute intime amplifi\u00e9e de l&rsquo;exp\u00e9rience sensorielle avec l&rsquo;essence N7 Bliss in a Bottle de Pauline Rochas que Federica a choisi de porter.<\/p>\n<p><img fetchpriority=\"high\" decoding=\"async\" class=\"alignnone wp-image-10871 size-large\" src=\"https:\/\/animicaportraits.com\/wp-content\/uploads\/2024\/07\/animica-lux-art-postcard-portraits-rochas-bliss-n-7-giudecca.venice2-1024x905.webp\" alt=\"animica-lux-art-postcard-portraits-rochas-bliss-n-7-giudecca.venice\" width=\"1024\" height=\"905\" srcset=\"https:\/\/animicaportraits.com\/wp-content\/uploads\/2024\/07\/animica-lux-art-postcard-portraits-rochas-bliss-n-7-giudecca.venice2-1024x905.webp 1024w, https:\/\/animicaportraits.com\/wp-content\/uploads\/2024\/07\/animica-lux-art-postcard-portraits-rochas-bliss-n-7-giudecca.venice2-300x265.webp 300w, https:\/\/animicaportraits.com\/wp-content\/uploads\/2024\/07\/animica-lux-art-postcard-portraits-rochas-bliss-n-7-giudecca.venice2-600x530.webp 600w, https:\/\/animicaportraits.com\/wp-content\/uploads\/2024\/07\/animica-lux-art-postcard-portraits-rochas-bliss-n-7-giudecca.venice2-768x679.webp 768w, https:\/\/animicaportraits.com\/wp-content\/uploads\/2024\/07\/animica-lux-art-postcard-portraits-rochas-bliss-n-7-giudecca.venice2-1320x1166.webp 1320w, https:\/\/animicaportraits.com\/wp-content\/uploads\/2024\/07\/animica-lux-art-postcard-portraits-rochas-bliss-n-7-giudecca.venice2.webp 1426w\" sizes=\"(max-width: 1024px) 100vw, 1024px\" \/><\/p>\n<p><img decoding=\"async\" class=\"alignnone wp-image-9407 size-large\" src=\"https:\/\/animicaportraits.com\/wp-content\/uploads\/2024\/06\/Parfum-pauline-rochas-7-chakra-animica-art-photography-1024x319.jpg\" alt=\"Parfum-pauline-rochas-7-chakra-animica-art-photography\" width=\"1024\" height=\"319\" srcset=\"https:\/\/animicaportraits.com\/wp-content\/uploads\/2024\/06\/Parfum-pauline-rochas-7-chakra-animica-art-photography-1024x319.jpg 1024w, https:\/\/animicaportraits.com\/wp-content\/uploads\/2024\/06\/Parfum-pauline-rochas-7-chakra-animica-art-photography-300x94.jpg 300w, https:\/\/animicaportraits.com\/wp-content\/uploads\/2024\/06\/Parfum-pauline-rochas-7-chakra-animica-art-photography-600x187.jpg 600w, https:\/\/animicaportraits.com\/wp-content\/uploads\/2024\/06\/Parfum-pauline-rochas-7-chakra-animica-art-photography-768x239.jpg 768w, https:\/\/animicaportraits.com\/wp-content\/uploads\/2024\/06\/Parfum-pauline-rochas-7-chakra-animica-art-photography.jpg 1200w\" sizes=\"(max-width: 1024px) 100vw, 1024px\" \/><\/p>\n<p>Portrait d&rsquo;auteur comme essence d&rsquo;une femme cristallis\u00e9e dans l&rsquo;image d&rsquo;un moi int\u00e9rieur et profond.<\/p>\n","protected":false},"featured_media":7704,"comment_status":"open","ping_status":"closed","template":"","meta":{"_acf_changed":false},"attore":[],"product_brand":[],"product_cat":[230],"product_tag":[202,95,231],"giftcard-category":[],"class_list":{"0":"post-7757","1":"product","2":"type-product","3":"status-publish","4":"has-post-thumbnail","6":"product_cat-portraits-dexperience-multisensorielle","7":"product_tag-essence-rochas-fr","8":"product_tag-pauline-rochas-fr","9":"product_tag-portraits-dexperience-multisensorielle","11":"first","12":"instock","13":"taxable","14":"shipping-taxable","15":"product-type-simple"},"acf":[],"_links":{"self":[{"href":"https:\/\/animicaportraits.com\/fr\/wp-json\/wp\/v2\/product\/7757","targetHints":{"allow":["GET"]}}],"collection":[{"href":"https:\/\/animicaportraits.com\/fr\/wp-json\/wp\/v2\/product"}],"about":[{"href":"https:\/\/animicaportraits.com\/fr\/wp-json\/wp\/v2\/types\/product"}],"replies":[{"embeddable":true,"href":"https:\/\/animicaportraits.com\/fr\/wp-json\/wp\/v2\/comments?post=7757"}],"version-history":[{"count":3,"href":"https:\/\/animicaportraits.com\/fr\/wp-json\/wp\/v2\/product\/7757\/revisions"}],"predecessor-version":[{"id":20662,"href":"https:\/\/animicaportraits.com\/fr\/wp-json\/wp\/v2\/product\/7757\/revisions\/20662"}],"wp:featuredmedia":[{"embeddable":true,"href":"https:\/\/animicaportraits.com\/fr\/wp-json\/wp\/v2\/media\/7704"}],"wp:attachment":[{"href":"https:\/\/animicaportraits.com\/fr\/wp-json\/wp\/v2\/media?parent=7757"}],"wp:term":[{"taxonomy":"attore","embeddable":true,"href":"https:\/\/animicaportraits.com\/fr\/wp-json\/wp\/v2\/attore?post=7757"},{"taxonomy":"product_brand","embeddable":true,"href":"https:\/\/animicaportraits.com\/fr\/wp-json\/wp\/v2\/product_brand?post=7757"},{"taxonomy":"product_cat","embeddable":true,"href":"https:\/\/animicaportraits.com\/fr\/wp-json\/wp\/v2\/product_cat?post=7757"},{"taxonomy":"product_tag","embeddable":true,"href":"https:\/\/animicaportraits.com\/fr\/wp-json\/wp\/v2\/product_tag?post=7757"},{"taxonomy":"giftcard-category","embeddable":true,"href":"https:\/\/animicaportraits.com\/fr\/wp-json\/wp\/v2\/giftcard-category?post=7757"}],"curies":[{"name":"wp","href":"https:\/\/api.w.org\/{rel}","templated":true}]}}