{"id":7805,"date":"2024-05-15T10:30:07","date_gmt":"2024-05-15T08:30:07","guid":{"rendered":"https:\/\/animicaportraits.com\/product\/monica-et-alessandro\/"},"modified":"2024-05-15T10:30:07","modified_gmt":"2024-05-15T08:30:07","slug":"monica-et-alessandro","status":"publish","type":"product","link":"https:\/\/animicaportraits.com\/fr\/produit\/monica-et-alessandro\/","title":{"rendered":"Monica et Alessandro"},"content":{"rendered":"","protected":false},"excerpt":{"rendered":"<p>Monica et Alessandro sont un couple mari\u00e9 depuis deux ans qui s&rsquo;est offert une exp\u00e9rience de portrait \u00e0 l&rsquo;occasion de leur anniversaire de mariage.<br \/>\nLe caract\u00e8re unique et pr\u00e9cieux de leur amour comme force vitale se cristallise dans le portrait de l&rsquo;auteur avec Barbara.<\/p>\n","protected":false},"featured_media":7763,"comment_status":"open","ping_status":"closed","template":"","meta":{"_acf_changed":false},"attore":[],"product_brand":[],"product_cat":[68],"product_tag":[205,69],"giftcard-category":[],"class_list":{"0":"post-7805","1":"product","2":"type-product","3":"status-publish","4":"has-post-thumbnail","6":"product_cat-portraits-de-famille","7":"product_tag-anniversaire","8":"product_tag-portraits-de-famille","10":"first","11":"instock","12":"taxable","13":"shipping-taxable","14":"product-type-simple"},"acf":[],"_links":{"self":[{"href":"https:\/\/animicaportraits.com\/fr\/wp-json\/wp\/v2\/product\/7805","targetHints":{"allow":["GET"]}}],"collection":[{"href":"https:\/\/animicaportraits.com\/fr\/wp-json\/wp\/v2\/product"}],"about":[{"href":"https:\/\/animicaportraits.com\/fr\/wp-json\/wp\/v2\/types\/product"}],"replies":[{"embeddable":true,"href":"https:\/\/animicaportraits.com\/fr\/wp-json\/wp\/v2\/comments?post=7805"}],"version-history":[{"count":0,"href":"https:\/\/animicaportraits.com\/fr\/wp-json\/wp\/v2\/product\/7805\/revisions"}],"wp:featuredmedia":[{"embeddable":true,"href":"https:\/\/animicaportraits.com\/fr\/wp-json\/wp\/v2\/media\/7763"}],"wp:attachment":[{"href":"https:\/\/animicaportraits.com\/fr\/wp-json\/wp\/v2\/media?parent=7805"}],"wp:term":[{"taxonomy":"attore","embeddable":true,"href":"https:\/\/animicaportraits.com\/fr\/wp-json\/wp\/v2\/attore?post=7805"},{"taxonomy":"product_brand","embeddable":true,"href":"https:\/\/animicaportraits.com\/fr\/wp-json\/wp\/v2\/product_brand?post=7805"},{"taxonomy":"product_cat","embeddable":true,"href":"https:\/\/animicaportraits.com\/fr\/wp-json\/wp\/v2\/product_cat?post=7805"},{"taxonomy":"product_tag","embeddable":true,"href":"https:\/\/animicaportraits.com\/fr\/wp-json\/wp\/v2\/product_tag?post=7805"},{"taxonomy":"giftcard-category","embeddable":true,"href":"https:\/\/animicaportraits.com\/fr\/wp-json\/wp\/v2\/giftcard-category?post=7805"}],"curies":[{"name":"wp","href":"https:\/\/api.w.org\/{rel}","templated":true}]}}