{"id":7875,"date":"2024-02-22T09:52:01","date_gmt":"2024-02-22T08:52:01","guid":{"rendered":"https:\/\/animicaportraits.com\/product\/julianne-moore\/"},"modified":"2024-05-15T14:54:01","modified_gmt":"2024-05-15T12:54:01","slug":"julianne-moore","status":"publish","type":"product","link":"https:\/\/animicaportraits.com\/fr\/produit\/julianne-moore\/","title":{"rendered":"Julianne Moore"},"content":{"rendered":"","protected":false},"excerpt":{"rendered":"<p>JULIANNE MOORE &#8211; C\u00c9L\u00c9BRIT\u00c9S<br \/>\nJULIANNE MOORE<br \/>\nACTRICE ET \u00c9CRIVAINE<br \/>\nPr\u00e9sident du jury du 79\u00e8me Festival du Film de Venise<\/p>\n","protected":false},"featured_media":7864,"comment_status":"open","ping_status":"closed","template":"","meta":{"_acf_changed":false},"attore":[],"product_brand":[],"product_cat":[74],"product_tag":[94],"giftcard-category":[],"class_list":{"0":"post-7875","1":"product","2":"type-product","3":"status-publish","4":"has-post-thumbnail","6":"product_cat-portraits-de-celebrites","7":"product_tag-portraits-de-celebrites","9":"first","10":"instock","11":"taxable","12":"shipping-taxable","13":"product-type-simple"},"acf":[],"_links":{"self":[{"href":"https:\/\/animicaportraits.com\/fr\/wp-json\/wp\/v2\/product\/7875","targetHints":{"allow":["GET"]}}],"collection":[{"href":"https:\/\/animicaportraits.com\/fr\/wp-json\/wp\/v2\/product"}],"about":[{"href":"https:\/\/animicaportraits.com\/fr\/wp-json\/wp\/v2\/types\/product"}],"replies":[{"embeddable":true,"href":"https:\/\/animicaportraits.com\/fr\/wp-json\/wp\/v2\/comments?post=7875"}],"version-history":[{"count":1,"href":"https:\/\/animicaportraits.com\/fr\/wp-json\/wp\/v2\/product\/7875\/revisions"}],"predecessor-version":[{"id":7876,"href":"https:\/\/animicaportraits.com\/fr\/wp-json\/wp\/v2\/product\/7875\/revisions\/7876"}],"wp:featuredmedia":[{"embeddable":true,"href":"https:\/\/animicaportraits.com\/fr\/wp-json\/wp\/v2\/media\/7864"}],"wp:attachment":[{"href":"https:\/\/animicaportraits.com\/fr\/wp-json\/wp\/v2\/media?parent=7875"}],"wp:term":[{"taxonomy":"attore","embeddable":true,"href":"https:\/\/animicaportraits.com\/fr\/wp-json\/wp\/v2\/attore?post=7875"},{"taxonomy":"product_brand","embeddable":true,"href":"https:\/\/animicaportraits.com\/fr\/wp-json\/wp\/v2\/product_brand?post=7875"},{"taxonomy":"product_cat","embeddable":true,"href":"https:\/\/animicaportraits.com\/fr\/wp-json\/wp\/v2\/product_cat?post=7875"},{"taxonomy":"product_tag","embeddable":true,"href":"https:\/\/animicaportraits.com\/fr\/wp-json\/wp\/v2\/product_tag?post=7875"},{"taxonomy":"giftcard-category","embeddable":true,"href":"https:\/\/animicaportraits.com\/fr\/wp-json\/wp\/v2\/giftcard-category?post=7875"}],"curies":[{"name":"wp","href":"https:\/\/api.w.org\/{rel}","templated":true}]}}