{"id":7891,"date":"2024-02-20T20:39:47","date_gmt":"2024-02-20T19:39:47","guid":{"rendered":"https:\/\/animicaportraits.com\/product\/carla-bruni\/"},"modified":"2024-02-20T20:39:47","modified_gmt":"2024-02-20T19:39:47","slug":"carla-bruni","status":"publish","type":"product","link":"https:\/\/animicaportraits.com\/fr\/produit\/carla-bruni\/","title":{"rendered":"Carla Bruni"},"content":{"rendered":"","protected":false},"excerpt":{"rendered":"<p>\u00c0 la Mostra de Venise, Carla Bruni a fascin\u00e9 le public par sa pr\u00e9sence \u00e9l\u00e9gante, v\u00eatue d&rsquo;une robe Valentino raffin\u00e9e et montrant son charme inimitable.<\/p>\n<p>De plus, elle \u00e9tait l\u2019une des stars du Met Gala 2023, portant des bijoux Messika haut de gamme. En plus des \u00e9v\u00e9nements sociaux, Bruni a \u00e9t\u00e9 choisie comme \u00e9g\u00e9rie de la campagne automne 2023 d&rsquo;une c\u00e9l\u00e8bre marque italienne de cachemire\u200b (<a href=\"https:\/\/www.redcarpet-fashionawards.com\/2023\/09\/04\/carla-bruni-wore-valentino-to-the-golden-lion-for-lifetime-achievement-award\/\" target=\"_blank\" rel=\"noopener\">Red Carpet Fashion Awards<\/a>)\u200b\u200b (<a href=\"https:\/\/www.abouther.com\/node\/58736\/fashion\/celebrity-style\/carla-bruni-walked-2023-met-gala-red-carpet-messika-high-jewelry\" target=\"_blank\" rel=\"noopener\">About Her<\/a>)\u200b.<\/p>\n","protected":false},"featured_media":7895,"comment_status":"open","ping_status":"closed","template":"","meta":{"_acf_changed":false},"attore":[],"product_brand":[],"product_cat":[74],"product_tag":[94],"giftcard-category":[],"class_list":{"0":"post-7891","1":"product","2":"type-product","3":"status-publish","4":"has-post-thumbnail","6":"product_cat-portraits-de-celebrites","7":"product_tag-portraits-de-celebrites","9":"first","10":"instock","11":"taxable","12":"shipping-taxable","13":"product-type-simple"},"acf":[],"_links":{"self":[{"href":"https:\/\/animicaportraits.com\/fr\/wp-json\/wp\/v2\/product\/7891","targetHints":{"allow":["GET"]}}],"collection":[{"href":"https:\/\/animicaportraits.com\/fr\/wp-json\/wp\/v2\/product"}],"about":[{"href":"https:\/\/animicaportraits.com\/fr\/wp-json\/wp\/v2\/types\/product"}],"replies":[{"embeddable":true,"href":"https:\/\/animicaportraits.com\/fr\/wp-json\/wp\/v2\/comments?post=7891"}],"version-history":[{"count":0,"href":"https:\/\/animicaportraits.com\/fr\/wp-json\/wp\/v2\/product\/7891\/revisions"}],"wp:featuredmedia":[{"embeddable":true,"href":"https:\/\/animicaportraits.com\/fr\/wp-json\/wp\/v2\/media\/7895"}],"wp:attachment":[{"href":"https:\/\/animicaportraits.com\/fr\/wp-json\/wp\/v2\/media?parent=7891"}],"wp:term":[{"taxonomy":"attore","embeddable":true,"href":"https:\/\/animicaportraits.com\/fr\/wp-json\/wp\/v2\/attore?post=7891"},{"taxonomy":"product_brand","embeddable":true,"href":"https:\/\/animicaportraits.com\/fr\/wp-json\/wp\/v2\/product_brand?post=7891"},{"taxonomy":"product_cat","embeddable":true,"href":"https:\/\/animicaportraits.com\/fr\/wp-json\/wp\/v2\/product_cat?post=7891"},{"taxonomy":"product_tag","embeddable":true,"href":"https:\/\/animicaportraits.com\/fr\/wp-json\/wp\/v2\/product_tag?post=7891"},{"taxonomy":"giftcard-category","embeddable":true,"href":"https:\/\/animicaportraits.com\/fr\/wp-json\/wp\/v2\/giftcard-category?post=7891"}],"curies":[{"name":"wp","href":"https:\/\/api.w.org\/{rel}","templated":true}]}}