{"id":7903,"date":"2024-02-19T15:32:54","date_gmt":"2024-02-19T14:32:54","guid":{"rendered":"https:\/\/animicaportraits.com\/product\/kasia-smutniak\/"},"modified":"2024-02-19T15:32:54","modified_gmt":"2024-02-19T14:32:54","slug":"kasia-smutniak","status":"publish","type":"product","link":"https:\/\/animicaportraits.com\/fr\/produit\/kasia-smutniak\/","title":{"rendered":"Kasia Smutniak"},"content":{"rendered":"<p>Kasia Smutniak a r\u00e9cemment particip\u00e9 \u00e0 des projets notables devant et derri\u00e8re la cam\u00e9ra. Son \u0153uvre la plus r\u00e9cente et la plus importante est<em> le film documentaire<\/em> \u00ab <strong>Walls<\/strong> \u00bb, pr\u00e9sent\u00e9 en premi\u00e8re au Festival international du film de Toronto en 2023. Le film explore la crise frontali\u00e8re entre la Pologne et la Bi\u00e9lorussie, mettant en lumi\u00e8re les d\u00e9fis auxquels sont confront\u00e9s les r\u00e9fugi\u00e9s et examinant les th\u00e8mes plus larges de la division et de l&rsquo;humanit\u00e9 en Europe. \u200b (<a href=\"https:\/\/povmagazine.com\/kasia-smutniak-on-walls-and-refusing-to-look-the-other-way\/\" target=\"_blank\" rel=\"noopener\">POV Magazine<\/a>)\u200b\u200b (<a href=\"https:\/\/cineuropa.org\/en\/newsdetail\/447448\/\" target=\"_blank\" rel=\"noopener\">Cineuropa<\/a>)\u200b\u200b (<a href=\"https:\/\/www.cinemaclock.com\/movies\/walls-2023\" target=\"_blank\" rel=\"noopener\">Cinema Clock<\/a>)\u200b.<\/p>\n","protected":false},"excerpt":{"rendered":"<p>\u00c0 la Mostra de Venise, Kasia Smutniak a attir\u00e9 l&rsquo;attention par sa pr\u00e9sence magn\u00e9tique, partageant son engagement en faveur de la sensibilisation \u00e0 travers <em>le documentaire<\/em> \u00ab\u00a0<strong>Walls<\/strong>\u00ab\u00a0, qui aborde la crise des r\u00e9fugi\u00e9s \u00e0 la fronti\u00e8re entre la Pologne et la Bi\u00e9lorussie.<\/p>\n","protected":false},"featured_media":7908,"comment_status":"open","ping_status":"closed","template":"","meta":{"_acf_changed":false},"attore":[],"product_brand":[],"product_cat":[74],"product_tag":[94],"giftcard-category":[],"class_list":{"0":"post-7903","1":"product","2":"type-product","3":"status-publish","4":"has-post-thumbnail","6":"product_cat-portraits-de-celebrites","7":"product_tag-portraits-de-celebrites","9":"first","10":"instock","11":"taxable","12":"shipping-taxable","13":"product-type-simple"},"acf":[],"_links":{"self":[{"href":"https:\/\/animicaportraits.com\/fr\/wp-json\/wp\/v2\/product\/7903","targetHints":{"allow":["GET"]}}],"collection":[{"href":"https:\/\/animicaportraits.com\/fr\/wp-json\/wp\/v2\/product"}],"about":[{"href":"https:\/\/animicaportraits.com\/fr\/wp-json\/wp\/v2\/types\/product"}],"replies":[{"embeddable":true,"href":"https:\/\/animicaportraits.com\/fr\/wp-json\/wp\/v2\/comments?post=7903"}],"version-history":[{"count":0,"href":"https:\/\/animicaportraits.com\/fr\/wp-json\/wp\/v2\/product\/7903\/revisions"}],"wp:featuredmedia":[{"embeddable":true,"href":"https:\/\/animicaportraits.com\/fr\/wp-json\/wp\/v2\/media\/7908"}],"wp:attachment":[{"href":"https:\/\/animicaportraits.com\/fr\/wp-json\/wp\/v2\/media?parent=7903"}],"wp:term":[{"taxonomy":"attore","embeddable":true,"href":"https:\/\/animicaportraits.com\/fr\/wp-json\/wp\/v2\/attore?post=7903"},{"taxonomy":"product_brand","embeddable":true,"href":"https:\/\/animicaportraits.com\/fr\/wp-json\/wp\/v2\/product_brand?post=7903"},{"taxonomy":"product_cat","embeddable":true,"href":"https:\/\/animicaportraits.com\/fr\/wp-json\/wp\/v2\/product_cat?post=7903"},{"taxonomy":"product_tag","embeddable":true,"href":"https:\/\/animicaportraits.com\/fr\/wp-json\/wp\/v2\/product_tag?post=7903"},{"taxonomy":"giftcard-category","embeddable":true,"href":"https:\/\/animicaportraits.com\/fr\/wp-json\/wp\/v2\/giftcard-category?post=7903"}],"curies":[{"name":"wp","href":"https:\/\/api.w.org\/{rel}","templated":true}]}}