{"id":7915,"date":"2024-02-18T18:00:36","date_gmt":"2024-02-18T17:00:36","guid":{"rendered":"https:\/\/animicaportraits.com\/product\/priscilla-presley-et-sofia-coppola\/"},"modified":"2024-02-18T18:00:36","modified_gmt":"2024-02-18T17:00:36","slug":"priscilla-presley-et-sofia-coppola","status":"publish","type":"product","link":"https:\/\/animicaportraits.com\/fr\/produit\/priscilla-presley-et-sofia-coppola\/","title":{"rendered":"Priscilla Presley et Sofia Coppola"},"content":{"rendered":"<p>A la Mostra de Venise, Priscilla Presley a fait une apparition impressionnante aux c\u00f4t\u00e9s de Sofia Coppola pour la pr\u00e9sentation du biopic \u00ab\u00a0Priscilla\u00a0\u00bb. Le film, r\u00e9alis\u00e9 par Coppola, explore la vie de Priscilla Presley et sa relation complexe avec Elvis Presley. Lors de l&rsquo;\u00e9v\u00e9nement, tous deux ont attir\u00e9 l&rsquo;attention pour leur \u00e9l\u00e9gance et pour leur contribution \u00e0 la cr\u00e9ation de ce film tr\u00e8s attendu\u200b (<a href=\"https:\/\/en.wikipedia.org\/wiki\/Priscilla_(film)\" target=\"_blank\" rel=\"noopener\">Wikipedia<\/a>)\u200b\u200b (<a href=\"https:\/\/uk.news.yahoo.com\/walls-trailer-unveiled-kasia-smutniak-145709672.html\" target=\"_blank\" rel=\"noopener\">Yahoo News<\/a>)\u200b.<\/p>\n","protected":false},"excerpt":{"rendered":"<p>Priscilla Presley<br \/>\nSofia Coppola<br \/>\nR\u00e9alisateur PRISCILLA<\/p>\n<p>Mostra de Venise 80e 2023<br \/>\nTapis rouge<\/p>\n","protected":false},"featured_media":7916,"comment_status":"open","ping_status":"closed","template":"","meta":{"_acf_changed":false},"attore":[],"product_brand":[],"product_cat":[74],"product_tag":[94],"giftcard-category":[],"class_list":{"0":"post-7915","1":"product","2":"type-product","3":"status-publish","4":"has-post-thumbnail","6":"product_cat-portraits-de-celebrites","7":"product_tag-portraits-de-celebrites","9":"first","10":"instock","11":"taxable","12":"shipping-taxable","13":"product-type-simple"},"acf":[],"_links":{"self":[{"href":"https:\/\/animicaportraits.com\/fr\/wp-json\/wp\/v2\/product\/7915","targetHints":{"allow":["GET"]}}],"collection":[{"href":"https:\/\/animicaportraits.com\/fr\/wp-json\/wp\/v2\/product"}],"about":[{"href":"https:\/\/animicaportraits.com\/fr\/wp-json\/wp\/v2\/types\/product"}],"replies":[{"embeddable":true,"href":"https:\/\/animicaportraits.com\/fr\/wp-json\/wp\/v2\/comments?post=7915"}],"version-history":[{"count":0,"href":"https:\/\/animicaportraits.com\/fr\/wp-json\/wp\/v2\/product\/7915\/revisions"}],"wp:featuredmedia":[{"embeddable":true,"href":"https:\/\/animicaportraits.com\/fr\/wp-json\/wp\/v2\/media\/7916"}],"wp:attachment":[{"href":"https:\/\/animicaportraits.com\/fr\/wp-json\/wp\/v2\/media?parent=7915"}],"wp:term":[{"taxonomy":"attore","embeddable":true,"href":"https:\/\/animicaportraits.com\/fr\/wp-json\/wp\/v2\/attore?post=7915"},{"taxonomy":"product_brand","embeddable":true,"href":"https:\/\/animicaportraits.com\/fr\/wp-json\/wp\/v2\/product_brand?post=7915"},{"taxonomy":"product_cat","embeddable":true,"href":"https:\/\/animicaportraits.com\/fr\/wp-json\/wp\/v2\/product_cat?post=7915"},{"taxonomy":"product_tag","embeddable":true,"href":"https:\/\/animicaportraits.com\/fr\/wp-json\/wp\/v2\/product_tag?post=7915"},{"taxonomy":"giftcard-category","embeddable":true,"href":"https:\/\/animicaportraits.com\/fr\/wp-json\/wp\/v2\/giftcard-category?post=7915"}],"curies":[{"name":"wp","href":"https:\/\/api.w.org\/{rel}","templated":true}]}}