{"id":7923,"date":"2024-02-17T17:27:35","date_gmt":"2024-02-17T16:27:35","guid":{"rendered":"https:\/\/animicaportraits.com\/product\/mariacarla-boscono\/"},"modified":"2024-02-17T17:27:35","modified_gmt":"2024-02-17T16:27:35","slug":"mariacarla-boscono","status":"publish","type":"product","link":"https:\/\/animicaportraits.com\/fr\/produit\/mariacarla-boscono\/","title":{"rendered":"Mariacarla Boscono"},"content":{"rendered":"<p><span class=\"\" data-state=\"closed\"><span class=\"text-token-text-secondary\">Mariacarla Boscano a assist\u00e9 \u00e0 la Mostra de Venise 2023 pour pr\u00e9senter une \u00e9l\u00e9gante cr\u00e9ation de Dolce &amp; Gabbana. Sa pr\u00e9sence sur le tapis rouge a attir\u00e9 l&rsquo;attention pour sa sophistication et son style distinctif, ajoutant une touche de glamour \u00e0 l&rsquo;\u00e9v\u00e9nement (<\/span><a class=\"text-green-600 !no-underline\" href=\"https:\/\/www.redcarpet-fashionawards.com\/2023\/08\/30\/mariacarla-boscono-wore-dolce-gabbana-2023-venice-film-festival-opening-ceremony\/\" target=\"_blank\" rel=\"noopener noreferrer\">Red Carpet Fashion Awards<\/a><span class=\"text-token-text-secondary\">)<\/span><\/span>\u200b\u200b<span class=\"\" data-state=\"closed\"><span class=\"text-token-text-secondary\">\u00a0(<\/span><a class=\"text-green-600 !no-underline\" href=\"https:\/\/fashionmagazine.com\/style\/celebrity-style\/venice-film-festival-2023\/\" target=\"_blank\" rel=\"noopener noreferrer\">FASHION Magazine<\/a><span class=\"text-token-text-secondary\">)<\/span><\/span>\u200b\u200b<span class=\"\" data-state=\"closed\"><span class=\"text-token-text-secondary\">\u00a0(<\/span><a class=\"text-green-600 !no-underline\" href=\"https:\/\/harpersbazaar.com.au\/venice-film-festival-2023-fashion\/\" target=\"_blank\" rel=\"noopener noreferrer\">Harper&rsquo;s Bazaar Australia<\/a><span class=\"text-token-text-secondary\">)<\/span><\/span>\u200b.<\/p>\n","protected":false},"excerpt":{"rendered":"<p>MARIACARLA BOSCONO &#8211; C\u00c9L\u00c9BRIT\u00c9S<br \/>\nMARIACARLA BOSCONO<br \/>\nMANNEQUIN<\/p>\n<p>TAPIS ROUGE 2022<br \/>\nLOOK COUTURE JEAN-PAUL GUALTIER<\/p>\n<p>80\u00c8ME FESTIVAL DU FILM DE VENISE 2022<\/p>\n","protected":false},"featured_media":7928,"comment_status":"open","ping_status":"closed","template":"","meta":{"_acf_changed":false},"attore":[],"product_brand":[],"product_cat":[74],"product_tag":[94],"giftcard-category":[],"class_list":{"0":"post-7923","1":"product","2":"type-product","3":"status-publish","4":"has-post-thumbnail","6":"product_cat-portraits-de-celebrites","7":"product_tag-portraits-de-celebrites","9":"first","10":"instock","11":"taxable","12":"shipping-taxable","13":"product-type-simple"},"acf":[],"_links":{"self":[{"href":"https:\/\/animicaportraits.com\/fr\/wp-json\/wp\/v2\/product\/7923","targetHints":{"allow":["GET"]}}],"collection":[{"href":"https:\/\/animicaportraits.com\/fr\/wp-json\/wp\/v2\/product"}],"about":[{"href":"https:\/\/animicaportraits.com\/fr\/wp-json\/wp\/v2\/types\/product"}],"replies":[{"embeddable":true,"href":"https:\/\/animicaportraits.com\/fr\/wp-json\/wp\/v2\/comments?post=7923"}],"version-history":[{"count":0,"href":"https:\/\/animicaportraits.com\/fr\/wp-json\/wp\/v2\/product\/7923\/revisions"}],"wp:featuredmedia":[{"embeddable":true,"href":"https:\/\/animicaportraits.com\/fr\/wp-json\/wp\/v2\/media\/7928"}],"wp:attachment":[{"href":"https:\/\/animicaportraits.com\/fr\/wp-json\/wp\/v2\/media?parent=7923"}],"wp:term":[{"taxonomy":"attore","embeddable":true,"href":"https:\/\/animicaportraits.com\/fr\/wp-json\/wp\/v2\/attore?post=7923"},{"taxonomy":"product_brand","embeddable":true,"href":"https:\/\/animicaportraits.com\/fr\/wp-json\/wp\/v2\/product_brand?post=7923"},{"taxonomy":"product_cat","embeddable":true,"href":"https:\/\/animicaportraits.com\/fr\/wp-json\/wp\/v2\/product_cat?post=7923"},{"taxonomy":"product_tag","embeddable":true,"href":"https:\/\/animicaportraits.com\/fr\/wp-json\/wp\/v2\/product_tag?post=7923"},{"taxonomy":"giftcard-category","embeddable":true,"href":"https:\/\/animicaportraits.com\/fr\/wp-json\/wp\/v2\/giftcard-category?post=7923"}],"curies":[{"name":"wp","href":"https:\/\/api.w.org\/{rel}","templated":true}]}}