{"id":7931,"date":"2024-02-16T16:10:47","date_gmt":"2024-02-16T15:10:47","guid":{"rendered":"https:\/\/animicaportraits.com\/product\/georgina-rodriguez\/"},"modified":"2024-05-15T20:04:27","modified_gmt":"2024-05-15T18:04:27","slug":"georgina-rodriguez","status":"publish","type":"product","link":"https:\/\/animicaportraits.com\/fr\/produit\/georgina-rodriguez\/","title":{"rendered":"Georgina Rodriguez"},"content":{"rendered":"<p><span class=\"\" data-state=\"closed\"><span class=\"text-token-text-secondary\">Durant le Festival du Cin\u00e9ma de Venise 2023, Georgina Rodriguez a chant\u00e9 tout avec sa pr\u00e9sence sur le tapis rouge. Indossando un abito rosso firmato Vetements, la compagnie de Cristiano Ronaldo a attir\u00e9 l&rsquo;attention gr\u00e2ce \u00e0 son \u00e9l\u00e9gance et sa s\u00e9curit\u00e9. L&rsquo;habit, caract\u00e9ris\u00e9 par une jupe \u00e0 \u00e9paules d\u00e9nud\u00e9es et des d\u00e9tails en mousseline, est en haut des gants blancs et une collier de diamants, accentuant son fascino et sa f\u00e9minit\u00e9 (<\/span><a class=\"text-green-600 !no-underline\" href=\"https:\/\/www.specialarabia.com\/en\/article\/10499-Georgina-Rodriguez-Stuns-Everyone-at-the-2023-Venice-Film-Festival\" target=\"_blank\" rel=\"noopener noreferrer\">Special Arabia<\/a><span class=\"text-token-text-secondary\">)<\/span><\/span>\u200b\u200b<span class=\"\" data-state=\"closed\"><span class=\"text-token-text-secondary\"> (<\/span><a class=\"text-green-600 !no-underline\" href=\"https:\/\/en.vogue.me\/fashion\/georgina-rodriguez-strapless-red-gown-white-gloves-diamond-ruby-necklace-black-boots-vetements-elie-saab-venice-film-festival-2023\/\" target=\"_blank\" rel=\"noopener noreferrer\">Vogue Arabia<\/a><span class=\"text-token-text-secondary\">)<\/span><\/span>\u200b\u200b<span class=\"\" data-state=\"closed\"><span class=\"text-token-text-secondary\"> (<\/span><a class=\"text-green-600 !no-underline\" href=\"https:\/\/graziamagazine.com\/me\/articles\/venice-film-festival-2023-georgina-rodriguez\/\" target=\"_blank\" rel=\"noopener noreferrer\">Grazia<\/a><span class=\"text-token-text-secondary\">)<\/span><\/span>\u200b.<\/p>\n","protected":false},"excerpt":{"rendered":"<p>G\u00c9ORGINA RODRIGUEZ CR7<br \/>\nG\u00c9ORGINA RODRIGUEZ<br \/>\nFEMME CR7<\/p>\n<p>80\u00c8ME FESTIVAL DU FILM DE VENISE<br \/>\nTAPIS ROUGE<br \/>\nBALENCIAGA<\/p>\n","protected":false},"featured_media":7938,"comment_status":"open","ping_status":"closed","template":"","meta":{"_acf_changed":false},"attore":[],"product_brand":[],"product_cat":[74],"product_tag":[94],"giftcard-category":[],"class_list":{"0":"post-7931","1":"product","2":"type-product","3":"status-publish","4":"has-post-thumbnail","6":"product_cat-portraits-de-celebrites","7":"product_tag-portraits-de-celebrites","9":"first","10":"instock","11":"taxable","12":"shipping-taxable","13":"product-type-simple"},"acf":[],"_links":{"self":[{"href":"https:\/\/animicaportraits.com\/fr\/wp-json\/wp\/v2\/product\/7931","targetHints":{"allow":["GET"]}}],"collection":[{"href":"https:\/\/animicaportraits.com\/fr\/wp-json\/wp\/v2\/product"}],"about":[{"href":"https:\/\/animicaportraits.com\/fr\/wp-json\/wp\/v2\/types\/product"}],"replies":[{"embeddable":true,"href":"https:\/\/animicaportraits.com\/fr\/wp-json\/wp\/v2\/comments?post=7931"}],"version-history":[{"count":1,"href":"https:\/\/animicaportraits.com\/fr\/wp-json\/wp\/v2\/product\/7931\/revisions"}],"predecessor-version":[{"id":7939,"href":"https:\/\/animicaportraits.com\/fr\/wp-json\/wp\/v2\/product\/7931\/revisions\/7939"}],"wp:featuredmedia":[{"embeddable":true,"href":"https:\/\/animicaportraits.com\/fr\/wp-json\/wp\/v2\/media\/7938"}],"wp:attachment":[{"href":"https:\/\/animicaportraits.com\/fr\/wp-json\/wp\/v2\/media?parent=7931"}],"wp:term":[{"taxonomy":"attore","embeddable":true,"href":"https:\/\/animicaportraits.com\/fr\/wp-json\/wp\/v2\/attore?post=7931"},{"taxonomy":"product_brand","embeddable":true,"href":"https:\/\/animicaportraits.com\/fr\/wp-json\/wp\/v2\/product_brand?post=7931"},{"taxonomy":"product_cat","embeddable":true,"href":"https:\/\/animicaportraits.com\/fr\/wp-json\/wp\/v2\/product_cat?post=7931"},{"taxonomy":"product_tag","embeddable":true,"href":"https:\/\/animicaportraits.com\/fr\/wp-json\/wp\/v2\/product_tag?post=7931"},{"taxonomy":"giftcard-category","embeddable":true,"href":"https:\/\/animicaportraits.com\/fr\/wp-json\/wp\/v2\/giftcard-category?post=7931"}],"curies":[{"name":"wp","href":"https:\/\/api.w.org\/{rel}","templated":true}]}}