{"id":7943,"date":"2024-02-16T15:17:26","date_gmt":"2024-02-16T14:17:26","guid":{"rendered":"https:\/\/animicaportraits.com\/product\/hillary-clinton\/"},"modified":"2024-02-16T15:17:26","modified_gmt":"2024-02-16T14:17:26","slug":"hillary-clinton","status":"publish","type":"product","link":"https:\/\/animicaportraits.com\/fr\/produit\/hillary-clinton\/","title":{"rendered":"Hillary Clinton"},"content":{"rendered":"<p><span class=\"\" data-state=\"closed\"><span class=\"text-token-text-secondary\">Lors de la Mostra de Venise 2023, Hillary Clinton a assist\u00e9 \u00e0 des \u00e9v\u00e9nements et foul\u00e9 le tapis rouge, attirant l&rsquo;attention par sa pr\u00e9sence. Connue pour son engagement politique et social, Clinton a pris part aux c\u00e9l\u00e9brations du festival, ajoutant une touche de prestige \u00e0 l&rsquo;\u00e9v\u00e9nement par sa participation (<\/span><a class=\"text-green-600 !no-underline\" href=\"https:\/\/uk.movies.yahoo.com\/adam-driver-greta-gerwig-hillary-035159372.html\" target=\"_blank\" rel=\"noopener noreferrer\">Yahoo Movies UK<\/a><span class=\"text-token-text-secondary\">)<\/span><\/span>\u200b.<\/p>\n","protected":false},"excerpt":{"rendered":"<p>HILLARY CLINTON &#8211; C\u00c9L\u00c9BRIT\u00c9S<br \/>\nANCIEN SECR\u00c9TAIRE D&rsquo;\u00c9TAT DES \u00c9TATS-UNIS<\/p>\n<p>80\u00c8ME FESTIVAL DU FILM DE VENISE<br \/>\nTAPIS ROUGE<\/p>\n","protected":false},"featured_media":7945,"comment_status":"open","ping_status":"closed","template":"","meta":{"_acf_changed":false},"attore":[],"product_brand":[],"product_cat":[74],"product_tag":[94],"giftcard-category":[],"class_list":{"0":"post-7943","1":"product","2":"type-product","3":"status-publish","4":"has-post-thumbnail","6":"product_cat-portraits-de-celebrites","7":"product_tag-portraits-de-celebrites","9":"first","10":"instock","11":"taxable","12":"shipping-taxable","13":"product-type-simple"},"acf":[],"_links":{"self":[{"href":"https:\/\/animicaportraits.com\/fr\/wp-json\/wp\/v2\/product\/7943","targetHints":{"allow":["GET"]}}],"collection":[{"href":"https:\/\/animicaportraits.com\/fr\/wp-json\/wp\/v2\/product"}],"about":[{"href":"https:\/\/animicaportraits.com\/fr\/wp-json\/wp\/v2\/types\/product"}],"replies":[{"embeddable":true,"href":"https:\/\/animicaportraits.com\/fr\/wp-json\/wp\/v2\/comments?post=7943"}],"version-history":[{"count":0,"href":"https:\/\/animicaportraits.com\/fr\/wp-json\/wp\/v2\/product\/7943\/revisions"}],"wp:featuredmedia":[{"embeddable":true,"href":"https:\/\/animicaportraits.com\/fr\/wp-json\/wp\/v2\/media\/7945"}],"wp:attachment":[{"href":"https:\/\/animicaportraits.com\/fr\/wp-json\/wp\/v2\/media?parent=7943"}],"wp:term":[{"taxonomy":"attore","embeddable":true,"href":"https:\/\/animicaportraits.com\/fr\/wp-json\/wp\/v2\/attore?post=7943"},{"taxonomy":"product_brand","embeddable":true,"href":"https:\/\/animicaportraits.com\/fr\/wp-json\/wp\/v2\/product_brand?post=7943"},{"taxonomy":"product_cat","embeddable":true,"href":"https:\/\/animicaportraits.com\/fr\/wp-json\/wp\/v2\/product_cat?post=7943"},{"taxonomy":"product_tag","embeddable":true,"href":"https:\/\/animicaportraits.com\/fr\/wp-json\/wp\/v2\/product_tag?post=7943"},{"taxonomy":"giftcard-category","embeddable":true,"href":"https:\/\/animicaportraits.com\/fr\/wp-json\/wp\/v2\/giftcard-category?post=7943"}],"curies":[{"name":"wp","href":"https:\/\/api.w.org\/{rel}","templated":true}]}}