{"id":7963,"date":"2024-02-09T14:41:38","date_gmt":"2024-02-09T13:41:38","guid":{"rendered":"https:\/\/animicaportraits.com\/product\/loveforyou-barbara-pigazzi\/"},"modified":"2024-08-21T18:29:15","modified_gmt":"2024-08-21T16:29:15","slug":"loveforyou-barbara-pigazzi","status":"publish","type":"product","link":"https:\/\/animicaportraits.com\/fr\/produit\/loveforyou-barbara-pigazzi\/","title":{"rendered":"LoveForYou &#8211; Barbara Pigazzi"},"content":{"rendered":"<p>Le Masque au th\u00e9\u00e2tre repr\u00e9sentait la fonction sacr\u00e9e dans laquelle l&rsquo;acteur n&rsquo;\u00e9tait pas le protagoniste, mais seulement un interm\u00e9diaire, un m\u00e9dium, un instrument des Dieux.<br \/>\nJeter le Masque signifie, au th\u00e9\u00e2tre comme dans la vie, \u00eatre protagoniste, \u00eatre pr\u00e9sent \u00e0 soi, \u00e0 la Libert\u00e9.<\/p>\n<p>Le Testament spirituel de Kubrick est cach\u00e9 dans la c\u00e9l\u00e8bre sc\u00e8ne o\u00f9 les protagonistes sont les Masques, et la Sexualit\u00e9 est d\u00e9pouill\u00e9 par l&rsquo;Amour, nu et brut, une sexualit\u00e9 qui nie le Baiser, \u00e0 travers le Masque : la Tentative du Pouvoir des Forces Obscures, pour faire nous des masques, des marionnettes, pour emporter le moi et l&rsquo;Amour qui s&rsquo;exprime dans le Baiser, dans le Libre Consentement.<\/p>\n<p>Le sacrifice de la femme, qui se sacrifie \u00e0 la place du protagoniste, mue par un sentiment de gratitude, est un symbole d\u00e9j\u00e0 pr\u00e9sent dans la conception romantique, qui fait r\u00e9f\u00e9rence \u00e0 la figure de Marguerite de Faust.<\/p>\n","protected":false},"excerpt":{"rendered":"<p>Le salut est dans les femmes, ce seront les femmes qui joueront un r\u00f4le d\u00e9cisif, \u00e0 notre \u00e9poque, en faveur de la Lumi\u00e8re, o\u00f9 les forces obscures tentent de nous d\u00e9truire et de nous submerger, de nous imposer, une fois de plus, les Masques.<\/p>\n<p><strong>Barbara Pigazzi, s\u00e9rie de nouvelles \u0153uvres | Autoportrait, Performance<\/strong><\/p>\n<p>de la s\u00e9rie \u00ab\u00a0LoveForYou\u00a0\u00bb : 9 (<em>Animica Gold Collection<\/em>) &#8211; Hilton Venice &#8211; janvier 2024<\/p>\n<p><strong>Disponible:<\/strong><br \/>\nCadre lumineux ChromaLuxe brillant imprim\u00e9 en m\u00e9tal, 2 pi\u00e8ces (<em>avec certificat d&rsquo;authenticit\u00e9<\/em>)<\/p>\n","protected":false},"featured_media":7968,"comment_status":"open","ping_status":"closed","template":"","meta":{"_acf_changed":false},"attore":[],"product_brand":[],"product_cat":[81],"product_tag":[],"giftcard-category":[],"class_list":{"0":"post-7963","1":"product","2":"type-product","3":"status-publish","4":"has-post-thumbnail","6":"product_cat-autoportraits","8":"first","9":"instock","10":"taxable","11":"shipping-taxable","12":"product-type-simple"},"acf":[],"_links":{"self":[{"href":"https:\/\/animicaportraits.com\/fr\/wp-json\/wp\/v2\/product\/7963","targetHints":{"allow":["GET"]}}],"collection":[{"href":"https:\/\/animicaportraits.com\/fr\/wp-json\/wp\/v2\/product"}],"about":[{"href":"https:\/\/animicaportraits.com\/fr\/wp-json\/wp\/v2\/types\/product"}],"replies":[{"embeddable":true,"href":"https:\/\/animicaportraits.com\/fr\/wp-json\/wp\/v2\/comments?post=7963"}],"version-history":[{"count":1,"href":"https:\/\/animicaportraits.com\/fr\/wp-json\/wp\/v2\/product\/7963\/revisions"}],"predecessor-version":[{"id":12003,"href":"https:\/\/animicaportraits.com\/fr\/wp-json\/wp\/v2\/product\/7963\/revisions\/12003"}],"wp:featuredmedia":[{"embeddable":true,"href":"https:\/\/animicaportraits.com\/fr\/wp-json\/wp\/v2\/media\/7968"}],"wp:attachment":[{"href":"https:\/\/animicaportraits.com\/fr\/wp-json\/wp\/v2\/media?parent=7963"}],"wp:term":[{"taxonomy":"attore","embeddable":true,"href":"https:\/\/animicaportraits.com\/fr\/wp-json\/wp\/v2\/attore?post=7963"},{"taxonomy":"product_brand","embeddable":true,"href":"https:\/\/animicaportraits.com\/fr\/wp-json\/wp\/v2\/product_brand?post=7963"},{"taxonomy":"product_cat","embeddable":true,"href":"https:\/\/animicaportraits.com\/fr\/wp-json\/wp\/v2\/product_cat?post=7963"},{"taxonomy":"product_tag","embeddable":true,"href":"https:\/\/animicaportraits.com\/fr\/wp-json\/wp\/v2\/product_tag?post=7963"},{"taxonomy":"giftcard-category","embeddable":true,"href":"https:\/\/animicaportraits.com\/fr\/wp-json\/wp\/v2\/giftcard-category?post=7963"}],"curies":[{"name":"wp","href":"https:\/\/api.w.org\/{rel}","templated":true}]}}