{"id":8234,"date":"2024-02-03T18:41:38","date_gmt":"2024-02-03T17:41:38","guid":{"rendered":"https:\/\/animicaportraits.com\/product\/elodie\/"},"modified":"2024-02-03T18:41:38","modified_gmt":"2024-02-03T17:41:38","slug":"elodie","status":"publish","type":"product","link":"https:\/\/animicaportraits.com\/fr\/produit\/elodie\/","title":{"rendered":"Elodie"},"content":{"rendered":"","protected":false},"excerpt":{"rendered":"<p>\u00c9LODIE &#8211; C\u00c9L\u00c9BRIT\u00c9S<br \/>\nElodie, premi\u00e8re actrice du film \u00ab\u00a0TI MANGIO IL CUORE\u00a0\u00bb<br \/>\nRegia Pippo Mezzapesa<\/p>\n","protected":false},"featured_media":8240,"comment_status":"open","ping_status":"closed","template":"","meta":{"_acf_changed":false},"attore":[],"product_brand":[],"product_cat":[74],"product_tag":[],"giftcard-category":[],"class_list":{"0":"post-8234","1":"product","2":"type-product","3":"status-publish","4":"has-post-thumbnail","6":"product_cat-portraits-de-celebrites","8":"first","9":"instock","10":"taxable","11":"shipping-taxable","12":"product-type-simple"},"acf":[],"_links":{"self":[{"href":"https:\/\/animicaportraits.com\/fr\/wp-json\/wp\/v2\/product\/8234","targetHints":{"allow":["GET"]}}],"collection":[{"href":"https:\/\/animicaportraits.com\/fr\/wp-json\/wp\/v2\/product"}],"about":[{"href":"https:\/\/animicaportraits.com\/fr\/wp-json\/wp\/v2\/types\/product"}],"replies":[{"embeddable":true,"href":"https:\/\/animicaportraits.com\/fr\/wp-json\/wp\/v2\/comments?post=8234"}],"version-history":[{"count":0,"href":"https:\/\/animicaportraits.com\/fr\/wp-json\/wp\/v2\/product\/8234\/revisions"}],"wp:featuredmedia":[{"embeddable":true,"href":"https:\/\/animicaportraits.com\/fr\/wp-json\/wp\/v2\/media\/8240"}],"wp:attachment":[{"href":"https:\/\/animicaportraits.com\/fr\/wp-json\/wp\/v2\/media?parent=8234"}],"wp:term":[{"taxonomy":"attore","embeddable":true,"href":"https:\/\/animicaportraits.com\/fr\/wp-json\/wp\/v2\/attore?post=8234"},{"taxonomy":"product_brand","embeddable":true,"href":"https:\/\/animicaportraits.com\/fr\/wp-json\/wp\/v2\/product_brand?post=8234"},{"taxonomy":"product_cat","embeddable":true,"href":"https:\/\/animicaportraits.com\/fr\/wp-json\/wp\/v2\/product_cat?post=8234"},{"taxonomy":"product_tag","embeddable":true,"href":"https:\/\/animicaportraits.com\/fr\/wp-json\/wp\/v2\/product_tag?post=8234"},{"taxonomy":"giftcard-category","embeddable":true,"href":"https:\/\/animicaportraits.com\/fr\/wp-json\/wp\/v2\/giftcard-category?post=8234"}],"curies":[{"name":"wp","href":"https:\/\/api.w.org\/{rel}","templated":true}]}}