{"id":8245,"date":"2024-01-31T23:19:22","date_gmt":"2024-01-31T22:19:22","guid":{"rendered":"https:\/\/animicaportraits.com\/product\/cate-blanchett\/"},"modified":"2024-01-31T23:19:22","modified_gmt":"2024-01-31T22:19:22","slug":"cate-blanchett","status":"publish","type":"product","link":"https:\/\/animicaportraits.com\/fr\/produit\/cate-blanchett\/","title":{"rendered":"Cate Blanchett"},"content":{"rendered":"","protected":false},"excerpt":{"rendered":"<p>CATE BLANCHETT COUPE VOLPI &#8211; C\u00c9L\u00c9BRIT\u00c9S<br \/>\nCATE BLANCHETT<br \/>\nCOUPE VOLPI<br \/>\nFILM DE GOUDRON<br \/>\nDIRECTEUR TODD FIELD<\/p>\n<p>PALAIS DU CIN\u00c9MA, LE 10 SEPTEMBRE 2023<\/p>\n","protected":false},"featured_media":8246,"comment_status":"open","ping_status":"closed","template":"","meta":{"_acf_changed":false},"attore":[],"product_brand":[],"product_cat":[74],"product_tag":[],"giftcard-category":[],"class_list":{"0":"post-8245","1":"product","2":"type-product","3":"status-publish","4":"has-post-thumbnail","6":"product_cat-portraits-de-celebrites","8":"first","9":"instock","10":"taxable","11":"shipping-taxable","12":"product-type-simple"},"acf":[],"_links":{"self":[{"href":"https:\/\/animicaportraits.com\/fr\/wp-json\/wp\/v2\/product\/8245","targetHints":{"allow":["GET"]}}],"collection":[{"href":"https:\/\/animicaportraits.com\/fr\/wp-json\/wp\/v2\/product"}],"about":[{"href":"https:\/\/animicaportraits.com\/fr\/wp-json\/wp\/v2\/types\/product"}],"replies":[{"embeddable":true,"href":"https:\/\/animicaportraits.com\/fr\/wp-json\/wp\/v2\/comments?post=8245"}],"version-history":[{"count":0,"href":"https:\/\/animicaportraits.com\/fr\/wp-json\/wp\/v2\/product\/8245\/revisions"}],"wp:featuredmedia":[{"embeddable":true,"href":"https:\/\/animicaportraits.com\/fr\/wp-json\/wp\/v2\/media\/8246"}],"wp:attachment":[{"href":"https:\/\/animicaportraits.com\/fr\/wp-json\/wp\/v2\/media?parent=8245"}],"wp:term":[{"taxonomy":"attore","embeddable":true,"href":"https:\/\/animicaportraits.com\/fr\/wp-json\/wp\/v2\/attore?post=8245"},{"taxonomy":"product_brand","embeddable":true,"href":"https:\/\/animicaportraits.com\/fr\/wp-json\/wp\/v2\/product_brand?post=8245"},{"taxonomy":"product_cat","embeddable":true,"href":"https:\/\/animicaportraits.com\/fr\/wp-json\/wp\/v2\/product_cat?post=8245"},{"taxonomy":"product_tag","embeddable":true,"href":"https:\/\/animicaportraits.com\/fr\/wp-json\/wp\/v2\/product_tag?post=8245"},{"taxonomy":"giftcard-category","embeddable":true,"href":"https:\/\/animicaportraits.com\/fr\/wp-json\/wp\/v2\/giftcard-category?post=8245"}],"curies":[{"name":"wp","href":"https:\/\/api.w.org\/{rel}","templated":true}]}}