{"id":8488,"date":"2024-05-28T19:49:24","date_gmt":"2024-05-28T17:49:24","guid":{"rendered":"https:\/\/animicaportraits.com\/product\/mariage-famille-dubois\/"},"modified":"2024-05-29T14:50:12","modified_gmt":"2024-05-29T12:50:12","slug":"mariage-famille-dubois","status":"publish","type":"product","link":"https:\/\/animicaportraits.com\/fr\/produit\/mariage-famille-dubois\/","title":{"rendered":"Mariage famille Dubois"},"content":{"rendered":"","protected":false},"excerpt":{"rendered":"<p>Dominique et Christian Dubois ont c\u00e9l\u00e9br\u00e9 leur mariage le vendredi 24 mai 2024 \u00e0 Venise.<\/p>\n<p>Ils ont d\u00e9cid\u00e9 de rendre ce moment pr\u00e9cieux, unique et inoubliable avec leur merveilleuse famille, 4 filles, 6 petits-enfants et leurs maris et compagnons respectifs avec les portraits de l&rsquo;auteur r\u00e9alis\u00e9s par Barbara dans Animica Studio Art de la Giudecca, une \u00eele ch\u00e8re et aim\u00e9e du couple fran\u00e7ais. .<\/p>\n<p>Ce fut un jour tr\u00e8s sp\u00e9cial o\u00f9 une fois de plus l&rsquo;amour triomphe dans toute sa beaut\u00e9, par la puissance du portrait et pour rendre la fin magique, le souvenir des pr\u00e9cieux tirages authentifi\u00e9s alli\u00e9s aux irr\u00e9v\u00e9rencieux tirages CHROMALUXE, pour toujours.<\/p>\n","protected":false},"featured_media":8378,"comment_status":"open","ping_status":"closed","template":"","meta":{"_acf_changed":false},"attore":[],"product_brand":[],"product_cat":[68],"product_tag":[221,69],"giftcard-category":[],"class_list":{"0":"post-8488","1":"product","2":"type-product","3":"status-publish","4":"has-post-thumbnail","6":"product_cat-portraits-de-famille","7":"product_tag-mariage-a-venise","8":"product_tag-portraits-de-famille","10":"first","11":"instock","12":"taxable","13":"shipping-taxable","14":"product-type-simple"},"acf":[],"_links":{"self":[{"href":"https:\/\/animicaportraits.com\/fr\/wp-json\/wp\/v2\/product\/8488","targetHints":{"allow":["GET"]}}],"collection":[{"href":"https:\/\/animicaportraits.com\/fr\/wp-json\/wp\/v2\/product"}],"about":[{"href":"https:\/\/animicaportraits.com\/fr\/wp-json\/wp\/v2\/types\/product"}],"replies":[{"embeddable":true,"href":"https:\/\/animicaportraits.com\/fr\/wp-json\/wp\/v2\/comments?post=8488"}],"version-history":[{"count":0,"href":"https:\/\/animicaportraits.com\/fr\/wp-json\/wp\/v2\/product\/8488\/revisions"}],"wp:featuredmedia":[{"embeddable":true,"href":"https:\/\/animicaportraits.com\/fr\/wp-json\/wp\/v2\/media\/8378"}],"wp:attachment":[{"href":"https:\/\/animicaportraits.com\/fr\/wp-json\/wp\/v2\/media?parent=8488"}],"wp:term":[{"taxonomy":"attore","embeddable":true,"href":"https:\/\/animicaportraits.com\/fr\/wp-json\/wp\/v2\/attore?post=8488"},{"taxonomy":"product_brand","embeddable":true,"href":"https:\/\/animicaportraits.com\/fr\/wp-json\/wp\/v2\/product_brand?post=8488"},{"taxonomy":"product_cat","embeddable":true,"href":"https:\/\/animicaportraits.com\/fr\/wp-json\/wp\/v2\/product_cat?post=8488"},{"taxonomy":"product_tag","embeddable":true,"href":"https:\/\/animicaportraits.com\/fr\/wp-json\/wp\/v2\/product_tag?post=8488"},{"taxonomy":"giftcard-category","embeddable":true,"href":"https:\/\/animicaportraits.com\/fr\/wp-json\/wp\/v2\/giftcard-category?post=8488"}],"curies":[{"name":"wp","href":"https:\/\/api.w.org\/{rel}","templated":true}]}}