{"id":8574,"date":"2024-05-29T15:58:39","date_gmt":"2024-05-29T13:58:39","guid":{"rendered":"https:\/\/animicaportraits.com\/product\/gisella-et-ezio\/"},"modified":"2024-11-29T14:28:28","modified_gmt":"2024-11-29T13:28:28","slug":"gisella-et-ezio","status":"publish","type":"product","link":"https:\/\/animicaportraits.com\/fr\/produit\/gisella-et-ezio\/","title":{"rendered":"Gisella et Ezio"},"content":{"rendered":"","protected":false},"excerpt":{"rendered":"<p>Samedi 25 mai Ezio et Gisella<br \/>\nExp\u00e9rience photo multisensorielle avec <strong><em>Pauline Rochas essence N6.<\/em><\/strong><\/p>\n<p><a href=\"https:\/\/animicaportraits.com\/wp-content\/uploads\/2024\/05\/essence-No-6-Genie-in-a-Bottle-Box-Pauline-Rochas.jpg\"><img fetchpriority=\"high\" decoding=\"async\" class=\"alignnone wp-image-8577 size-large\" title=\"Essence No 6 Genie-in a-Bottle &amp; Box Pauline Rochas\" src=\"https:\/\/animicaportraits.com\/wp-content\/uploads\/2024\/05\/essence-No-6-Genie-in-a-Bottle-Box-Pauline-Rochas-981x1024.jpg\" alt=\"Essence No 6 Genie-in a-Bottle &amp; Box Pauline Rochas\" width=\"981\" height=\"1024\" srcset=\"https:\/\/animicaportraits.com\/wp-content\/uploads\/2024\/05\/essence-No-6-Genie-in-a-Bottle-Box-Pauline-Rochas-981x1024.jpg 981w, https:\/\/animicaportraits.com\/wp-content\/uploads\/2024\/05\/essence-No-6-Genie-in-a-Bottle-Box-Pauline-Rochas-300x313.jpg 300w, https:\/\/animicaportraits.com\/wp-content\/uploads\/2024\/05\/essence-No-6-Genie-in-a-Bottle-Box-Pauline-Rochas-600x626.jpg 600w, https:\/\/animicaportraits.com\/wp-content\/uploads\/2024\/05\/essence-No-6-Genie-in-a-Bottle-Box-Pauline-Rochas-288x300.jpg 288w, https:\/\/animicaportraits.com\/wp-content\/uploads\/2024\/05\/essence-No-6-Genie-in-a-Bottle-Box-Pauline-Rochas-768x801.jpg 768w, https:\/\/animicaportraits.com\/wp-content\/uploads\/2024\/05\/essence-No-6-Genie-in-a-Bottle-Box-Pauline-Rochas.jpg 1200w\" sizes=\"(max-width: 981px) 100vw, 981px\" \/><\/a><\/p>\n<p><img decoding=\"async\" class=\"alignnone wp-image-9406 size-large\" src=\"https:\/\/animicaportraits.com\/wp-content\/uploads\/2024\/06\/Parfum-pauline-rochas-7-chakra-animica-art-photography-1024x319.jpg\" alt=\"Parfum-pauline-rochas-7-chakra-animica-art-photography\" width=\"1024\" height=\"319\" srcset=\"https:\/\/animicaportraits.com\/wp-content\/uploads\/2024\/06\/Parfum-pauline-rochas-7-chakra-animica-art-photography-1024x319.jpg 1024w, https:\/\/animicaportraits.com\/wp-content\/uploads\/2024\/06\/Parfum-pauline-rochas-7-chakra-animica-art-photography-300x94.jpg 300w, https:\/\/animicaportraits.com\/wp-content\/uploads\/2024\/06\/Parfum-pauline-rochas-7-chakra-animica-art-photography-600x187.jpg 600w, https:\/\/animicaportraits.com\/wp-content\/uploads\/2024\/06\/Parfum-pauline-rochas-7-chakra-animica-art-photography-768x239.jpg 768w, https:\/\/animicaportraits.com\/wp-content\/uploads\/2024\/06\/Parfum-pauline-rochas-7-chakra-animica-art-photography.jpg 1200w\" sizes=\"(max-width: 1024px) 100vw, 1024px\" \/><\/p>\n<p><strong>Anniversaire de mariage<\/strong><br \/>\n32 ans ensemble, ils ont c\u00e9l\u00e9br\u00e9 leur union au Studio Animica Art Gallery, en choisissant l&rsquo;exp\u00e9rience de s\u00e9ance photo multisensorielle.<\/p>\n<p>De Monza \u00e0 la Giudecca.<\/p>\n","protected":false},"featured_media":8548,"comment_status":"open","ping_status":"closed","template":"","meta":{"_acf_changed":false},"attore":[],"product_brand":[],"product_cat":[230],"product_tag":[233,95,231,232],"giftcard-category":[],"class_list":{"0":"post-8574","1":"product","2":"type-product","3":"status-publish","4":"has-post-thumbnail","6":"product_cat-portraits-dexperience-multisensorielle","7":"product_tag-essence-fr","8":"product_tag-pauline-rochas-fr","9":"product_tag-portraits-dexperience-multisensorielle","10":"product_tag-prise-de-photos","12":"first","13":"instock","14":"taxable","15":"shipping-taxable","16":"product-type-simple"},"acf":[],"_links":{"self":[{"href":"https:\/\/animicaportraits.com\/fr\/wp-json\/wp\/v2\/product\/8574","targetHints":{"allow":["GET"]}}],"collection":[{"href":"https:\/\/animicaportraits.com\/fr\/wp-json\/wp\/v2\/product"}],"about":[{"href":"https:\/\/animicaportraits.com\/fr\/wp-json\/wp\/v2\/types\/product"}],"replies":[{"embeddable":true,"href":"https:\/\/animicaportraits.com\/fr\/wp-json\/wp\/v2\/comments?post=8574"}],"version-history":[{"count":2,"href":"https:\/\/animicaportraits.com\/fr\/wp-json\/wp\/v2\/product\/8574\/revisions"}],"predecessor-version":[{"id":20671,"href":"https:\/\/animicaportraits.com\/fr\/wp-json\/wp\/v2\/product\/8574\/revisions\/20671"}],"wp:featuredmedia":[{"embeddable":true,"href":"https:\/\/animicaportraits.com\/fr\/wp-json\/wp\/v2\/media\/8548"}],"wp:attachment":[{"href":"https:\/\/animicaportraits.com\/fr\/wp-json\/wp\/v2\/media?parent=8574"}],"wp:term":[{"taxonomy":"attore","embeddable":true,"href":"https:\/\/animicaportraits.com\/fr\/wp-json\/wp\/v2\/attore?post=8574"},{"taxonomy":"product_brand","embeddable":true,"href":"https:\/\/animicaportraits.com\/fr\/wp-json\/wp\/v2\/product_brand?post=8574"},{"taxonomy":"product_cat","embeddable":true,"href":"https:\/\/animicaportraits.com\/fr\/wp-json\/wp\/v2\/product_cat?post=8574"},{"taxonomy":"product_tag","embeddable":true,"href":"https:\/\/animicaportraits.com\/fr\/wp-json\/wp\/v2\/product_tag?post=8574"},{"taxonomy":"giftcard-category","embeddable":true,"href":"https:\/\/animicaportraits.com\/fr\/wp-json\/wp\/v2\/giftcard-category?post=8574"}],"curies":[{"name":"wp","href":"https:\/\/api.w.org\/{rel}","templated":true}]}}