{"id":9479,"date":"2024-06-11T16:06:48","date_gmt":"2024-06-11T14:06:48","guid":{"rendered":"https:\/\/animicaportraits.com\/product\/gino-et-claudia\/"},"modified":"2025-01-24T18:06:04","modified_gmt":"2025-01-24T17:06:04","slug":"gino-et-claudia","status":"publish","type":"product","link":"https:\/\/animicaportraits.com\/fr\/produit\/gino-et-claudia\/","title":{"rendered":"Gino et Claudia"},"content":{"rendered":"","protected":false},"excerpt":{"rendered":"<p>mardi 14 mai 2024 Claudia et Gino<br \/>\napr\u00e8s vid\u00e9o exp\u00e9rience multisensorielle avec <strong><em>Pauline Rochas essence N6<\/em><\/strong>,\u00a0 face \u00e0 la lagune, canal de la giudecca, ANIMICA STUDIO ART GALLERY<\/p>\n<p><a href=\"https:\/\/animicaportraits.com\/wp-content\/uploads\/2024\/05\/essence-No-6-Genie-in-a-Bottle-Box-Pauline-Rochas.jpg\"><img fetchpriority=\"high\" decoding=\"async\" class=\"alignnone wp-image-8577 size-medium\" title=\"No 6 Genie in a Bottle &amp; Box Pauline Rochas\" src=\"https:\/\/animicaportraits.com\/wp-content\/uploads\/2024\/05\/essence-No-6-Genie-in-a-Bottle-Box-Pauline-Rochas-288x300.jpg\" alt=\"Essence No 6 Genie-in a-Bottle &amp; Box Pauline Rochas\" width=\"288\" height=\"300\" srcset=\"https:\/\/animicaportraits.com\/wp-content\/uploads\/2024\/05\/essence-No-6-Genie-in-a-Bottle-Box-Pauline-Rochas-288x300.jpg 288w, https:\/\/animicaportraits.com\/wp-content\/uploads\/2024\/05\/essence-No-6-Genie-in-a-Bottle-Box-Pauline-Rochas-300x313.jpg 300w, https:\/\/animicaportraits.com\/wp-content\/uploads\/2024\/05\/essence-No-6-Genie-in-a-Bottle-Box-Pauline-Rochas-600x626.jpg 600w, https:\/\/animicaportraits.com\/wp-content\/uploads\/2024\/05\/essence-No-6-Genie-in-a-Bottle-Box-Pauline-Rochas-981x1024.jpg 981w, https:\/\/animicaportraits.com\/wp-content\/uploads\/2024\/05\/essence-No-6-Genie-in-a-Bottle-Box-Pauline-Rochas-768x801.jpg 768w, https:\/\/animicaportraits.com\/wp-content\/uploads\/2024\/05\/essence-No-6-Genie-in-a-Bottle-Box-Pauline-Rochas.jpg 1200w\" sizes=\"(max-width: 288px) 100vw, 288px\" \/><\/a><\/p>\n<p><a href=\"https:\/\/animicaportraits.com\/wp-content\/uploads\/2024\/06\/Parfum-pauline-rochas-7-chakra-animica-art-photography.jpg\"><img decoding=\"async\" class=\"alignnone wp-image-9406 size-full\" src=\"https:\/\/animicaportraits.com\/wp-content\/uploads\/2024\/06\/Parfum-pauline-rochas-7-chakra-animica-art-photography.jpg\" alt=\"\" width=\"1200\" height=\"374\" srcset=\"https:\/\/animicaportraits.com\/wp-content\/uploads\/2024\/06\/Parfum-pauline-rochas-7-chakra-animica-art-photography.jpg 1200w, https:\/\/animicaportraits.com\/wp-content\/uploads\/2024\/06\/Parfum-pauline-rochas-7-chakra-animica-art-photography-300x94.jpg 300w, https:\/\/animicaportraits.com\/wp-content\/uploads\/2024\/06\/Parfum-pauline-rochas-7-chakra-animica-art-photography-600x187.jpg 600w, https:\/\/animicaportraits.com\/wp-content\/uploads\/2024\/06\/Parfum-pauline-rochas-7-chakra-animica-art-photography-1024x319.jpg 1024w, https:\/\/animicaportraits.com\/wp-content\/uploads\/2024\/06\/Parfum-pauline-rochas-7-chakra-animica-art-photography-768x239.jpg 768w\" sizes=\"(max-width: 1200px) 100vw, 1200px\" \/><\/a><\/p>\n<p>&nbsp;<\/p>\n","protected":false},"featured_media":22183,"comment_status":"open","ping_status":"closed","template":"","meta":{"_acf_changed":false},"attore":[],"product_brand":[],"product_cat":[230],"product_tag":[233,202,95,231],"giftcard-category":[],"class_list":{"0":"post-9479","1":"product","2":"type-product","3":"status-publish","4":"has-post-thumbnail","6":"product_cat-portraits-dexperience-multisensorielle","7":"product_tag-essence-fr","8":"product_tag-essence-rochas-fr","9":"product_tag-pauline-rochas-fr","10":"product_tag-portraits-dexperience-multisensorielle","12":"first","13":"instock","14":"taxable","15":"shipping-taxable","16":"product-type-simple"},"acf":[],"_links":{"self":[{"href":"https:\/\/animicaportraits.com\/fr\/wp-json\/wp\/v2\/product\/9479","targetHints":{"allow":["GET"]}}],"collection":[{"href":"https:\/\/animicaportraits.com\/fr\/wp-json\/wp\/v2\/product"}],"about":[{"href":"https:\/\/animicaportraits.com\/fr\/wp-json\/wp\/v2\/types\/product"}],"replies":[{"embeddable":true,"href":"https:\/\/animicaportraits.com\/fr\/wp-json\/wp\/v2\/comments?post=9479"}],"version-history":[{"count":1,"href":"https:\/\/animicaportraits.com\/fr\/wp-json\/wp\/v2\/product\/9479\/revisions"}],"predecessor-version":[{"id":9480,"href":"https:\/\/animicaportraits.com\/fr\/wp-json\/wp\/v2\/product\/9479\/revisions\/9480"}],"wp:featuredmedia":[{"embeddable":true,"href":"https:\/\/animicaportraits.com\/fr\/wp-json\/wp\/v2\/media\/22183"}],"wp:attachment":[{"href":"https:\/\/animicaportraits.com\/fr\/wp-json\/wp\/v2\/media?parent=9479"}],"wp:term":[{"taxonomy":"attore","embeddable":true,"href":"https:\/\/animicaportraits.com\/fr\/wp-json\/wp\/v2\/attore?post=9479"},{"taxonomy":"product_brand","embeddable":true,"href":"https:\/\/animicaportraits.com\/fr\/wp-json\/wp\/v2\/product_brand?post=9479"},{"taxonomy":"product_cat","embeddable":true,"href":"https:\/\/animicaportraits.com\/fr\/wp-json\/wp\/v2\/product_cat?post=9479"},{"taxonomy":"product_tag","embeddable":true,"href":"https:\/\/animicaportraits.com\/fr\/wp-json\/wp\/v2\/product_tag?post=9479"},{"taxonomy":"giftcard-category","embeddable":true,"href":"https:\/\/animicaportraits.com\/fr\/wp-json\/wp\/v2\/giftcard-category?post=9479"}],"curies":[{"name":"wp","href":"https:\/\/api.w.org\/{rel}","templated":true}]}}