{"id":9505,"date":"2024-01-31T09:24:47","date_gmt":"2024-01-31T08:24:47","guid":{"rendered":"https:\/\/animicaportraits.com\/product\/woody-allen\/"},"modified":"2024-06-13T10:01:03","modified_gmt":"2024-06-13T08:01:03","slug":"woody-allen","status":"publish","type":"product","link":"https:\/\/animicaportraits.com\/fr\/produit\/woody-allen\/","title":{"rendered":"Woody Allen"},"content":{"rendered":"<p>Lors de la Mostra de Venise 2023, Woody Allen a foul\u00e9 le tapis rouge en affichant son charisme inimitable. Allen a lanc\u00e9 son dernier film, \u00ab Coup de Chance \u00bb, une com\u00e9die dramatique romantique en fran\u00e7ais qui explore la complexit\u00e9 des relations et le r\u00f4le du hasard dans nos vies. Ce film, qui marque sa cinquanti\u00e8me \u0153uvre, a \u00e9t\u00e9 chaleureusement accueilli et a encore consolid\u00e9 sa r\u00e9putation sur la sc\u00e8ne cin\u00e9matographique internationale\u200b <a href=\"https:\/\/www.youtube.com\/watch?v=Ohcoh0KRvxg#:~:text=URL%3A%20https%3A%2F%2Fwww,100\" target=\"_blank\" rel=\"noopener\">(YouTube)\u200b\u200b<\/a> <a href=\"https:\/\/www.cinemablend.com\/movies\/coup-de-chance-the-trailer-cast-details\" target=\"_blank\" rel=\"noopener\">(CINEMABLEND)\u200b.<\/a><\/p>\n<p><iframe title=\"Official Trailer - Coup De Chance - Woody Allen Movie\" width=\"800\" height=\"450\" src=\"https:\/\/www.youtube.com\/embed\/Ohcoh0KRvxg?feature=oembed\" frameborder=\"0\" allow=\"accelerometer; autoplay; clipboard-write; encrypted-media; gyroscope; picture-in-picture; web-share\" referrerpolicy=\"strict-origin-when-cross-origin\" allowfullscreen><\/iframe><\/p>\n","protected":false},"excerpt":{"rendered":"<p>WOODY ALLEN &#8211; C\u00c9L\u00c9BRIT\u00c9S<br \/>\nWOODY ALLEN<br \/>\n\u00a0\u00bb COUP DE CHANCE \u00a0\u00bb<br \/>\n80\u00e8me FESTIVAL DU FILM DE VENISE<br \/>\nPortrait d&rsquo;une contestation f\u00e9ministe<br \/>\n4 septembre 2023<\/p>\n","protected":false},"featured_media":9506,"comment_status":"open","ping_status":"closed","template":"","meta":{"_acf_changed":false},"attore":[],"product_brand":[],"product_cat":[74],"product_tag":[94],"giftcard-category":[],"class_list":{"0":"post-9505","1":"product","2":"type-product","3":"status-publish","4":"has-post-thumbnail","6":"product_cat-portraits-de-celebrites","7":"product_tag-portraits-de-celebrites","9":"first","10":"instock","11":"taxable","12":"shipping-taxable","13":"product-type-simple"},"acf":[],"_links":{"self":[{"href":"https:\/\/animicaportraits.com\/fr\/wp-json\/wp\/v2\/product\/9505","targetHints":{"allow":["GET"]}}],"collection":[{"href":"https:\/\/animicaportraits.com\/fr\/wp-json\/wp\/v2\/product"}],"about":[{"href":"https:\/\/animicaportraits.com\/fr\/wp-json\/wp\/v2\/types\/product"}],"replies":[{"embeddable":true,"href":"https:\/\/animicaportraits.com\/fr\/wp-json\/wp\/v2\/comments?post=9505"}],"version-history":[{"count":1,"href":"https:\/\/animicaportraits.com\/fr\/wp-json\/wp\/v2\/product\/9505\/revisions"}],"predecessor-version":[{"id":9530,"href":"https:\/\/animicaportraits.com\/fr\/wp-json\/wp\/v2\/product\/9505\/revisions\/9530"}],"wp:featuredmedia":[{"embeddable":true,"href":"https:\/\/animicaportraits.com\/fr\/wp-json\/wp\/v2\/media\/9506"}],"wp:attachment":[{"href":"https:\/\/animicaportraits.com\/fr\/wp-json\/wp\/v2\/media?parent=9505"}],"wp:term":[{"taxonomy":"attore","embeddable":true,"href":"https:\/\/animicaportraits.com\/fr\/wp-json\/wp\/v2\/attore?post=9505"},{"taxonomy":"product_brand","embeddable":true,"href":"https:\/\/animicaportraits.com\/fr\/wp-json\/wp\/v2\/product_brand?post=9505"},{"taxonomy":"product_cat","embeddable":true,"href":"https:\/\/animicaportraits.com\/fr\/wp-json\/wp\/v2\/product_cat?post=9505"},{"taxonomy":"product_tag","embeddable":true,"href":"https:\/\/animicaportraits.com\/fr\/wp-json\/wp\/v2\/product_tag?post=9505"},{"taxonomy":"giftcard-category","embeddable":true,"href":"https:\/\/animicaportraits.com\/fr\/wp-json\/wp\/v2\/giftcard-category?post=9505"}],"curies":[{"name":"wp","href":"https:\/\/api.w.org\/{rel}","templated":true}]}}