{"id":9534,"date":"2024-01-30T16:12:45","date_gmt":"2024-01-30T15:12:45","guid":{"rendered":"https:\/\/animicaportraits.com\/product\/raoul-bova\/"},"modified":"2024-01-30T16:12:45","modified_gmt":"2024-01-30T15:12:45","slug":"raoul-bova","status":"publish","type":"product","link":"https:\/\/animicaportraits.com\/fr\/produit\/raoul-bova\/","title":{"rendered":"Raoul Bova"},"content":{"rendered":"<p>Lors de la Mostra de Venise 2023, Raoul Bova a enchant\u00e9 le public par son charme irr\u00e9sistible en foulant le tapis rouge. R\u00e9cemment, Bova a particip\u00e9 \u00e0 la s\u00e9rie t\u00e9l\u00e9vis\u00e9e \u00ab\u00a0Don Matteo\u00a0\u00bb et a jou\u00e9 dans le film \u00ab\u00a0Still Fabulous\u00a0\u00bb (2024), une com\u00e9die romantique r\u00e9alis\u00e9e par Michela Andreozzi qui explore les aventures romantiques d&rsquo;une jeune femme \u00e0 la recherche d&rsquo;un changement dans sa vie \u00a0<a href=\"https:\/\/www.filmaffinity.com\/us\/film101464.html\" target=\"_blank\" rel=\"noopener\">(FilmAffinity)<\/a>\u200b .<\/p>\n","protected":false},"excerpt":{"rendered":"<p>RAOUL BOVA &#8211; C\u00c9L\u00c9BRIT\u00c9S<br \/>\nVENISE80<br \/>\nANN\u00c9E 2023<\/p>\n","protected":false},"featured_media":9535,"comment_status":"open","ping_status":"closed","template":"","meta":{"_acf_changed":false},"attore":[],"product_brand":[],"product_cat":[74],"product_tag":[94],"giftcard-category":[],"class_list":{"0":"post-9534","1":"product","2":"type-product","3":"status-publish","4":"has-post-thumbnail","6":"product_cat-portraits-de-celebrites","7":"product_tag-portraits-de-celebrites","9":"first","10":"instock","11":"taxable","12":"shipping-taxable","13":"product-type-simple"},"acf":[],"_links":{"self":[{"href":"https:\/\/animicaportraits.com\/fr\/wp-json\/wp\/v2\/product\/9534","targetHints":{"allow":["GET"]}}],"collection":[{"href":"https:\/\/animicaportraits.com\/fr\/wp-json\/wp\/v2\/product"}],"about":[{"href":"https:\/\/animicaportraits.com\/fr\/wp-json\/wp\/v2\/types\/product"}],"replies":[{"embeddable":true,"href":"https:\/\/animicaportraits.com\/fr\/wp-json\/wp\/v2\/comments?post=9534"}],"version-history":[{"count":0,"href":"https:\/\/animicaportraits.com\/fr\/wp-json\/wp\/v2\/product\/9534\/revisions"}],"wp:featuredmedia":[{"embeddable":true,"href":"https:\/\/animicaportraits.com\/fr\/wp-json\/wp\/v2\/media\/9535"}],"wp:attachment":[{"href":"https:\/\/animicaportraits.com\/fr\/wp-json\/wp\/v2\/media?parent=9534"}],"wp:term":[{"taxonomy":"attore","embeddable":true,"href":"https:\/\/animicaportraits.com\/fr\/wp-json\/wp\/v2\/attore?post=9534"},{"taxonomy":"product_brand","embeddable":true,"href":"https:\/\/animicaportraits.com\/fr\/wp-json\/wp\/v2\/product_brand?post=9534"},{"taxonomy":"product_cat","embeddable":true,"href":"https:\/\/animicaportraits.com\/fr\/wp-json\/wp\/v2\/product_cat?post=9534"},{"taxonomy":"product_tag","embeddable":true,"href":"https:\/\/animicaportraits.com\/fr\/wp-json\/wp\/v2\/product_tag?post=9534"},{"taxonomy":"giftcard-category","embeddable":true,"href":"https:\/\/animicaportraits.com\/fr\/wp-json\/wp\/v2\/giftcard-category?post=9534"}],"curies":[{"name":"wp","href":"https:\/\/api.w.org\/{rel}","templated":true}]}}