{"id":9549,"date":"2024-01-30T15:01:15","date_gmt":"2024-01-30T14:01:15","guid":{"rendered":"https:\/\/animicaportraits.com\/product\/pablo-larrain\/"},"modified":"2024-06-13T11:08:15","modified_gmt":"2024-06-13T09:08:15","slug":"pablo-larrain","status":"publish","type":"product","link":"https:\/\/animicaportraits.com\/fr\/produit\/pablo-larrain\/","title":{"rendered":"Pablo Larrain"},"content":{"rendered":"<p>Pablo Larra\u00edn, le c\u00e9l\u00e8bre r\u00e9alisateur chilien, a r\u00e9cemment particip\u00e9 \u00e0 la Mostra de Venise 2023, en pr\u00e9sentant son film \u00ab\u00a0El Conde\u00a0\u00bb, une sombre satire qui imagine le dictateur chilien Augusto Pinochet comme un vampire. Cette approche narrative unique m\u00eale commentaire politique et \u00e9l\u00e9ments surnaturels, mettant en valeur le style cin\u00e9matographique distinctif de Larra\u00edn. De plus, Larra\u00edn travaille sur \u00ab\u00a0Maria\u00a0\u00bb, un drame biographique sur la l\u00e9gendaire chanteuse d&rsquo;op\u00e9ra Maria Callas, avec Angelina Jolie. Ce film est tr\u00e8s attendu et devrait explorer les derni\u00e8res ann\u00e9es de Callas dans les ann\u00e9es 1970\u200b\u200b<span class=\"\" data-state=\"closed\"><span class=\"text-token-text-secondary\"> (<\/span><a class=\"text-green-600 !no-underline\" href=\"https:\/\/theplaylist.net\/venice-2024-joker-folie-a-deux-pablo-larrains-maria-more-likely-to-premiere-in-competition-at-festival-20240530\/\" target=\"_blank\" rel=\"noopener noreferrer\">The Playlist<\/a><span class=\"text-token-text-secondary\">)<\/span><\/span>\u200b\u200b<span class=\"\" data-state=\"closed\"><span class=\"text-token-text-secondary\"> (<\/span><a class=\"text-green-600 !no-underline\" href=\"https:\/\/en.wikipedia.org\/wiki\/Maria_(upcoming_film)\" target=\"_blank\" rel=\"noopener noreferrer\">Wikipedia<\/a><span class=\"text-token-text-secondary\">)<\/span><\/span>\u200b\u200b<span class=\"\" data-state=\"closed\"><span class=\"text-token-text-secondary\"> (<\/span><a class=\"text-green-600 !no-underline\" href=\"https:\/\/www.youtube.com\/watch?v=viOPiMBJgd0#:~:text=URL%3A%20https%3A%2F%2Fwww,100\" target=\"_blank\" rel=\"noopener noreferrer\">YouTube<\/a><span class=\"text-token-text-secondary\">)<\/span><\/span>\u200b.<\/p>\n","protected":false},"excerpt":{"rendered":"<p>PABLO LARRAIN &#8211; C\u00c9L\u00c9BRIT\u00c9S<br \/>\nDirecteur<br \/>\n\u00ab\u00a0EL CONDE\u00a0\u00bb, Venise 80 2023<br \/>\nr\u00e9compenser les meilleures sc\u00e8nes<\/p>\n<p>Pablo Larra\u00edn, le r\u00e9alisateur visionnaire, a foul\u00e9 le tapis rouge de la Mostra de Venise 2023, sa pr\u00e9sence magn\u00e9tique refl\u00e9tant la profondeur et la cr\u00e9ativit\u00e9 de ses derni\u00e8res \u0153uvres.<\/p>\n","protected":false},"featured_media":9553,"comment_status":"open","ping_status":"closed","template":"","meta":{"_acf_changed":false},"attore":[],"product_brand":[],"product_cat":[74],"product_tag":[94],"giftcard-category":[],"class_list":{"0":"post-9549","1":"product","2":"type-product","3":"status-publish","4":"has-post-thumbnail","6":"product_cat-portraits-de-celebrites","7":"product_tag-portraits-de-celebrites","9":"first","10":"instock","11":"taxable","12":"shipping-taxable","13":"product-type-simple"},"acf":[],"_links":{"self":[{"href":"https:\/\/animicaportraits.com\/fr\/wp-json\/wp\/v2\/product\/9549","targetHints":{"allow":["GET"]}}],"collection":[{"href":"https:\/\/animicaportraits.com\/fr\/wp-json\/wp\/v2\/product"}],"about":[{"href":"https:\/\/animicaportraits.com\/fr\/wp-json\/wp\/v2\/types\/product"}],"replies":[{"embeddable":true,"href":"https:\/\/animicaportraits.com\/fr\/wp-json\/wp\/v2\/comments?post=9549"}],"version-history":[{"count":1,"href":"https:\/\/animicaportraits.com\/fr\/wp-json\/wp\/v2\/product\/9549\/revisions"}],"predecessor-version":[{"id":9554,"href":"https:\/\/animicaportraits.com\/fr\/wp-json\/wp\/v2\/product\/9549\/revisions\/9554"}],"wp:featuredmedia":[{"embeddable":true,"href":"https:\/\/animicaportraits.com\/fr\/wp-json\/wp\/v2\/media\/9553"}],"wp:attachment":[{"href":"https:\/\/animicaportraits.com\/fr\/wp-json\/wp\/v2\/media?parent=9549"}],"wp:term":[{"taxonomy":"attore","embeddable":true,"href":"https:\/\/animicaportraits.com\/fr\/wp-json\/wp\/v2\/attore?post=9549"},{"taxonomy":"product_brand","embeddable":true,"href":"https:\/\/animicaportraits.com\/fr\/wp-json\/wp\/v2\/product_brand?post=9549"},{"taxonomy":"product_cat","embeddable":true,"href":"https:\/\/animicaportraits.com\/fr\/wp-json\/wp\/v2\/product_cat?post=9549"},{"taxonomy":"product_tag","embeddable":true,"href":"https:\/\/animicaportraits.com\/fr\/wp-json\/wp\/v2\/product_tag?post=9549"},{"taxonomy":"giftcard-category","embeddable":true,"href":"https:\/\/animicaportraits.com\/fr\/wp-json\/wp\/v2\/giftcard-category?post=9549"}],"curies":[{"name":"wp","href":"https:\/\/api.w.org\/{rel}","templated":true}]}}