{"id":9560,"date":"2024-01-30T14:48:47","date_gmt":"2024-01-30T13:48:47","guid":{"rendered":"https:\/\/animicaportraits.com\/product\/matteo-garrone\/"},"modified":"2024-01-30T14:48:47","modified_gmt":"2024-01-30T13:48:47","slug":"matteo-garrone","status":"publish","type":"product","link":"https:\/\/animicaportraits.com\/fr\/produit\/matteo-garrone\/","title":{"rendered":"Matteo Garrone"},"content":{"rendered":"<p>Le r\u00e9alisateur Matteo Garrone a enchant\u00e9 le public de la Mostra de Venise 2023 avec son charisme de star, en projetant sur le tapis rouge son dernier film acclam\u00e9 \u00ab\u00a0Dogman\u00a0\u00bb, un drame psychologique intense qui a confirm\u00e9 son talent pour raconter des histoires fortes et d&rsquo;envergure internationale. Garrone, avec son style visuel distinctif et sa ma\u00eetrise de la direction d&rsquo;acteurs, a d\u00e9montr\u00e9 une fois de plus pourquoi il est consid\u00e9r\u00e9 comme l&rsquo;un des r\u00e9alisateurs italiens les plus importants et les plus influents de sa g\u00e9n\u00e9ration.<\/p>\n<p>Matteo Garrone a connu une ann\u00e9e 2023 tr\u00e8s prolifique. Outre \u00ab\u00a0Dogman\u00a0\u00bb, prim\u00e9 \u00e0 la Mostra de Venise, il a \u00e9galement r\u00e9alis\u00e9 un \u00e9pisode de la s\u00e9rie d&rsquo;anthologie \u00ab\u00a0Esterno Notte\u00a0\u00bb pour la RAI, dans lequel il explore une fois de plus les th\u00e8mes du crime et de la moralit\u00e9 de mani\u00e8re \u00e9vocatrice et r\u00e9fl\u00e9chie. Garrone continue d&rsquo;\u00e9tonner le public et les critiques avec son point de vue unique et sa capacit\u00e9 \u00e0 raconter des histoires puissantes qui laissent des traces.<\/p>\n","protected":false},"excerpt":{"rendered":"<p>MATTEO GARRONE &#8211; C\u00c9L\u00c9BRIT\u00c9S<br \/>\nR\u00e9alisateur, Lion d&rsquo;Or \u00e0 Venise 80, avec le film \u00ab\u00a0IO CAPITANO\u00a0\u00bb<br \/>\nSEYDOU SARR<br \/>\nprotagoniste<\/p>\n","protected":false},"featured_media":9561,"comment_status":"open","ping_status":"closed","template":"","meta":{"_acf_changed":false},"attore":[],"product_brand":[],"product_cat":[74],"product_tag":[94],"giftcard-category":[],"class_list":{"0":"post-9560","1":"product","2":"type-product","3":"status-publish","4":"has-post-thumbnail","6":"product_cat-portraits-de-celebrites","7":"product_tag-portraits-de-celebrites","9":"first","10":"instock","11":"taxable","12":"shipping-taxable","13":"product-type-simple"},"acf":[],"_links":{"self":[{"href":"https:\/\/animicaportraits.com\/fr\/wp-json\/wp\/v2\/product\/9560","targetHints":{"allow":["GET"]}}],"collection":[{"href":"https:\/\/animicaportraits.com\/fr\/wp-json\/wp\/v2\/product"}],"about":[{"href":"https:\/\/animicaportraits.com\/fr\/wp-json\/wp\/v2\/types\/product"}],"replies":[{"embeddable":true,"href":"https:\/\/animicaportraits.com\/fr\/wp-json\/wp\/v2\/comments?post=9560"}],"version-history":[{"count":0,"href":"https:\/\/animicaportraits.com\/fr\/wp-json\/wp\/v2\/product\/9560\/revisions"}],"wp:featuredmedia":[{"embeddable":true,"href":"https:\/\/animicaportraits.com\/fr\/wp-json\/wp\/v2\/media\/9561"}],"wp:attachment":[{"href":"https:\/\/animicaportraits.com\/fr\/wp-json\/wp\/v2\/media?parent=9560"}],"wp:term":[{"taxonomy":"attore","embeddable":true,"href":"https:\/\/animicaportraits.com\/fr\/wp-json\/wp\/v2\/attore?post=9560"},{"taxonomy":"product_brand","embeddable":true,"href":"https:\/\/animicaportraits.com\/fr\/wp-json\/wp\/v2\/product_brand?post=9560"},{"taxonomy":"product_cat","embeddable":true,"href":"https:\/\/animicaportraits.com\/fr\/wp-json\/wp\/v2\/product_cat?post=9560"},{"taxonomy":"product_tag","embeddable":true,"href":"https:\/\/animicaportraits.com\/fr\/wp-json\/wp\/v2\/product_tag?post=9560"},{"taxonomy":"giftcard-category","embeddable":true,"href":"https:\/\/animicaportraits.com\/fr\/wp-json\/wp\/v2\/giftcard-category?post=9560"}],"curies":[{"name":"wp","href":"https:\/\/api.w.org\/{rel}","templated":true}]}}