{"id":9567,"date":"2024-01-30T14:36:52","date_gmt":"2024-01-30T13:36:52","guid":{"rendered":"https:\/\/animicaportraits.com\/product\/yorgos-lanthimos\/"},"modified":"2024-01-30T14:36:52","modified_gmt":"2024-01-30T13:36:52","slug":"yorgos-lanthimos","status":"publish","type":"product","link":"https:\/\/animicaportraits.com\/fr\/produit\/yorgos-lanthimos\/","title":{"rendered":"Yorgos Lanthimos"},"content":{"rendered":"<p>Le r\u00e9alisateur Yorgos Lanthimos a enchant\u00e9 le public de la Biennale de Venise 2023 avec son charisme inimitable d&rsquo;auteur culte, d\u00e9filant sur le tapis rouge du Festival avec son nouveau film tr\u00e8s attendu \u00ab\u00a0Le Favoris\u00a0\u00bb, un conte historique audacieux et provocateur qui confirme son talent dans explorer la dynamique du pouvoir et la psychologie humaine d\u2019une mani\u00e8re originale et visionnaire.<\/p>\n<p>Yorgos Lanthimos a certainement \u00e9t\u00e9 l&rsquo;une des figures marquantes de la Mostra de Venise 2023. Outre \u00ab\u00a0La Favorita\u00a0\u00bb, son dernier film pr\u00e9sent\u00e9 en avant-premi\u00e8re au Festival, le r\u00e9alisateur grec a \u00e9galement r\u00e9alis\u00e9 un \u00e9pisode de la s\u00e9rie d&rsquo;anthologie \u00ab\u00a0Esterno Notte\u00a0\u00bb, produite. par la RAI, dans lequel il d\u00e9montre encore une fois son style unique et sa capacit\u00e9 \u00e0 cr\u00e9er des atmosph\u00e8res inqui\u00e9tantes et hypnotiques.<\/p>\n<p>Lanthimos est connu pour ses films au ton grotesque et inqui\u00e9tant, qui plongent profond\u00e9ment dans l&rsquo;\u00e2me humaine, mettant en lumi\u00e8re ses contradictions et ses pulsions les plus sombres. Des titres tels que \u00ab\u00a0Le Homard\u00a0\u00bb, \u00ab\u00a0La Meurtre d&rsquo;un cerf sacr\u00e9\u00a0\u00bb et \u00ab\u00a0Le Favoris\u00a0\u00bb ont \u00e9tabli sa r\u00e9putation de cin\u00e9aste innovant et visionnaire au niveau international. Venise 2023 a repr\u00e9sent\u00e9 une autre \u00e9tape importante dans la carri\u00e8re de cet auteur \u00e9clectique \u00e0 la forte personnalit\u00e9.<\/p>\n","protected":false},"excerpt":{"rendered":"<p>YORGOS LANTHIMOS<br \/>\nR\u00e9alisateur et producteur<br \/>\nFilm Les pauvres choses<br \/>\n80\u00e8me Mostra de Venise 2023<\/p>\n","protected":false},"featured_media":9568,"comment_status":"open","ping_status":"closed","template":"","meta":{"_acf_changed":false},"attore":[],"product_brand":[],"product_cat":[74],"product_tag":[94],"giftcard-category":[],"class_list":{"0":"post-9567","1":"product","2":"type-product","3":"status-publish","4":"has-post-thumbnail","6":"product_cat-portraits-de-celebrites","7":"product_tag-portraits-de-celebrites","9":"first","10":"instock","11":"taxable","12":"shipping-taxable","13":"product-type-simple"},"acf":[],"_links":{"self":[{"href":"https:\/\/animicaportraits.com\/fr\/wp-json\/wp\/v2\/product\/9567","targetHints":{"allow":["GET"]}}],"collection":[{"href":"https:\/\/animicaportraits.com\/fr\/wp-json\/wp\/v2\/product"}],"about":[{"href":"https:\/\/animicaportraits.com\/fr\/wp-json\/wp\/v2\/types\/product"}],"replies":[{"embeddable":true,"href":"https:\/\/animicaportraits.com\/fr\/wp-json\/wp\/v2\/comments?post=9567"}],"version-history":[{"count":0,"href":"https:\/\/animicaportraits.com\/fr\/wp-json\/wp\/v2\/product\/9567\/revisions"}],"wp:featuredmedia":[{"embeddable":true,"href":"https:\/\/animicaportraits.com\/fr\/wp-json\/wp\/v2\/media\/9568"}],"wp:attachment":[{"href":"https:\/\/animicaportraits.com\/fr\/wp-json\/wp\/v2\/media?parent=9567"}],"wp:term":[{"taxonomy":"attore","embeddable":true,"href":"https:\/\/animicaportraits.com\/fr\/wp-json\/wp\/v2\/attore?post=9567"},{"taxonomy":"product_brand","embeddable":true,"href":"https:\/\/animicaportraits.com\/fr\/wp-json\/wp\/v2\/product_brand?post=9567"},{"taxonomy":"product_cat","embeddable":true,"href":"https:\/\/animicaportraits.com\/fr\/wp-json\/wp\/v2\/product_cat?post=9567"},{"taxonomy":"product_tag","embeddable":true,"href":"https:\/\/animicaportraits.com\/fr\/wp-json\/wp\/v2\/product_tag?post=9567"},{"taxonomy":"giftcard-category","embeddable":true,"href":"https:\/\/animicaportraits.com\/fr\/wp-json\/wp\/v2\/giftcard-category?post=9567"}],"curies":[{"name":"wp","href":"https:\/\/api.w.org\/{rel}","templated":true}]}}