{"id":9574,"date":"2024-01-30T14:33:12","date_gmt":"2024-01-30T13:33:12","guid":{"rendered":"https:\/\/animicaportraits.com\/product\/florence-pugh\/"},"modified":"2024-01-30T14:33:12","modified_gmt":"2024-01-30T13:33:12","slug":"florence-pugh","status":"publish","type":"product","link":"https:\/\/animicaportraits.com\/fr\/produit\/florence-pugh\/","title":{"rendered":"Florence Pugh"},"content":{"rendered":"<p>La charmante actrice Florence Pugh a enchant\u00e9 le public de la Biennale de Venise 2023 par son charisme magn\u00e9tique, d\u00e9filant majestueusement sur le tapis rouge du Festival pour pr\u00e9senter son dernier film acclam\u00e9, \u00ab\u00a0Oppenheimer\u00a0\u00bb de Christopher Nolan, dans lequel elle tient un r\u00f4le cl\u00e9 dans des films complexes. histoire du p\u00e8re de la bombe atomique.<\/p>\n<p>En plus de \u00ab\u00a0Oppenheimer\u00a0\u00bb, le film de Nolan dont la premi\u00e8re a eu lieu \u00e0 Venise en 2023, Florence Pugh a connu une ann\u00e9e 2023 pleine de succ\u00e8s et de reconnaissance. L&rsquo;actrice anglaise a en effet \u00e9galement jou\u00e9 dans la s\u00e9rie t\u00e9l\u00e9vis\u00e9e \u00ab\u00a0Shrinking\u00a0\u00bb sur AppleTV+, dans laquelle elle donne vie \u00e0 un personnage intrigant \u00e0 l&rsquo;\u00e2me tourment\u00e9e.<\/p>\n<p>Pugh s&rsquo;est impos\u00e9e comme l&rsquo;une des jeunes stars les plus talentueuses et les plus polyvalentes de la sc\u00e8ne cin\u00e9matographique internationale. Apr\u00e8s des performances acclam\u00e9es dans des films tels que \u00ab\u00a0Little Women\u00a0\u00bb, \u00ab\u00a0Midsommar\u00a0\u00bb et \u00ab\u00a0Black Widow\u00a0\u00bb, sa pr\u00e9sence \u00e0 la Mostra de Venise 2023 a encore confirm\u00e9 son charisme extraordinaire et son statut de favorite du public.<\/p>\n","protected":false},"excerpt":{"rendered":"<p>C\u00c9L\u00c9BRIT\u00c9S &#8211; FLORENCE PUGH<\/p>\n<p>Florence avec grand-m\u00e8re sur le tapis rouge 2022<br \/>\n79\u00e8me Festival du Film de Venise<\/p>\n","protected":false},"featured_media":9579,"comment_status":"open","ping_status":"closed","template":"","meta":{"_acf_changed":false},"attore":[],"product_brand":[],"product_cat":[74],"product_tag":[94],"giftcard-category":[],"class_list":{"0":"post-9574","1":"product","2":"type-product","3":"status-publish","4":"has-post-thumbnail","6":"product_cat-portraits-de-celebrites","7":"product_tag-portraits-de-celebrites","9":"first","10":"instock","11":"taxable","12":"shipping-taxable","13":"product-type-simple"},"acf":[],"_links":{"self":[{"href":"https:\/\/animicaportraits.com\/fr\/wp-json\/wp\/v2\/product\/9574","targetHints":{"allow":["GET"]}}],"collection":[{"href":"https:\/\/animicaportraits.com\/fr\/wp-json\/wp\/v2\/product"}],"about":[{"href":"https:\/\/animicaportraits.com\/fr\/wp-json\/wp\/v2\/types\/product"}],"replies":[{"embeddable":true,"href":"https:\/\/animicaportraits.com\/fr\/wp-json\/wp\/v2\/comments?post=9574"}],"version-history":[{"count":0,"href":"https:\/\/animicaportraits.com\/fr\/wp-json\/wp\/v2\/product\/9574\/revisions"}],"wp:featuredmedia":[{"embeddable":true,"href":"https:\/\/animicaportraits.com\/fr\/wp-json\/wp\/v2\/media\/9579"}],"wp:attachment":[{"href":"https:\/\/animicaportraits.com\/fr\/wp-json\/wp\/v2\/media?parent=9574"}],"wp:term":[{"taxonomy":"attore","embeddable":true,"href":"https:\/\/animicaportraits.com\/fr\/wp-json\/wp\/v2\/attore?post=9574"},{"taxonomy":"product_brand","embeddable":true,"href":"https:\/\/animicaportraits.com\/fr\/wp-json\/wp\/v2\/product_brand?post=9574"},{"taxonomy":"product_cat","embeddable":true,"href":"https:\/\/animicaportraits.com\/fr\/wp-json\/wp\/v2\/product_cat?post=9574"},{"taxonomy":"product_tag","embeddable":true,"href":"https:\/\/animicaportraits.com\/fr\/wp-json\/wp\/v2\/product_tag?post=9574"},{"taxonomy":"giftcard-category","embeddable":true,"href":"https:\/\/animicaportraits.com\/fr\/wp-json\/wp\/v2\/giftcard-category?post=9574"}],"curies":[{"name":"wp","href":"https:\/\/api.w.org\/{rel}","templated":true}]}}