{"id":9582,"date":"2024-01-30T11:09:34","date_gmt":"2024-01-30T10:09:34","guid":{"rendered":"https:\/\/animicaportraits.com\/product\/timothee-chalamet\/"},"modified":"2024-01-30T11:09:34","modified_gmt":"2024-01-30T10:09:34","slug":"timothee-chalamet","status":"publish","type":"product","link":"https:\/\/animicaportraits.com\/fr\/produit\/timothee-chalamet\/","title":{"rendered":"Timoth\u00e9e Chalamet"},"content":{"rendered":"<p>Le jeune et talentueux acteur Timoth\u00e9e Chalamet a vol\u00e9 la vedette sur le tapis rouge de la Biennale de Venise 2023, enchantant le public par son charisme et son style incomparables, tout en pr\u00e9sentant son nouveau film tr\u00e8s attendu \u00ab\u00a0Dune : Part 2\u00a0\u00bb, suite du film prim\u00e9. blockbuster de science-fiction.<\/p>\n<p>En plus de \u00ab\u00a0Dune : Partie 2\u00a0\u00bb, pr\u00e9sent\u00e9 en avant-premi\u00e8re au Festival du Film de Venise, Chalamet a \u00e9galement jou\u00e9 dans le dernier film du r\u00e9alisateur Luca Guadagnino, \u00ab\u00a0Challengers\u00a0\u00bb, un drame romantique original qui a \u00e9t\u00e9 acclam\u00e9 par la critique au Salon.<\/p>\n<p>Chalamet s&rsquo;est impos\u00e9 ces derni\u00e8res ann\u00e9es comme l&rsquo;une des jeunes stars les plus acclam\u00e9es d&rsquo;Hollywood, gr\u00e2ce \u00e0 ses performances puissantes dans des films tels que \u00ab\u00a0Call Me by Your Name\u00a0\u00bb, \u00ab\u00a0Little Women\u00a0\u00bb et \u00ab\u00a0The King\u00a0\u00bb. Sa pr\u00e9sence \u00e0 la Biennale de Venise 2023 a encore confirm\u00e9 son talent extraordinaire et son charme magn\u00e9tique qui l&rsquo;ont consacr\u00e9 comme l&rsquo;un des acteurs les plus aim\u00e9s de sa g\u00e9n\u00e9ration.<\/p>\n","protected":false},"excerpt":{"rendered":"<p>Timoth\u00e9e Chalamet C\u00c9L\u00c9BRIT\u00c9S<br \/>\nFESTIVAL DU FILM DE VENISE<br \/>\n79E &#8211; 2022<\/p>\n<p>ACTEUR<br \/>\nfilm BONES AND ALL (2022), WONKA (2023), DUNE &#8211; DEUXI\u00c8ME PARTIE (2024)<\/p>\n","protected":false},"featured_media":9583,"comment_status":"open","ping_status":"closed","template":"","meta":{"_acf_changed":false},"attore":[],"product_brand":[],"product_cat":[74],"product_tag":[94],"giftcard-category":[],"class_list":{"0":"post-9582","1":"product","2":"type-product","3":"status-publish","4":"has-post-thumbnail","6":"product_cat-portraits-de-celebrites","7":"product_tag-portraits-de-celebrites","9":"first","10":"instock","11":"taxable","12":"shipping-taxable","13":"product-type-simple"},"acf":[],"_links":{"self":[{"href":"https:\/\/animicaportraits.com\/fr\/wp-json\/wp\/v2\/product\/9582","targetHints":{"allow":["GET"]}}],"collection":[{"href":"https:\/\/animicaportraits.com\/fr\/wp-json\/wp\/v2\/product"}],"about":[{"href":"https:\/\/animicaportraits.com\/fr\/wp-json\/wp\/v2\/types\/product"}],"replies":[{"embeddable":true,"href":"https:\/\/animicaportraits.com\/fr\/wp-json\/wp\/v2\/comments?post=9582"}],"version-history":[{"count":0,"href":"https:\/\/animicaportraits.com\/fr\/wp-json\/wp\/v2\/product\/9582\/revisions"}],"wp:featuredmedia":[{"embeddable":true,"href":"https:\/\/animicaportraits.com\/fr\/wp-json\/wp\/v2\/media\/9583"}],"wp:attachment":[{"href":"https:\/\/animicaportraits.com\/fr\/wp-json\/wp\/v2\/media?parent=9582"}],"wp:term":[{"taxonomy":"attore","embeddable":true,"href":"https:\/\/animicaportraits.com\/fr\/wp-json\/wp\/v2\/attore?post=9582"},{"taxonomy":"product_brand","embeddable":true,"href":"https:\/\/animicaportraits.com\/fr\/wp-json\/wp\/v2\/product_brand?post=9582"},{"taxonomy":"product_cat","embeddable":true,"href":"https:\/\/animicaportraits.com\/fr\/wp-json\/wp\/v2\/product_cat?post=9582"},{"taxonomy":"product_tag","embeddable":true,"href":"https:\/\/animicaportraits.com\/fr\/wp-json\/wp\/v2\/product_tag?post=9582"},{"taxonomy":"giftcard-category","embeddable":true,"href":"https:\/\/animicaportraits.com\/fr\/wp-json\/wp\/v2\/giftcard-category?post=9582"}],"curies":[{"name":"wp","href":"https:\/\/api.w.org\/{rel}","templated":true}]}}