{"id":9596,"date":"2024-01-30T11:05:56","date_gmt":"2024-01-30T10:05:56","guid":{"rendered":"https:\/\/animicaportraits.com\/product\/taylor-russel\/"},"modified":"2025-09-01T17:03:55","modified_gmt":"2025-09-01T15:03:55","slug":"taylor-russel","status":"publish","type":"product","link":"https:\/\/animicaportraits.com\/fr\/produit\/taylor-russel\/","title":{"rendered":"Taylor Russel"},"content":{"rendered":"<p>La talentueuse actrice Taylor Russell a enchant\u00e9 le public de la Biennale de Venise 2023 par son charisme magn\u00e9tique, d\u00e9filant avec \u00e9l\u00e9gance sur le tapis rouge du Festival pour pr\u00e9senter son extraordinaire tour de force interpr\u00e9tatif dans le film \u00ab\u00a0Bones and All\u00a0\u00bb de Luca Guadagnino.<\/p>\n<p>Outre \u00ab\u00a0Bones and All\u00a0\u00bb, r\u00e9compens\u00e9 du Lion d&rsquo;argent du meilleur r\u00e9alisateur \u00e0 Venise 2023, Taylor Russell a \u00e9galement r\u00e9cemment jou\u00e9 dans le thriller Apple TV+ \u00ab\u00a0Shining Girls\u00a0\u00bb, dans lequel elle a donn\u00e9 vie \u00e0 un personnage complexe et aux multiples facettes.<\/p>\n<p>L&rsquo;actrice canadienne s&rsquo;est rapidement impos\u00e9e comme l&rsquo;une des jeunes stars les plus int\u00e9ressantes et prometteuses de la sc\u00e8ne cin\u00e9matographique internationale. Apr\u00e8s le succ\u00e8s de films tels que \u00ab\u00a0Waves\u00a0\u00bb et \u00ab\u00a0Escape Room\u00a0\u00bb, sa pr\u00e9sence \u00e0 la Mostra de Venise 2023 a encore consolid\u00e9 son statut de favori du public gr\u00e2ce \u00e0 son \u00e9l\u00e9gance inn\u00e9e et son charisme magn\u00e9tique.<\/p>\n","protected":false},"excerpt":{"rendered":"<p>Taylor Russel<br \/>\nFESTIVAL DU FILM DE VENISE<br \/>\n79E &#8211; 2022<\/p>\n<p>ACTRICE<\/p>\n","protected":false},"featured_media":9601,"comment_status":"open","ping_status":"closed","template":"","meta":{"_acf_changed":false},"attore":[],"product_brand":[],"product_cat":[74],"product_tag":[94],"giftcard-category":[],"class_list":{"0":"post-9596","1":"product","2":"type-product","3":"status-publish","4":"has-post-thumbnail","6":"product_cat-portraits-de-celebrites","7":"product_tag-portraits-de-celebrites","9":"first","10":"instock","11":"taxable","12":"shipping-taxable","13":"product-type-simple"},"acf":[],"_links":{"self":[{"href":"https:\/\/animicaportraits.com\/fr\/wp-json\/wp\/v2\/product\/9596","targetHints":{"allow":["GET"]}}],"collection":[{"href":"https:\/\/animicaportraits.com\/fr\/wp-json\/wp\/v2\/product"}],"about":[{"href":"https:\/\/animicaportraits.com\/fr\/wp-json\/wp\/v2\/types\/product"}],"replies":[{"embeddable":true,"href":"https:\/\/animicaportraits.com\/fr\/wp-json\/wp\/v2\/comments?post=9596"}],"version-history":[{"count":1,"href":"https:\/\/animicaportraits.com\/fr\/wp-json\/wp\/v2\/product\/9596\/revisions"}],"predecessor-version":[{"id":9602,"href":"https:\/\/animicaportraits.com\/fr\/wp-json\/wp\/v2\/product\/9596\/revisions\/9602"}],"wp:featuredmedia":[{"embeddable":true,"href":"https:\/\/animicaportraits.com\/fr\/wp-json\/wp\/v2\/media\/9601"}],"wp:attachment":[{"href":"https:\/\/animicaportraits.com\/fr\/wp-json\/wp\/v2\/media?parent=9596"}],"wp:term":[{"taxonomy":"attore","embeddable":true,"href":"https:\/\/animicaportraits.com\/fr\/wp-json\/wp\/v2\/attore?post=9596"},{"taxonomy":"product_brand","embeddable":true,"href":"https:\/\/animicaportraits.com\/fr\/wp-json\/wp\/v2\/product_brand?post=9596"},{"taxonomy":"product_cat","embeddable":true,"href":"https:\/\/animicaportraits.com\/fr\/wp-json\/wp\/v2\/product_cat?post=9596"},{"taxonomy":"product_tag","embeddable":true,"href":"https:\/\/animicaportraits.com\/fr\/wp-json\/wp\/v2\/product_tag?post=9596"},{"taxonomy":"giftcard-category","embeddable":true,"href":"https:\/\/animicaportraits.com\/fr\/wp-json\/wp\/v2\/giftcard-category?post=9596"}],"curies":[{"name":"wp","href":"https:\/\/api.w.org\/{rel}","templated":true}]}}