{"id":9606,"date":"2024-01-30T10:09:17","date_gmt":"2024-01-30T09:09:17","guid":{"rendered":"https:\/\/animicaportraits.com\/product\/rocio-munoz-morales\/"},"modified":"2024-01-30T10:09:17","modified_gmt":"2024-01-30T09:09:17","slug":"rocio-munoz-morales","status":"publish","type":"product","link":"https:\/\/animicaportraits.com\/fr\/produit\/rocio-munoz-morales\/","title":{"rendered":"Roc\u00edo Mu\u00f1oz Morales"},"content":{"rendered":"<p>La splendide actrice et mannequin espagnole Roc\u00edo Mu\u00f1oz Morales a enchant\u00e9 le public de la Biennale de Venise 2023 avec son charisme magn\u00e9tique, d\u00e9filant avec \u00e9l\u00e9gance sur le tapis rouge du Festival pour pr\u00e9senter son nouveau film \u00ab\u00a0Le chat et la lune\u00a0\u00bb, une com\u00e9die romantique r\u00e9alis\u00e9e par l&rsquo;Italien. r\u00e9alisateur Riccardo Milani.<\/p>\n<p>En plus du film \u00ab\u00a0Le chat et la lune\u00a0\u00bb, pr\u00e9sent\u00e9 en avant-premi\u00e8re \u00e0 Venise 2023, Roc\u00edo Mu\u00f1oz Morales a \u00e9galement r\u00e9cemment jou\u00e9 dans la s\u00e9rie t\u00e9l\u00e9vis\u00e9e \u00ab\u00a0Vis a Vis: El Oasis\u00a0\u00bb, une suite du drame carc\u00e9ral espagnol populaire, dans laquelle elle joue un r\u00f4le cl\u00e9.<\/p>\n<p>L&rsquo;actrice madril\u00e8ne, en plus de sa carri\u00e8re au cin\u00e9ma et \u00e0 la t\u00e9l\u00e9vision, s&rsquo;est \u00e9galement impos\u00e9e comme l&rsquo;une des ic\u00f4nes de la mode les plus reconnues au niveau international, gr\u00e2ce \u00e0 son style \u00e9l\u00e9gant et son charme magn\u00e9tique qui ont fait d&rsquo;elle une v\u00e9ritable c\u00e9l\u00e9brit\u00e9 en Espagne et en Europe. Sa pr\u00e9sence \u00e0 la Mostra de Venise 2023 a encore confirm\u00e9 son statut de star \u00e9mergente de la sc\u00e8ne artistique.<\/p>\n","protected":false},"excerpt":{"rendered":"<p>ROCIO MUNOZ MORALES &#8211; C\u00c9L\u00c9BRIT\u00c9S<br \/>\nFESTIVAL DU FILM MARRAINE 79 ED<\/p>\n<p>ACTRICE, MOD\u00c8LE<\/p>\n","protected":false},"featured_media":9607,"comment_status":"open","ping_status":"closed","template":"","meta":{"_acf_changed":false},"attore":[],"product_brand":[],"product_cat":[74],"product_tag":[94],"giftcard-category":[],"class_list":{"0":"post-9606","1":"product","2":"type-product","3":"status-publish","4":"has-post-thumbnail","6":"product_cat-portraits-de-celebrites","7":"product_tag-portraits-de-celebrites","9":"first","10":"instock","11":"taxable","12":"shipping-taxable","13":"product-type-simple"},"acf":[],"_links":{"self":[{"href":"https:\/\/animicaportraits.com\/fr\/wp-json\/wp\/v2\/product\/9606","targetHints":{"allow":["GET"]}}],"collection":[{"href":"https:\/\/animicaportraits.com\/fr\/wp-json\/wp\/v2\/product"}],"about":[{"href":"https:\/\/animicaportraits.com\/fr\/wp-json\/wp\/v2\/types\/product"}],"replies":[{"embeddable":true,"href":"https:\/\/animicaportraits.com\/fr\/wp-json\/wp\/v2\/comments?post=9606"}],"version-history":[{"count":0,"href":"https:\/\/animicaportraits.com\/fr\/wp-json\/wp\/v2\/product\/9606\/revisions"}],"wp:featuredmedia":[{"embeddable":true,"href":"https:\/\/animicaportraits.com\/fr\/wp-json\/wp\/v2\/media\/9607"}],"wp:attachment":[{"href":"https:\/\/animicaportraits.com\/fr\/wp-json\/wp\/v2\/media?parent=9606"}],"wp:term":[{"taxonomy":"attore","embeddable":true,"href":"https:\/\/animicaportraits.com\/fr\/wp-json\/wp\/v2\/attore?post=9606"},{"taxonomy":"product_brand","embeddable":true,"href":"https:\/\/animicaportraits.com\/fr\/wp-json\/wp\/v2\/product_brand?post=9606"},{"taxonomy":"product_cat","embeddable":true,"href":"https:\/\/animicaportraits.com\/fr\/wp-json\/wp\/v2\/product_cat?post=9606"},{"taxonomy":"product_tag","embeddable":true,"href":"https:\/\/animicaportraits.com\/fr\/wp-json\/wp\/v2\/product_tag?post=9606"},{"taxonomy":"giftcard-category","embeddable":true,"href":"https:\/\/animicaportraits.com\/fr\/wp-json\/wp\/v2\/giftcard-category?post=9606"}],"curies":[{"name":"wp","href":"https:\/\/api.w.org\/{rel}","templated":true}]}}