{"id":9640,"date":"2024-01-25T18:05:20","date_gmt":"2024-01-25T17:05:20","guid":{"rendered":"https:\/\/animicaportraits.com\/product\/jacob-elordi\/"},"modified":"2024-01-25T18:05:20","modified_gmt":"2024-01-25T17:05:20","slug":"jacob-elordi","status":"publish","type":"product","link":"https:\/\/animicaportraits.com\/fr\/produit\/jacob-elordi\/","title":{"rendered":"Jacob Elordi"},"content":{"rendered":"<p>Le charmant acteur Jacob Elordi a enchant\u00e9 le public de la Biennale de Venise 2023 par sa pr\u00e9sence \u00e9l\u00e9gante et charismatique sur le tapis rouge, attirant tous les regards lors de la pr\u00e9sentation de son dernier film \u00ab\u00a0Saltburn\u00a0\u00bb, un thriller psychologique r\u00e9alis\u00e9 par Emerald Fennell.<\/p>\n<p>Apr\u00e8s le succ\u00e8s obtenu gr\u00e2ce \u00e0 son interpr\u00e9tation dans la s\u00e9rie ph\u00e9nom\u00e8ne \u00ab\u00a0Euphoria\u00a0\u00bb, Jacob Elordi a une nouvelle fois d\u00e9montr\u00e9 son extraordinaire talent d&rsquo;acteur dans le film \u00ab\u00a0Saltburn\u00a0\u00bb, pr\u00e9sent\u00e9 en premi\u00e8re mondiale \u00e0 la Mostra de Venise 2023. Son r\u00f4le a particuli\u00e8rement impressionn\u00e9 les critiques. , qui a lou\u00e9 sa capacit\u00e9 \u00e0 donner vie \u00e0 un personnage complexe et multiforme.<\/p>\n<p>Outre le film \u00ab\u00a0Saltburn\u00a0\u00bb, Jacob Elordi a \u00e9galement travaill\u00e9 r\u00e9cemment sur plusieurs autres projets, dont le film d&rsquo;action \u00ab\u00a0Deep Water\u00a0\u00bb d&rsquo;Adrian Lyne, dans lequel il a jou\u00e9 aux c\u00f4t\u00e9s de Ben Affleck et Ana de Armas. Sa participation \u00e0 la Biennale de Venise 2023 a encore consolid\u00e9 sa r\u00e9putation de jeune acteur dot\u00e9 d&rsquo;un grand talent et d&rsquo;un grand charisme, destin\u00e9 \u00e0 devenir l&rsquo;une des principales stars du cin\u00e9ma contemporain.<\/p>\n","protected":false},"excerpt":{"rendered":"<p>JACOB ELORDI<br \/>\nActeur<\/p>\n<p>Elvis dans le film Priscilla, \u00e9crit et r\u00e9alis\u00e9 par Sofia Coppola<\/p>\n<p>80e Mostra de Venise, 2023<br \/>\nTapis rouge<\/p>\n","protected":false},"featured_media":9641,"comment_status":"open","ping_status":"closed","template":"","meta":{"_acf_changed":false},"attore":[],"product_brand":[],"product_cat":[74],"product_tag":[94],"giftcard-category":[],"class_list":{"0":"post-9640","1":"product","2":"type-product","3":"status-publish","4":"has-post-thumbnail","6":"product_cat-portraits-de-celebrites","7":"product_tag-portraits-de-celebrites","9":"first","10":"instock","11":"taxable","12":"shipping-taxable","13":"product-type-simple"},"acf":[],"_links":{"self":[{"href":"https:\/\/animicaportraits.com\/fr\/wp-json\/wp\/v2\/product\/9640","targetHints":{"allow":["GET"]}}],"collection":[{"href":"https:\/\/animicaportraits.com\/fr\/wp-json\/wp\/v2\/product"}],"about":[{"href":"https:\/\/animicaportraits.com\/fr\/wp-json\/wp\/v2\/types\/product"}],"replies":[{"embeddable":true,"href":"https:\/\/animicaportraits.com\/fr\/wp-json\/wp\/v2\/comments?post=9640"}],"version-history":[{"count":0,"href":"https:\/\/animicaportraits.com\/fr\/wp-json\/wp\/v2\/product\/9640\/revisions"}],"wp:featuredmedia":[{"embeddable":true,"href":"https:\/\/animicaportraits.com\/fr\/wp-json\/wp\/v2\/media\/9641"}],"wp:attachment":[{"href":"https:\/\/animicaportraits.com\/fr\/wp-json\/wp\/v2\/media?parent=9640"}],"wp:term":[{"taxonomy":"attore","embeddable":true,"href":"https:\/\/animicaportraits.com\/fr\/wp-json\/wp\/v2\/attore?post=9640"},{"taxonomy":"product_brand","embeddable":true,"href":"https:\/\/animicaportraits.com\/fr\/wp-json\/wp\/v2\/product_brand?post=9640"},{"taxonomy":"product_cat","embeddable":true,"href":"https:\/\/animicaportraits.com\/fr\/wp-json\/wp\/v2\/product_cat?post=9640"},{"taxonomy":"product_tag","embeddable":true,"href":"https:\/\/animicaportraits.com\/fr\/wp-json\/wp\/v2\/product_tag?post=9640"},{"taxonomy":"giftcard-category","embeddable":true,"href":"https:\/\/animicaportraits.com\/fr\/wp-json\/wp\/v2\/giftcard-category?post=9640"}],"curies":[{"name":"wp","href":"https:\/\/api.w.org\/{rel}","templated":true}]}}